{"id":55001,"date":"2022-12-20T13:30:48","date_gmt":"2022-12-20T13:30:48","guid":{"rendered":"https:\/\/ft.proditech.in\/data-privacy\/"},"modified":"2023-02-17T12:53:30","modified_gmt":"2023-02-17T12:53:30","slug":"data-privacy","status":"publish","type":"page","link":"https:\/\/farmable.tech\/de\/data-privacy\/","title":{"rendered":"Live &#8211; Data Privacy"},"content":{"rendered":"\t\t<div data-elementor-type=\"wp-page\" data-elementor-id=\"55001\" class=\"elementor elementor-55001 elementor-46421\" data-elementor-post-type=\"page\">\n\t\t\t\t\t\t<section class=\"has_ae_slider elementor-section elementor-top-section elementor-element elementor-element-5d0b138 elementor-section-boxed elementor-section-height-default elementor-section-height-default ae-bg-gallery-type-default\" data-id=\"5d0b138\" data-element_type=\"section\" data-e-type=\"section\">\n\t\t\t\t\t\t<div class=\"elementor-container elementor-column-gap-default\">\n\t\t\t\t\t<div class=\"has_ae_slider elementor-column elementor-col-100 elementor-top-column elementor-element elementor-element-1c7925a ae-bg-gallery-type-default\" data-id=\"1c7925a\" data-element_type=\"column\" data-e-type=\"column\">\n\t\t\t<div class=\"elementor-widget-wrap elementor-element-populated\">\n\t\t\t\t\t\t<div class=\"elementor-element elementor-element-bcb1463 elementor-widget elementor-widget-heading\" data-id=\"bcb1463\" data-element_type=\"widget\" data-e-type=\"widget\" data-settings=\"{&quot;ekit_we_effect_on&quot;:&quot;none&quot;}\" data-widget_type=\"heading.default\">\n\t\t\t\t<div class=\"elementor-widget-container\">\n\t\t\t\t\t<h2 class=\"elementor-heading-title elementor-size-default\">Datenschutz<\/h2>\t\t\t\t<\/div>\n\t\t\t\t<\/div>\n\t\t\t\t<div class=\"elementor-element elementor-element-27cf615 elementor-widget-divider--view-line elementor-widget elementor-widget-divider\" data-id=\"27cf615\" data-element_type=\"widget\" data-e-type=\"widget\" data-settings=\"{&quot;ekit_we_effect_on&quot;:&quot;none&quot;}\" data-widget_type=\"divider.default\">\n\t\t\t\t<div class=\"elementor-widget-container\">\n\t\t\t\t\t\t\t<div class=\"elementor-divider\">\n\t\t\t<span class=\"elementor-divider-separator\">\n\t\t\t\t\t\t<\/span>\n\t\t<\/div>\n\t\t\t\t\t\t<\/div>\n\t\t\t\t<\/div>\n\t\t\t\t\t<\/div>\n\t\t<\/div>\n\t\t\t\t\t<\/div>\n\t\t<\/section>\n\t\t\t\t<section class=\"has_ae_slider elementor-section elementor-top-section elementor-element elementor-element-392bf37 elementor-section-boxed elementor-section-height-default elementor-section-height-default ae-bg-gallery-type-default\" data-id=\"392bf37\" data-element_type=\"section\" data-e-type=\"section\">\n\t\t\t\t\t\t<div class=\"elementor-container elementor-column-gap-default\">\n\t\t\t\t\t<div class=\"has_ae_slider elementor-column elementor-col-100 elementor-top-column elementor-element elementor-element-198d3e2 ae-bg-gallery-type-default\" data-id=\"198d3e2\" data-element_type=\"column\" data-e-type=\"column\">\n\t\t\t<div class=\"elementor-widget-wrap elementor-element-populated\">\n\t\t\t\t\t\t<div class=\"elementor-element elementor-element-3399e8a elementor-widget elementor-widget-html\" data-id=\"3399e8a\" data-element_type=\"widget\" data-e-type=\"widget\" data-settings=\"{&quot;ekit_we_effect_on&quot;:&quot;none&quot;}\" data-widget_type=\"html.default\">\n\t\t\t\t<div class=\"elementor-widget-container\">\n\t\t\t\t\t<p>Wir wissen wie wichtig Datenschutz ist und behandeln deine Daten mit \u00e4u\u00dferster Vertraulichkeit und Integrit\u00e4t. Wir glauben, dass deine Daten allein deine Angelegenheit sind.<\/p>\n\n        <p>Wir wissen, wie wichtig es ist, die sichere Aufbewahrung und Handhabung aller personenbezogenen und betrieblichen Daten zu gew\u00e4hrleisten \u2013 und genau das kannst du auf der Farmable-Plattform sicher tun. <\/p>\n\n       \n\n        <h4>Wie gehen wir mit deinen Daten um?<\/h4>\n        <p>Wir befolgen die Datenschutzgrundverordnung der Europ\u00e4ischen Union (\u201eDSGVO\u201c). Du kannst deinen landwirtschaftlichen Betrieb auf Farmable sicher verwalten und hast jederzeit das Recht, auf deine Daten zuzugreifen, sie zu bearbeiten und zu l\u00f6schen \u2013 ganz wie du willst. Alle von dir auf der Farmable-Plattform zur Verf\u00fcgung gestellten Daten bleiben privat, es sei denn, du gibst deine ausdr\u00fcckliche Zustimmung zur Weitergabe.<\/p>\n\n\n\n\n        <h4>Wir sorgen daf\u00fcr, dass deine Daten sicher sind<\/h4>\n        <p>Auf Farmable bist du der Eigent\u00fcmer deines Betriebes und hast die volle Kontrolle \u00fcber die Zugangsrechte, die du deinen Teammitgliedern entsprechend ihrer <a style=\"color:#CF4520;\" href=\"https:\/\/www.notion.so\/Team-13b63e39743c4be18d46374b91695498\" target=\"_blank\" rel=\"noopener\">Rollen<\/a> gew\u00e4hrst. Es ist allein deine Entscheidung, wen du einl\u00e4dst deinem Betrieb in der App beizutreten und mit wem du deine Daten teilen m\u00f6chtest.<\/p>\n\n        <p>Sowohl die Farmable App als auch das Web Portal enthalten personenbezogene und betriebliche Daten (Betriebsdaten), \u00fcber die du die Kontrolle hast. Das bedeutet: Deine Daten werden niemals verkauft oder ohne deine ausdr\u00fcckliche Zustimmung weitergegeben.<\/p>\n\n\n        <h4>Was sind Betriebsdaten?<\/h4>\n        <p>Betriebsdaten sind alle Daten, die mit deinen landwirtschaftlichen Aktivit\u00e4ten verbunden sind und die du in die App und das Webportal eintr\u00e4gst. Dazu k\u00f6nnen Feldstandorte, Arbeitsaufzeichnungen, Ernteaufzeichnungen oder Feldnotizen geh\u00f6ren. Diese betriebseigenen Daten geh\u00f6ren deinem landwirtschaftlichen Betrieb und werden von dem Nutzerkonto verwaltet, das als Betriebsinhaber f\u00fcr den jeweiligen Betrieb festgelegt wurde.<\/p>\n\n        <p>Mit Farmable sind alle privaten Daten deines Betriebs zuverl\u00e4ssig und sicher gesch\u00fctzt.<\/p> \n\n        <h4>Was sind personenbezogene Daten?<\/h4>\n\n         <p>Personenbezogene Daten sind alle Daten, die mit dir als Nutzer der App bzw. des Web Portals in Verbindung gebracht werden k\u00f6nnen. Zu diesen Daten geh\u00f6ren unter anderem dein Name, deine E-Mail-Adresse, deine Postanschrift und deine Telefonnummer. eine personenbezogenen Daten bleiben immer dein Eigentum. <\/p>\n\n         <p>Wir wissen, dass solche Daten sehr sensibel sind. Deshalb verfolgen wir strenge Datenschutzrichtlinien, um sie zu sch\u00fctzen. <\/p>\n\n        <h4>Wie speichern wir deine Daten?<\/h4>\n        <p>Farmable ist bem\u00fcht, den bestm\u00f6glichen Service zu bieten. Deshalb setzen wir eine Cloud-Speicherl\u00f6sung ein, die alle nachfolgenden Standards erf\u00fcllt:<\/p>\n        \n        <div class=\"copy-list\">\n          <ul class=\"copy-bullets\">\n            <li>ISO 27001 f\u00fcr Informationssicherheits-Management<\/li>\n            <li>ISO 27018 f\u00fcr den Schutz personenbezogener Daten <\/li>\n            <li>ISO 27017 f\u00fcr Informationssicherheitsma\u00dfnahmen in Cloud-Diensten<\/li>\n          <\/ul>\n        <\/div>\n        <br>\n        <h4>Want to know more about how we handle your data?<\/h4>\n        <p>Wenn du Fragen zum Datenschutz hast, kannst du dich unter <a style=\"color:#CF4520;\" href=\"mailto:su*****@******le.tech\" data-original-string=\"WM1p5WNkWSLStCZXej0KZA==a65R8IE5OCEV0r36hl4Uzv87J3Yi4nMRd9rBh5kGQtN5pc=\" title=\"Dieser Kontakt wurde von Anti-Spam by CleanTalk verschl\u00fcsselt. Klicken Sie hier, um ihn zu entschl\u00fcsseln. Um die Entschl\u00fcsselung abzuschlie\u00dfen, stellen Sie sicher, dass JavaScript in Ihrem Browser aktiviert ist.\" target=\"_blank\" rel=\"noopener\"><span \n                data-original-string='hC6LDDyDmS13cPmjf377oA==a652NymTie3NmIyZe3QgjkOhnRtURLnScmYUtG7UIYS3Q4='\n                class='apbct-email-encoder'\n                title='Dieser Kontakt wurde von Anti-Spam by CleanTalk verschl\u00fcsselt. Klicken Sie hier, um ihn zu entschl\u00fcsseln. Um die Entschl\u00fcsselung abzuschlie\u00dfen, stellen Sie sicher, dass JavaScript in Ihrem Browser aktiviert ist.'>su<span class=\"apbct-blur\">*****<\/span>@<span class=\"apbct-blur\">******<\/span>le.tech<\/span><\/a> an uns wenden. Mehr Informationen findest du auch in unserer <a style=\"color:#CF4520;\" href=\"https:\/\/farmable.tech\/privacy-policy\/\" target=\"_blank\" rel=\"noopener\">Datenschutzerkl\u00e4rung<\/a>.<\/p>\n      \t\t\t\t<\/div>\n\t\t\t\t<\/div>\n\t\t\t\t\t<\/div>\n\t\t<\/div>\n\t\t\t\t\t<\/div>\n\t\t<\/section>\n\t\t\t\t<\/div>\n\t\t","protected":false},"excerpt":{"rendered":"<p>Datenschutz Wir wissen wie wichtig Datenschutz ist und behandeln deine Daten mit \u00e4u\u00dferster Vertraulichkeit und Integrit\u00e4t. Wir glauben, dass deine Daten allein deine Angelegenheit sind. Wir wissen, wie wichtig es ist, die sichere Aufbewahrung und Handhabung aller personenbezogenen und betrieblichen Daten zu gew\u00e4hrleisten \u2013 und genau das kannst du auf der Farmable-Plattform sicher tun. Wie [&hellip;]<\/p>\n","protected":false},"author":5,"featured_media":0,"parent":0,"menu_order":0,"comment_status":"closed","ping_status":"closed","template":"","meta":{"footnotes":""},"class_list":["post-55001","page","type-page","status-publish","hentry"],"_links":{"self":[{"href":"https:\/\/farmable.tech\/de\/wp-json\/wp\/v2\/pages\/55001","targetHints":{"allow":["GET"]}}],"collection":[{"href":"https:\/\/farmable.tech\/de\/wp-json\/wp\/v2\/pages"}],"about":[{"href":"https:\/\/farmable.tech\/de\/wp-json\/wp\/v2\/types\/page"}],"author":[{"embeddable":true,"href":"https:\/\/farmable.tech\/de\/wp-json\/wp\/v2\/users\/5"}],"replies":[{"embeddable":true,"href":"https:\/\/farmable.tech\/de\/wp-json\/wp\/v2\/comments?post=55001"}],"version-history":[{"count":4,"href":"https:\/\/farmable.tech\/de\/wp-json\/wp\/v2\/pages\/55001\/revisions"}],"predecessor-version":[{"id":57000,"href":"https:\/\/farmable.tech\/de\/wp-json\/wp\/v2\/pages\/55001\/revisions\/57000"}],"wp:attachment":[{"href":"https:\/\/farmable.tech\/de\/wp-json\/wp\/v2\/media?parent=55001"}],"curies":[{"name":"wp","href":"https:\/\/api.w.org\/{rel}","templated":true}]}}