{"id":55003,"date":"2022-12-20T13:37:48","date_gmt":"2022-12-20T13:37:48","guid":{"rendered":"https:\/\/ft.proditech.in\/careers\/"},"modified":"2025-01-20T09:05:12","modified_gmt":"2025-01-20T09:05:12","slug":"careers","status":"publish","type":"page","link":"https:\/\/farmable.tech\/de\/careers\/","title":{"rendered":"Careers"},"content":{"rendered":"\t\t<div data-elementor-type=\"wp-page\" data-elementor-id=\"55003\" class=\"elementor elementor-55003 elementor-46427\" data-elementor-post-type=\"page\">\n\t\t\t\t<div class=\"has_ae_slider elementor-element elementor-element-64cae2da e-flex e-con-boxed ae-bg-gallery-type-default e-con e-parent\" data-id=\"64cae2da\" data-element_type=\"container\" data-e-type=\"container\">\n\t\t\t\t\t<div class=\"e-con-inner\">\n\t\t<div class=\"has_ae_slider elementor-element elementor-element-56e5bd5b e-con-full e-flex ae-bg-gallery-type-default e-con e-child\" data-id=\"56e5bd5b\" data-element_type=\"container\" data-e-type=\"container\">\n\t\t\t\t<div class=\"elementor-element elementor-element-708a8705 animated-fast elementor-invisible elementor-widget elementor-widget-elementskit-heading\" data-id=\"708a8705\" data-element_type=\"widget\" data-e-type=\"widget\" data-settings=\"{&quot;_animation&quot;:&quot;fadeIn&quot;,&quot;_animation_delay&quot;:100,&quot;ekit_we_effect_on&quot;:&quot;none&quot;}\" data-widget_type=\"elementskit-heading.default\">\n\t\t\t\t<div class=\"elementor-widget-container\">\n\t\t\t\t\t<div class=\"ekit-wid-con\" ><div class=\"ekit-heading elementskit-section-title-wraper text_center   ekit_heading_tablet-   ekit_heading_mobile-\"><h1 class=\"ekit-heading--title elementskit-section-title \">M\u00f6chten Sie einen <span><span>Unterschied machen?<\/span><\/span><\/h1>\t\t\t\t<div class='ekit-heading__description'>\n\t\t\t\t\t<p>Werde Teil unseres Teams, trage zur Digitalisierung des Obst- und Gartenbaus bei und unterst\u00fctze Erzeuger weltweit mehr \u00dcbersicht \u00fcber ihren Betrieb zu bekommen.<\/p>\n\t\t\t\t<\/div>\n\t\t\t<\/div><\/div>\t\t\t\t<\/div>\n\t\t\t\t<\/div>\n\t\t\t\t<\/div>\n\t\t\t\t\t<\/div>\n\t\t\t\t<\/div>\n\t\t<div class=\"has_ae_slider elementor-element elementor-element-45c887e4 e-flex e-con-boxed ae-bg-gallery-type-default e-con e-parent\" data-id=\"45c887e4\" data-element_type=\"container\" data-e-type=\"container\">\n\t\t\t\t\t<div class=\"e-con-inner\">\n\t\t<div class=\"has_ae_slider elementor-element elementor-element-9493b52 e-con-full e-flex ae-bg-gallery-type-default e-con e-child\" data-id=\"9493b52\" data-element_type=\"container\" data-e-type=\"container\">\n\t\t<div class=\"has_ae_slider elementor-element elementor-element-e77b9e9 e-con-full e-flex ae-bg-gallery-type-default e-con e-child\" data-id=\"e77b9e9\" data-element_type=\"container\" data-e-type=\"container\">\n\t\t\t\t<div class=\"elementor-element elementor-element-14811ee7 elementor-widget__width-auto elementor-absolute animated-fast elementor-invisible elementor-widget elementor-widget-elementskit-video\" data-id=\"14811ee7\" data-element_type=\"widget\" data-e-type=\"widget\" data-settings=\"{&quot;_position&quot;:&quot;absolute&quot;,&quot;_animation&quot;:&quot;zoomIn&quot;,&quot;_animation_delay&quot;:300,&quot;ekit_we_effect_on&quot;:&quot;none&quot;}\" data-widget_type=\"elementskit-video.default\">\n\t\t\t\t<div class=\"elementor-widget-container\">\n\t\t\t\t\t<div class=\"ekit-wid-con\" >\t\t<div class=\"video-content\" data-video-player=\"[]\" data-video-setting=\"{&quot;videoVolume&quot;:&quot;horizontal&quot;,&quot;startVolume&quot;:0.8,&quot;videoType&quot;:&quot;iframe&quot;,&quot;videoClass&quot;:&quot;mfp-fade&quot;,&quot;videoStyle&quot;:&quot;popup&quot;,&quot;videoTypeName&quot;:&quot;youtube&quot;,&quot;autoplay&quot;:true,&quot;muted&quot;:true,&quot;loop&quot;:false}\">\n\t\t\t\n<a class=\"ekit_icon_button glow-ripple ekit-video-popup ekit-video-popup-btn\" href=\"https:\/\/www.youtube.com\/embed\/w03-ddqY-AE?feature=oembed?playlist=w03-ddqY-AE&amp;mute=1&amp;autoplay=1&amp;loop=no&amp;controls=1&amp;start=0&amp;end=\" aria-label=\"video-popup\" target=\"_blank\" rel=\"noopener\">\n\t\t\t\t<i aria-hidden=\"true\" class=\"fas fa-play\"><\/i>\t\t\n\t\t\t<\/a>\n\t\t\t\t\t\t\t<div class=\"ekit-hidden-icons\" hidden aria-hidden=\"true\">\n\t\t\t\t\t<i class=\"ekit-popup-close-icon icon icon-cancel\"><\/i>\t\t\t\t<\/div>\n\t\t<\/div>\n\t\t<\/div>\t\t\t\t<\/div>\n\t\t\t\t<\/div>\n\t\t\t\t<div class=\"elementor-element elementor-element-4180b257 animated-fast elementor-invisible elementor-widget elementor-widget-image\" data-id=\"4180b257\" data-element_type=\"widget\" data-e-type=\"widget\" data-settings=\"{&quot;_animation&quot;:&quot;fadeInUp&quot;,&quot;_animation_delay&quot;:200,&quot;ekit_we_effect_on&quot;:&quot;none&quot;}\" data-widget_type=\"image.default\">\n\t\t\t\t<div class=\"elementor-widget-container\">\n\t\t\t\t\t\t\t\t\t\t\t\t\t\t\t\t<a href=\"https:\/\/youtu.be\/yrGG8mKBY1Q?si=g68ckUJT4kOjZBlG\" target=\"_blank\" rel=\"noopener\">\n\t\t\t\t\t\t\t<img fetchpriority=\"high\" decoding=\"async\" width=\"2874\" height=\"1548\" src=\"https:\/\/farmable.tech\/wp-content\/uploads\/2025\/01\/Screenshot-2025-01-09-at-14.32.52.png\" class=\"attachment-full size-full wp-image-71828\" alt=\"\" srcset=\"https:\/\/farmable.tech\/wp-content\/uploads\/2025\/01\/Screenshot-2025-01-09-at-14.32.52.png 2874w, https:\/\/farmable.tech\/wp-content\/uploads\/2025\/01\/Screenshot-2025-01-09-at-14.32.52-300x162.png 300w, https:\/\/farmable.tech\/wp-content\/uploads\/2025\/01\/Screenshot-2025-01-09-at-14.32.52-1024x552.png 1024w, https:\/\/farmable.tech\/wp-content\/uploads\/2025\/01\/Screenshot-2025-01-09-at-14.32.52-768x414.png 768w, https:\/\/farmable.tech\/wp-content\/uploads\/2025\/01\/Screenshot-2025-01-09-at-14.32.52-1536x827.png 1536w, https:\/\/farmable.tech\/wp-content\/uploads\/2025\/01\/Screenshot-2025-01-09-at-14.32.52-2048x1103.png 2048w, https:\/\/farmable.tech\/wp-content\/uploads\/2025\/01\/Screenshot-2025-01-09-at-14.32.52-710x382.png 710w, https:\/\/farmable.tech\/wp-content\/uploads\/2025\/01\/Screenshot-2025-01-09-at-14.32.52-600x323.png 600w\" sizes=\"(max-width: 2874px) 100vw, 2874px\" title=\"\">\t\t\t\t\t\t\t\t<\/a>\n\t\t\t\t\t\t\t\t\t\t\t\t\t\t\t<\/div>\n\t\t\t\t<\/div>\n\t\t\t\t<\/div>\n\t\t\t\t<\/div>\n\t\t\t\t\t<\/div>\n\t\t\t\t<\/div>\n\t\t<div class=\"has_ae_slider elementor-element elementor-element-3e48eba2 e-flex e-con-boxed ae-bg-gallery-type-default e-con e-parent\" data-id=\"3e48eba2\" data-element_type=\"container\" data-e-type=\"container\" data-settings=\"{&quot;background_background&quot;:&quot;classic&quot;}\">\n\t\t\t\t\t<div class=\"e-con-inner\">\n\t\t<div class=\"has_ae_slider elementor-element elementor-element-4ecb27e e-con-full e-flex ae-bg-gallery-type-default e-con e-child\" data-id=\"4ecb27e\" data-element_type=\"container\" data-e-type=\"container\">\n\t\t<div class=\"has_ae_slider elementor-element elementor-element-5018bd99 e-con-full animated-fast e-flex ae-bg-gallery-type-default elementor-invisible e-con e-child\" data-id=\"5018bd99\" data-element_type=\"container\" data-e-type=\"container\" data-settings=\"{&quot;background_background&quot;:&quot;classic&quot;,&quot;animation_delay&quot;:100,&quot;animation&quot;:&quot;fadeInUp&quot;}\">\n\t\t<div class=\"has_ae_slider elementor-element elementor-element-4943a7f4 e-con-full e-flex ae-bg-gallery-type-default e-con e-child\" data-id=\"4943a7f4\" data-element_type=\"container\" data-e-type=\"container\">\n\t\t\t\t<div class=\"elementor-element elementor-element-7950e05d animated-fast elementor-invisible elementor-widget elementor-widget-elementskit-heading\" data-id=\"7950e05d\" data-element_type=\"widget\" data-e-type=\"widget\" data-settings=\"{&quot;_animation&quot;:&quot;fadeIn&quot;,&quot;_animation_delay&quot;:200,&quot;ekit_we_effect_on&quot;:&quot;none&quot;}\" data-widget_type=\"elementskit-heading.default\">\n\t\t\t\t<div class=\"elementor-widget-container\">\n\t\t\t\t\t<div class=\"ekit-wid-con\" ><div class=\"ekit-heading elementskit-section-title-wraper text_left   ekit_heading_tablet-   ekit_heading_mobile-\"><h6 class=\"elementskit-section-subtitle  \">\n\t\t\t\t\t\tWerden Sie Teil unseres Teams\n\t\t\t\t\t<\/h6><h2 class=\"ekit-heading--title elementskit-section-title \">Suchen Sie einen gro\u00dfartigen Ort zum <span><span>wachsen und gedeihen<\/span><\/span>?<\/h2>\t\t\t\t<div class='ekit-heading__description'>\n\t\t\t\t\t<p>Wir sind immer auf der Suche nach talentierten, neuen Teammitgliedern. Wenn Sie der Meinung sind, dass Sie unserem Team etwas Besonderes zu bieten haben, senden Sie uns bitte ein Anschreiben und einen Lebenslauf an <a href=\"mailto:he***@******le.tech\" data-original-string=\"6tNP\/YtspmYa84803kWD4A==a65mqEAyC5rlPtncS\/PLVh+\/MWlfvwqhYGY1HjOEAr\/IUA=\" title=\"Dieser Kontakt wurde von Anti-Spam by CleanTalk verschl\u00fcsselt. Klicken Sie hier, um ihn zu entschl\u00fcsseln. Um die Entschl\u00fcsselung abzuschlie\u00dfen, stellen Sie sicher, dass JavaScript in Ihrem Browser aktiviert ist.\" target=\"_blank\" rel=\"noreferrer noopener\"><span class=\"orange\"><span \n                data-original-string='9Fawq+1lf+vxW0Mg0T9dCQ==a65FamOegvdfFUhdU5r0kfxOVGyzYYfCH3EdgjXHPT42JE='\n                class='apbct-email-encoder'\n                title='Dieser Kontakt wurde von Anti-Spam by CleanTalk verschl\u00fcsselt. Klicken Sie hier, um ihn zu entschl\u00fcsseln. Um die Entschl\u00fcsselung abzuschlie\u00dfen, stellen Sie sicher, dass JavaScript in Ihrem Browser aktiviert ist.'>he<span class=\"apbct-blur\">***<\/span>@<span class=\"apbct-blur\">******<\/span>le.tech<\/span><\/span><\/a><\/p>\n\t\t\t\t<\/div>\n\t\t\t<\/div><\/div>\t\t\t\t<\/div>\n\t\t\t\t<\/div>\n\t\t\t\t<div class=\"elementor-element elementor-element-3f28eb4d elementor-align-left animated-fast elementor-invisible elementor-widget elementor-widget-elementskit-button\" data-id=\"3f28eb4d\" data-element_type=\"widget\" data-e-type=\"widget\" data-settings=\"{&quot;_animation&quot;:&quot;pulse&quot;,&quot;_animation_delay&quot;:300,&quot;ekit_we_effect_on&quot;:&quot;none&quot;}\" data-widget_type=\"elementskit-button.default\">\n\t\t\t\t<div class=\"elementor-widget-container\">\n\t\t\t\t\t<div class=\"ekit-wid-con\" >\t\t<div class=\"ekit-btn-wraper\">\n\t\t\t\t\t\t\t<a href=\"mailto:he***@******le.tech\" data-original-string=\"pbhaHSUur\/A49mjX4HUSTQ==a65NWWLTwHloV15K9CKjs+k5rUDWUqazktubtgxA\/UP4yI=\" title=\"Dieser Kontakt wurde von Anti-Spam by CleanTalk verschl\u00fcsselt. Klicken Sie hier, um ihn zu entschl\u00fcsseln. Um die Entschl\u00fcsselung abzuschlie\u00dfen, stellen Sie sicher, dass JavaScript in Ihrem Browser aktiviert ist.\" target=\"_blank\" class=\"elementskit-btn  whitespace--normal\" id=\"\">\n\t\t\t\t\tKontaktiere uns<i class=\"icon icon-arrow-right\"><\/i>\t\t\t\t<\/a>\n\t\t\t\t\t<\/div>\n        <\/div>\t\t\t\t<\/div>\n\t\t\t\t<\/div>\n\t\t\t\t<\/div>\n\t\t<div class=\"has_ae_slider elementor-element elementor-element-2e9c855c e-con-full e-flex ae-bg-gallery-type-default e-con e-child\" data-id=\"2e9c855c\" data-element_type=\"container\" data-e-type=\"container\">\n\t\t\t\t<\/div>\n\t\t\t\t<\/div>\n\t\t\t\t<\/div>\n\t\t\t\t\t<\/div>\n\t\t\t\t<\/div>\n\t\t\t\t<\/div>\n\t\t","protected":false},"excerpt":{"rendered":"<p>M\u00f6chten Sie einen Unterschied machen? Werde Teil unseres Teams, trage zur Digitalisierung des Obst- und Gartenbaus bei und unterst\u00fctze Erzeuger weltweit mehr \u00dcbersicht \u00fcber ihren Betrieb zu bekommen. Werden Sie Teil unseres Teams Suchen Sie einen gro\u00dfartigen Ort zum wachsen und gedeihen? Wir sind immer auf der Suche nach talentierten, neuen Teammitgliedern. Wenn Sie der [&hellip;]<\/p>\n","protected":false},"author":5,"featured_media":0,"parent":0,"menu_order":0,"comment_status":"closed","ping_status":"closed","template":"","meta":{"footnotes":""},"class_list":["post-55003","page","type-page","status-publish","hentry"],"_links":{"self":[{"href":"https:\/\/farmable.tech\/de\/wp-json\/wp\/v2\/pages\/55003","targetHints":{"allow":["GET"]}}],"collection":[{"href":"https:\/\/farmable.tech\/de\/wp-json\/wp\/v2\/pages"}],"about":[{"href":"https:\/\/farmable.tech\/de\/wp-json\/wp\/v2\/types\/page"}],"author":[{"embeddable":true,"href":"https:\/\/farmable.tech\/de\/wp-json\/wp\/v2\/users\/5"}],"replies":[{"embeddable":true,"href":"https:\/\/farmable.tech\/de\/wp-json\/wp\/v2\/comments?post=55003"}],"version-history":[{"count":14,"href":"https:\/\/farmable.tech\/de\/wp-json\/wp\/v2\/pages\/55003\/revisions"}],"predecessor-version":[{"id":73308,"href":"https:\/\/farmable.tech\/de\/wp-json\/wp\/v2\/pages\/55003\/revisions\/73308"}],"wp:attachment":[{"href":"https:\/\/farmable.tech\/de\/wp-json\/wp\/v2\/media?parent=55003"}],"curies":[{"name":"wp","href":"https:\/\/api.w.org\/{rel}","templated":true}]}}