{"id":55100,"date":"2022-12-20T11:57:30","date_gmt":"2022-12-20T11:57:30","guid":{"rendered":"https:\/\/ft.proditech.in\/terms-of-service\/"},"modified":"2023-01-31T05:52:25","modified_gmt":"2023-01-31T05:52:25","slug":"terms-of-service","status":"publish","type":"page","link":"https:\/\/farmable.tech\/de\/terms-of-service\/","title":{"rendered":"Live &#8211; Terms of service"},"content":{"rendered":"\t\t<div data-elementor-type=\"wp-page\" data-elementor-id=\"55100\" class=\"elementor elementor-55100 elementor-46336\" data-elementor-post-type=\"page\">\n\t\t\t\t\t\t<section class=\"has_ae_slider elementor-section elementor-top-section elementor-element elementor-element-5d0b138 elementor-section-boxed elementor-section-height-default elementor-section-height-default ae-bg-gallery-type-default\" data-id=\"5d0b138\" data-element_type=\"section\" data-e-type=\"section\">\n\t\t\t\t\t\t<div class=\"elementor-container elementor-column-gap-default\">\n\t\t\t\t\t<div class=\"has_ae_slider elementor-column elementor-col-100 elementor-top-column elementor-element elementor-element-1c7925a ae-bg-gallery-type-default\" data-id=\"1c7925a\" data-element_type=\"column\" data-e-type=\"column\">\n\t\t\t<div class=\"elementor-widget-wrap elementor-element-populated\">\n\t\t\t\t\t\t<div class=\"elementor-element elementor-element-bcb1463 elementor-widget elementor-widget-heading\" data-id=\"bcb1463\" data-element_type=\"widget\" data-e-type=\"widget\" data-settings=\"{&quot;ekit_we_effect_on&quot;:&quot;none&quot;}\" data-widget_type=\"heading.default\">\n\t\t\t\t<div class=\"elementor-widget-container\">\n\t\t\t\t\t<h2 class=\"elementor-heading-title elementor-size-default\">Terms of service<\/h2>\t\t\t\t<\/div>\n\t\t\t\t<\/div>\n\t\t\t\t<div class=\"elementor-element elementor-element-27cf615 elementor-widget-divider--view-line elementor-widget elementor-widget-divider\" data-id=\"27cf615\" data-element_type=\"widget\" data-e-type=\"widget\" data-settings=\"{&quot;ekit_we_effect_on&quot;:&quot;none&quot;}\" data-widget_type=\"divider.default\">\n\t\t\t\t<div class=\"elementor-widget-container\">\n\t\t\t\t\t\t\t<div class=\"elementor-divider\">\n\t\t\t<span class=\"elementor-divider-separator\">\n\t\t\t\t\t\t<\/span>\n\t\t<\/div>\n\t\t\t\t\t\t<\/div>\n\t\t\t\t<\/div>\n\t\t\t\t<div class=\"elementor-element elementor-element-9d11b64 elementor-widget elementor-widget-text-editor\" data-id=\"9d11b64\" data-element_type=\"widget\" data-e-type=\"widget\" data-settings=\"{&quot;ekit_we_effect_on&quot;:&quot;none&quot;}\" data-widget_type=\"text-editor.default\">\n\t\t\t\t<div class=\"elementor-widget-container\">\n\t\t\t\t\t\t\t\t\t<pre style=\"text-align: center;\"><em>Last updated: August 4, 2021<\/em><\/pre>\n\t\t\t\t\t\t\t\t<\/div>\n\t\t\t\t<\/div>\n\t\t\t\t\t<\/div>\n\t\t<\/div>\n\t\t\t\t\t<\/div>\n\t\t<\/section>\n\t\t\t\t<section class=\"has_ae_slider elementor-section elementor-top-section elementor-element elementor-element-392bf37 elementor-section-boxed elementor-section-height-default elementor-section-height-default ae-bg-gallery-type-default\" data-id=\"392bf37\" data-element_type=\"section\" data-e-type=\"section\">\n\t\t\t\t\t\t<div class=\"elementor-container elementor-column-gap-default\">\n\t\t\t\t\t<div class=\"has_ae_slider elementor-column elementor-col-100 elementor-top-column elementor-element elementor-element-198d3e2 ae-bg-gallery-type-default\" data-id=\"198d3e2\" data-element_type=\"column\" data-e-type=\"column\">\n\t\t\t<div class=\"elementor-widget-wrap elementor-element-populated\">\n\t\t\t\t\t\t<div class=\"elementor-element elementor-element-3399e8a elementor-widget elementor-widget-html\" data-id=\"3399e8a\" data-element_type=\"widget\" data-e-type=\"widget\" data-settings=\"{&quot;ekit_we_effect_on&quot;:&quot;none&quot;}\" data-widget_type=\"html.default\">\n\t\t\t\t<div class=\"elementor-widget-container\">\n\t\t\t\t\t <p>Diese Allgemeinen Gesch\u00e4ftsbedingungen (\"Nutzungsbedingungen\") sind Gegenstand einer rechtlich bindenden Vereinbarung zwischen Ihnen\n und der Farmable AS (\"Farmable\u201c, \u201euns\u201c, \u201ewir\u201c oder \u201eunser\u201c). Sie regeln die Nutzung der von Farmable betriebenen Internetseite (stagingnewv2.kinsta.cloud), sowie der durch Farmable betriebenen mobilen Applikation Farmable und Online-Anwendung (my.stagingnewv2.kinsta.cloud) (zusammengefasst als der \"Service\").<\/p>\n\n    <p>Bitte lesen Sie diese Nutzungsbedingungen sorgf\u00e4ltig durch, bevor Sie die Internetseite und die mobile\n Applikation oder Online-Anwendung (der \"Service\") von Farmable nutzen. Wenn Sie auf den Service zugreifen oder ihn verwenden, setzt dies voraus, dass Sie diese Nutzungsbedingungen akzeptieren und\n einhalten.<\/p>\n\n    <p>Diese Nutzungsbedingungen gelten f\u00fcr alle Besucher, Benutzer und andere Personen, die auf den Service zugreifen oder ihn nutzen. Sie gelten des Weiteren f\u00fcr alle zus\u00e4tzlichen Applikationen,\n jegliche Hardware oder andere Dienstleistungen, die Sie im Rahmen Ihrer Nutzung des Service erwerben oder abonnieren.<\/p>\n\n    <p>Indem Sie auf den Service zugreifen oder ihn nutzen, erkl\u00e4ren Sie sich mit diesen Nutzungsbedingungen einverstanden, und schlie\u00dfen mit Farmable\n eine rechtliche bindende Vereinbarung. Wenn Sie diesen Nutzungsbedingungen im Namen einer anderen Person oder Organisation, z.B. Ihres Arbeitgebers,\n zustimmen, ist f\u00fcr die Wirksamkeit Ihrer Erkl\u00e4rung erforderlich, dass Sie dazu befugt sind eine solche Erkl\u00e4rung abzugeben. Wenn Sie\n diesen Nutzungsbedingungen nicht wirksam zustimmen, ist es Ihnen untersagt auf den Service zuzugreifen oder ihn zu benutzen.<\/p>\n\n    <h3>Benutzerkonten und Zugriffsrechte<\/h3>\n\n    <h4>Benutzerkonten<\/h4>\n\n    <p>Wenn Sie ein Benutzerkonto bei Farmable erstellen, erkl\u00e4ren Sie, dass Sie Farmable Informationen zur Verf\u00fcgung stellen, die zu jeder Zeit wahrheitsgem\u00e4\u00df, vollst\u00e4ndig und auf dem aktuellen\n Stand sind. Sollten Sie dies nicht tun, stellt dies einen Versto\u00df gegen diese Nutzungsbedingungen dar, der Farmable zur sofortigen K\u00fcndigung Ihres\n Benutzerkontos berechtigt.<\/p>\n\n    <p>Sie sind f\u00fcr den Schutz Ihres Passworts verantwortlich, welches Sie f\u00fcr den Zugriff\n auf den Service verwenden. Dies gilt auch f\u00fcr alle Aktivit\u00e4ten oder die Verwendung Ihres Passworts, unabh\u00e4ngig davon, ob Ihr Passwort mit dem Service oder den Dienstleistungen eines Dritten verbunden ist. Sie verpflichten sich,\n Ihr Passwort nicht an Dritte weiterzugeben. Sollten Sie von einer Kompromittierung der Sicherheit oder einem unbefugten Zugriff oder Nutzung Ihres Kontos erfahren,\n m\u00fcssen Sie Farmable umgehend benachrichtigen.<\/p>\n\n    <h4>Zugriffsrechte &amp; Rollen der Nutzer<\/h4>\n\n    <p>Es gibt 4 unterschiedliche Rollen mit verschiedenen Zugriffsrechten, die ein Benutzerkonto im Service innehaben kann. Diese Nutzungsbedingungen gelten f\u00fcr alle Rollen,\n mit Ausnahme des Abschnitts Administratoren, welcher Nutzungsbedingungen enth\u00e4lt, die nur f\u00fcr den \u201eBetriebsinhaber\u201c g\u00fcltig sind.\n    <\/p>\n\n    <div class=\"copy-list\">\n        <ol class=\"number-list\">\n            <li><strong>Betriebsinhaber<\/strong> - In der Regel der Nutzer, der den Betrieb erstellt hat und der verantwortlich ist f\u00fcr die\n Betriebsdaten. Diese Rolle hat administrative Rechte, um Benutzerkonten auf den Betrieb einzuladen oder zu entfernen und die Zugriffsrechte\n der auf den Betrieb eingeladenen Nutzer zu \u00e4ndern. Diese Rolle ist berechtigt, Abonnements zu aktualisieren und\n zus\u00e4tzliche Produkte und Dienste \u00fcber den Service zu erwerben.<\/li>\n\n            <li><strong>Betriebsleiter<\/strong> - Ein Nutzer mit dieser Rolle wird auf einen bestehenden Betrieb im Service eingeladen, um dort mitzuarbeiten.\n Sie hat administrative Rechte, um weitere Benutzerkonten auf den Betrieb einzuladen oder zu entfernen und die Zugriffsrechter der auf\n den Betrieb eingeladenen Nutzer zu \u00e4ndern.<\/li>\n\n            <li><strong>Berater<\/strong> - Ein Nutzer mit dieser Rolle wird eingeladen, um zu einem bestehenden Betrieb im Service beizutragen. Sie\n verf\u00fcgt nicht \u00fcber administrative Rechte.<\/li>\n\n            <li><strong>Mitarbeiter<\/strong> - Ein Nutzer mit dieser Rolle wird eingeladen, um zu einem bestehenden Betrieb im Service beizutragen. Sie verf\u00fcgt\n nicht \u00fcber administrative Rechte.<\/li>\n        <\/ol>\n    <\/div>\n\n    <p>Die Funktionen des Service, die f\u00fcr die verschiedenen Benutzerrollen zug\u00e4nglich sind, werden <a href=\"#\" target=\"_blank\" rel=\"noopener\"><span class=\"orange\">hier<\/span><\/a> im Detail beschrieben.<\/p>\n\n    <h3>Verarbeitung von Daten<\/h3>\n\n    <p>Alle Daten, die Sie im Service eingeben, bleiben privat. Nur durch Ihre ausdr\u00fcckliche Zustimmungen k\u00f6nnen Daten weitergegeben werden.<\/p>\n\n    <h4>Pers\u00f6nliche Daten<\/h4>\n\n    <p>Als pers\u00f6nliche Daten gelten alle Daten, die einer Person zugeordnet werden k\u00f6nnen, wie beispielsweise Name, Anschrift oder\n Zahlungsmittel.<\/p>\n\n    <p>Ihre pers\u00f6nlichen Daten bleiben immer Ihr Eigentum.<\/p>\n\n    <p>Um den Service bereitzustellen, verarbeitet Farmable personenbezogene Daten gem\u00e4\u00df unserer <a href=\"https:\/\/farmable.tech\/de\/privacy-policy\/\" target=\"_blank\" rel=\"noopener\"><span class=\"orange\">Datenschutzerkl\u00e4rung<\/span><\/a> und\n gem\u00e4\u00df den Datenschutzbestimmungen der EU und Norwegens, einschlie\u00dflich der Datenschutz-Grundverordnung (\u201eDSGVO\u201c).<\/p>\n\n    <p>Wenn Ihr Benutzerkonto nicht aktiv genutzt wird, speichern wir Ihre personenbezogenen Daten f\u00fcr einen Zeitraum von zwei Jahren. Wir sind\n verpflichtet, Ihre Daten nach dieser zweij\u00e4hrigen Frist zu l\u00f6schen.<\/p>\n\n    <p>Weitere Informationen zur Verarbeitung personenbezogener Daten finden Sie in der Datenschutzerkl\u00e4rung von Farmable.<\/p>\n\n    <h4>Betriebsdaten <\/h4>\n\n    <p>Betriebsdaten sind Daten, die sich auf den Betrieb bzw. die Betriebe beziehen, auf die Sie Zugriff haben, wie z. B. die geografische Lage von Fl\u00e4chen,\n Arbeitsaufzeichnungen, Ernteaufzeichnungen oder Notizen. Betriebsdaten sind Eigentum des Betriebes und werden von dem Benutzerkonto kontrolliert,\n welches als Betriebsinhaber f\u00fcr eine bestimmten Betrieb festgelegt ist.<\/p>\n\n    <p>Alle Daten, die einem Betrieb durch seine Benutzerkonten hinzugef\u00fcgt werden, bleiben mit dem Betrieb verkn\u00fcpft, auch wenn ein Benutzerkonto\n gel\u00f6scht oder ge\u00e4ndert wird. Wenn Sie diese Bedingungen als Mitarbeiter, Berater oder Betriebsleiter akzeptieren, dem Zugriff auf einen Betrieb gew\u00e4hrt wurde,\n bleiben die von Ihnen hinzugef\u00fcgten Daten im Eigentum des Betriebes. Dies umfasst keine Sammlungen\/Listen von Pr\u00e4paraten oder Indikationen, die dem Service mit einem Benutzerkonto hinzugef\u00fcgt wurden,\n welches als Berater auf einen Betrieb eingeladen wurde. In einem solchen Fall\n bleiben die Sammlungen\/Listen der Pr\u00e4parate und Indikationen im Eigentum des Benutzerkontos.<\/p>\n\n    <p>Farmable wird ohne Ihre ausdr\u00fcckliche Zustimmung keine Betriebsdaten an externe Dritte weitergeben. Farmable kann jedoch bereitgestellte,\n anonymisierte Betriebsdaten (d. h. alle Identifikatoren f\u00fcr Sie und\/oder Ihre Farm\/Eigenschaft werden\n entfernt) f\u00fcr statistische Zwecke verwenden, um die Nutzung des Service zu analysieren und den Service weiterzuentwickeln und zu warten. Dar\u00fcber\n hinaus kann Farmable seinen Partnern statistische Daten zur Verf\u00fcgung stellen. Es ist nicht m\u00f6glich, die von Farmable verwendeten\n Daten mit Ihnen oder Ihrem Eigentum in Verbindung zu bringen.<\/p>\n\n    <p>Wenn Sie Ihr Benutzerkonto l\u00f6schen oder Ihr Benutzerkonto nicht aktiv genutzt wird, speichern wir Ihre Daten f\u00fcr\n die Dauer von zwei Jahren. Wir sind verpflichtet, Ihre Daten nach dieser zweij\u00e4hrigen Frist zu l\u00f6schen. Sie haben jedoch die M\u00f6glichkeit,\n die Daten vor dem L\u00f6schen zu exportieren.<\/p>\n\n    <h3>Geistiges Eigentum<\/h3>\n\n    <p>Der Service und seine urspr\u00fcnglichen Inhalte, Eigenschaften und Funktionen sind und bleiben das ausschlie\u00dfliche Eigentum von\n Farmable und seinen Lizenzgebern. Der Service ist durch Urheberrecht, Markenrecht und andere Gesetzgebung sowohl in Norwegen als\n auch im Ausland gesch\u00fctzt. Unsere Marken und unser Markendesign d\u00fcrfen ohne die vorherige schriftliche Zustimmung von\n Farmable nicht in Verbindung mit einem anderen Produkt oder einer anderen Dienstleistung verwendet werden.<\/p>\n\n    <h3>Nutzung des Service<\/h3>\n\n    <p>Sie verpflichten sich, keinen Teil des Service oder der Inhalte, ohne\n die ausdr\u00fcckliche schriftliche Zustimmung von Farmable weiterzuverkaufen, zu vervielf\u00e4ltigen, zu reproduzieren oder anderweitig zu verwerten. Es ist untersagt den Service zu nutzen, um b\u00f6sartige oder unerw\u00fcnschte E-Mails (Spam) zu speichern oder\n zu versenden. Zudem ist es untersagt den Service zu nutzen, um einen Virus, Wurm oder andere b\u00f6sartige\n oder sch\u00e4dliche Inhalte zu \u00fcbertragen und zu verbreiten.<\/p>\n\n    <p>Sie verpflichten sich ferner, den Service nicht f\u00fcr illegale Zwecke zu nutzen oder gegen geltendes Recht zu versto\u00dfen.<\/p>\n\n    <h3>Links zu anderen Internetseiten<\/h3>\n\n    <p>Der Service kann Links zu Internetseiten, Produkten oder Dienstleistungen Dritter enthalten, die nicht im Eigentum von Farmable stehen du auch nicht der Kontrolle von Farmable\n unterliegen. Farmable hat keine Kontrolle \u00fcber den Inhalt, die Datenschutzrichtlinien oder\n die Praktiken von Internetseite oder Dienstleistungen Dritter und \u00fcbernimmt folglich keine Verantwortung und Haftung f\u00fcr diese. Sie erkl\u00e4ren sich ferner damit einverstanden, dass Farmable weder direkt\n noch indirekt f\u00fcr Sch\u00e4den oder Verluste verantwortlich oder haftbar ist, die im Zusammenhang mit oder durch die Nutzung von, oder dem Vertrauen auf Inhalte,\n Produkte oder Dienstleistungen, die auf oder \u00fcber Internetseiten oder Dienstleistungen Dritter verf\u00fcgbar sind, verursacht wurden oder\n angeblich verursacht wurden. Farmable r\u00e4t Ihnen dringend, die Gesch\u00e4ftsbedingungen und Datenschutzrichtlinien von Internetseiten,\n Produkten oder Dienstleistungen Dritter, die Sie besuchen oder nutzen, zu lesen.<\/p>\n\n    <h3>K\u00fcndigung<\/h3>\n\n    <p>Farmable kann Ihr Benutzerkonto im Falle eines wesentlichen Versto\u00dfes gegen diese Nutzungsbedingungen sofort k\u00fcndigen oder aussetzen.<\/p>\n\n    <p>Insbesondere die folgenden Punkte werden als wesentliche Verst\u00f6\u00dfe betrachtet: <\/p>\n\n    <div class=\"copy-list\">\n        <ul class=\"copy-bullets\">\n            <li>Jegliche nicht erfolgte Zahlung Ihrer Geb\u00fchren f\u00fcr Teile des Service<\/li>\n\n            <li>Jede Verletzung des geistigen Eigentums an dem Service <\/li>\n\n            <li>Jegliche Verletzung der Sicherheit des Service, wie z.B. der Versuch, auf den Code des Service zuzugreifen, das Scannen des\n Service, das Testen von Schwachstellen des Service, Hacking, Port-Scan, das Versenden von b\u00f6sartigen oder unerw\u00fcnschten\n E-Mails (Spam), das \u00dcbertragen von Viren, W\u00fcrmern oder anderen b\u00f6sartigen oder sch\u00e4dlichen Inhalten usw.<\/li>\n\n            <li>Nichteinhaltung von geltender Gesetzgebung im Zusammenhang mit dem Service<\/li>\n\n            <li>Konkurs, Unternehmensabwicklung, Zahlungseinstellung oder Verdacht auf Insolvenz <\/li>\n        <\/ul>\n    <\/div>\n\n    <p>Mit der K\u00fcndigung erlischt Ihr Recht zur Benutzung des Service sofort. Wenn Sie Ihr Konto k\u00fcndigen m\u00f6chten,\n k\u00f6nnen Sie die Nutzung des Service einfach einstellen.<\/p>\n\n    <h3>Haftungsbeschr\u00e4nkung<\/h3>\n\n    <p>In keinem Fall haftet Farmable f\u00fcr indirekte, beil\u00e4ufig entstandene, besondere Sch\u00e4den oder Folgesch\u00e4den\n oder Schadensersatzanspr\u00fcche. Die Haftungsbeschr\u00e4nkung schlie\u00dft ein, ist aber nicht beschr\u00e4nkt auf entgangene Gewinne, Datenverluste, Nutzung, Firmenwertverluste oder andere immaterielle Verluste, die sich ergeben aus\n (i) Ihrem Zugriff auf den Service oder dessen Nutzung oder der Nichtverf\u00fcgbarkeit des Zugangs oder der Nutzung des Services; (ii) jeglichem Handeln oder verf\u00fcgbarem Inhalt von Dritten\n im Service; (iii) jeglichem Inhalt, der von dem Service erhalten wurde; und (iv) unbefugtem Zugriff, Verwendung oder\n Ver\u00e4nderung Ihrer Daten\u00fcbertragungen oder Inhalte, unabh\u00e4ngig davon, ob diese auf einer Garantie, einem Vertrag, einer unerlaubten Handlung (einschlie\u00dflich Fahrl\u00e4ssigkeit) oder\n einer anderen Rechtstheorie beruhen, unabh\u00e4ngig davon, ob wir \u00fcber die M\u00f6glichkeit eines solchen Schadens informiert wurden oder nicht, und selbst dann, wenn\n sich herausstellt, dass ein hierin dargelegtes Rechtsmittel seinen wesentlichen Zweck nicht erf\u00fcllt hat.<\/p>\n\n    <p>Unter allen Umst\u00e4nden ist die Gesamthaftung von Farmable auf die von Ihnen geleisteten Zahlungen f\u00fcr die letzten 12\n Monate vor dem anspruchsbegr\u00fcndenden Ereignis beschr\u00e4nkt.<\/p>\n\n    <h3>Haftungsausschluss<\/h3>\n\n    <p>Die Nutzung des Service erfolgt auf eigenes Risiko. Der Service wird \"WIE ER IST\"- und \"WIE VERF\u00dcGBAR\" bereitgestellt. Der\n Service wird ohne jegliche ausdr\u00fcckliche oder implizierte Gew\u00e4hrleistung bereitgestellt, einschlie\u00dflich,\n aber nicht beschr\u00e4nkt auf implizierte Gew\u00e4hrleistungen der Marktg\u00e4ngigkeit, der Eignung f\u00fcr einen bestimmten Zweck, der Nichtverletzung von Rechten Dritter oder des\n Leistungsverlaufs.<\/p>\n\n    <p>Farmable, seine Tochtergesellschaften, Partner und seine Lizenzgeber garantieren nicht, dass a) der Service\n jederzeit, sicher oder zu einem bestimmten Zeitpunkt oder an einem bestimmten Standort zur Verf\u00fcgung steht; b) jegliche Fehler oder M\u00e4ngel behoben\n werden; c) der Service und seine Inhalte frei von Viren oder anderen sch\u00e4dlichen Komponenten sind; oder d) die Ergebnisse der Nutzung des Service\n Ihren Anforderungen entsprechen.<\/p>\n\n    <h3>H\u00f6here Gewalt<\/h3>\n\n    <p>Farmable ist von Sanktionen f\u00fcr die Nichterf\u00fcllung einer Verpflichtung der zugrundeliegenden Nutzungsbedingungen und rechtlichen Vereinbarungen befreit,\n wenn die Nichterf\u00fcllung auf einem Umstand beruht, der au\u00dferhalb des Einflussbereichs von Farmable liegt und der Umstand die\n ordnungsgem\u00e4\u00dfe Erf\u00fcllung der Bedingungen durch Farmable verhindert oder wesentlich erschwert (\"Ereignis h\u00f6herer\n Gewalt\"). Als Ereignisse h\u00f6herer Gewalt gelten Blitzschlag, Unterbrechung oder Knappheit der Energieversorgung, Arbeitskampf,\n Feuer, ge\u00e4nderte Gesetze oder beh\u00f6rdliche Vorschriften, staatliche Eingriffe, Devisenbeschr\u00e4nkungen, Mangel an\n Transportmitteln oder allgemeine Warenknappheit, kriegerische oder terroristische Handlungen oder \u00e4hnliche Umst\u00e4nde sowie Fehler oder Verz\u00f6gerungen in der Lieferung oder\n Leistung eines Unterauftragnehmers aufgrund eines hierin genannten Umstandes. Wenn die Nichterf\u00fcllung durch\n Farmable aufgrund eines Ereignisses h\u00f6herer Gewalt wie oben beschrieben f\u00fcr einen Zeitraum von mehr als 90 Tagen wesentlich verhindert wird,\n sind Farmable AS oder Sie berechtigt Abonnements ohne Vertragsstrafe zu k\u00fcndigen.<\/p>\n\n    <h3>Geltendes Recht<\/h3>\n\n    <p>Diese Nutzungsbedingungen unterliegen ausschlie\u00dflich den norwegischen Gesetzen, mit Oslo als Gerichtsstand. Diese Version der Nutzungsbedingungen ist eine \u00dcbersetzung der englischen Originalversion. Im Falle von Rechtsstreitigkeiten ist die englische\n Version ma\u00dfgeblich.<\/p>\n\n    <h3>\u00c4nderungen<\/h3>\n\n    <p>Wir behalten uns das Recht vor, diese Nutzungsbedingungen jederzeit nach eigenem Ermessen zu \u00e4ndern oder zu ersetzen. Wenn eine \u00c4nderung wesentlich ist,\n werden wir versuchen Sie mindestens 30 Tage vor dem Inkrafttreten der neuen Nutzungsbedingungen zu benachrichtigen. Was eine\n wesentliche \u00c4nderung darstellt, wird nach unserem alleinigen Ermessen bestimmt.<\/p>\n\n    <p>Indem Sie nach Inkrafttreten der \u00c4nderungen weiterhin auf unseren Service zugreifen oder ihn nutzen, erkl\u00e4ren Sie sich mit den \u00fcberarbeiteten\n Nutzungsbedingungen einverstanden. Wenn Sie mit den neuen Bedingungen nicht einverstanden sind, beenden Sie bitte Ihre Nutzung des Service.<\/p>\n\n    <h3>Administratoren (Betriebsinhaber)<\/h3>\n\n    <p>Die folgenden Nutzungsbedingungen beziehen sich nur auf Benutzerkonten, die Zugriffsrechte als \u201eBetriebsinhaber\u201c haben.<\/p>\n\n    <h4>Abonnements<\/h4>\n\n    <p>Einige zus\u00e4tzliche Module des Service werden als kostenpflichtige Abonnements angeboten (\"Abonnement(e)\"). Die Abrechnung dieser Abonnements\n erfolgt im Voraus auf periodischer Basis (\"Abonnementlaufzeiten\"). Je nach erworbener Zusatzleistung bietet Farmable monatliche und j\u00e4hrliche Abonnementoptionen an.\n Am Ende einer jeden Abonnementlaufzeit verl\u00e4ngert sich Ihr Abonnement automatisch zu denselben Konditionen, sofern Sie es nicht k\u00fcndigen oder Farmable es nicht k\u00fcndigt. Sie k\u00f6nnen die Verl\u00e4ngerung Ihres Abonnements entweder \u00fcber die Farmable Online-Anwendung im Abschnitt zur Verwaltung Ihrer Abonnements in\n Ihren Kontoeinstellungen oder durch Kontaktaufnahme mit dem Farmable AS-Kundensupport k\u00fcndigen. Unabh\u00e4ngig vom Grund werden\n bei einer K\u00fcndigung oder Beendigung des Abonnements keine Zahlungen erstattet.\n Um die Zahlungen f\u00fcr Ihr Abonnement durchzuf\u00fchren, ist ein g\u00fcltiges Zahlungsmittel in Form einer Kreditkarte erforderlich.<\/p>\n\n    <p>Sie sind verpflichtet uns korrekte und vollst\u00e4ndige Rechnungsdaten zur Verf\u00fcgung zu stellen,\n einschlie\u00dflich Ihres vollst\u00e4ndigen Namens, einer E-Mail-Adresse, einer Telefonnummer und g\u00fcltiger\n Angaben zum Zahlungsmittel. Mit der \u00dcbermittlung Ihrer Zahlungsinformationen erlauben Sie uns, alle anfallenden Geb\u00fchren f\u00fcr\n Abonnements Ihres Kontos bei dem Service, automatisch \u00fcber dieses Zahlungsmittel abzurechnen.\n Sollte die automatische Abrechnung aus irgendeinem Grund nicht erfolgen, stellt Farmable eine elektronische Rechnung aus, in der Sie darauf hingewiesen werden, dass Sie die vollst\u00e4ndige Zahlung f\u00fcr\n den auf der Rechnung angegebenen Abrechnungszeitraum innerhalb eines bestimmten Termins\n manuell vornehmen m\u00fcssen.<\/p>\n\n    <h4>Kostenlose Probephase<\/h4>\n\n    <p>Farmable kann nach eigenem Ermessen Abonnements mit einer kostenlosen, zeitlich begrenzten Probephase anbieten\n (\"kostenlose Probephase\"). M\u00f6glicherweise werden Sie im Zuge der Anmeldung f\u00fcr eine kostenlose Probephase aufgefordert, Ihre Rechnungsdaten einzugeben. Wenn\n Sie Ihre Rechnungsdaten bei der Anmeldung f\u00fcr eine kostenlose Probeversion eines Abonnements eingeben, wird Ihnen die Geb\u00fchr erst nach Ablauf der kostenlosen Probephase von Farmable\n in Rechnung gestellt. Am letzten Tag der kostenlosen Probephase wird Ihr Zahlungsmittel, sofern Sie Ihr Abonnement nicht gek\u00fcndigt\n haben, automatisch mit der entsprechenden Geb\u00fchren f\u00fcr die von Ihnen gew\u00e4hlte\n Art des Abonnements belastet. Farmable beh\u00e4lt sich das Recht vor, jederzeit und ohne Vorank\u00fcndigung (i) die Bedingungen\n der kostenlosen Probephase zu \u00e4ndern oder (ii) das kostenlose Probeangebot zu beenden.<\/p>\n\n    <h4>\u00c4nderung der Geb\u00fchren<\/h4>\n\n    <p>Farmable kann jederzeit und nach eigenem Ermessen die Geb\u00fchren f\u00fcr die Abonnements \u00e4ndern. Jede\n \u00c4nderung der Geb\u00fchren wird zum Ende der aktuellen Abonnementlaufzeit wirksam. Farmable informiert Sie\n mit einer ausreichend langen Vorlaufzeit \u00fcber jegliche \u00c4nderung Ihrer Geb\u00fchren, um Ihnen die M\u00f6glichkeit zu geben,\n Ihr Abonnement zu k\u00fcndigen, bevor eine solche \u00c4nderung in Kraft tritt. Sofern Sie den Service und die von Ihnen abgeschlossenen Abonnements nicht rechtzeitig k\u00fcndigen und\n somit nach Inkrafttreten der Geb\u00fchren\u00e4nderungen weiternutzen, erkl\u00e4ren Sie sich mit den neuen\n Geb\u00fchren einverstanden.<\/p>\n\n    <h3>Kontaktiere Uns<\/h3>\n\n    <p>Bei Fragen zu dieser Datenschutzerkl\u00e4rung wenden Sie sich bitte an <a href=\"mailto:he***@******le.tech\" data-original-string=\"QTxwgBuJ934tbflW5zIZHw==a65T5GOc\/w8X4XvPz\/fRLhUp50T3XsMFWj4F43eh0GaLkw=\" title=\"Dieser Kontakt wurde von Anti-Spam by CleanTalk verschl\u00fcsselt. Klicken Sie hier, um ihn zu entschl\u00fcsseln. Um die Entschl\u00fcsselung abzuschlie\u00dfen, stellen Sie sicher, dass JavaScript in Ihrem Browser aktiviert ist.\" target=\"_blank\" rel=\"noopener\"><span class=\"orange\"><span \n                data-original-string='pCegcLfWQCW1HrgSjwGelQ==a65tfHBzhQ7RW9DWZ9WvXkeOweIOKTxO5NJfJAorPGbgsc='\n                class='apbct-email-encoder'\n                title='Dieser Kontakt wurde von Anti-Spam by CleanTalk verschl\u00fcsselt. Klicken Sie hier, um ihn zu entschl\u00fcsseln. Um die Entschl\u00fcsselung abzuschlie\u00dfen, stellen Sie sicher, dass JavaScript in Ihrem Browser aktiviert ist.'>he<span class=\"apbct-blur\">***<\/span>@<span class=\"apbct-blur\">******<\/span>le.tech<\/span><\/span><\/a><\/p>\n\t\t\t\t<\/div>\n\t\t\t\t<\/div>\n\t\t\t\t\t<\/div>\n\t\t<\/div>\n\t\t\t\t\t<\/div>\n\t\t<\/section>\n\t\t\t\t<\/div>\n\t\t","protected":false},"excerpt":{"rendered":"<p>Terms of service Last updated: August 4, 2021 Diese Allgemeinen Gesch\u00e4ftsbedingungen (&#8220;Nutzungsbedingungen&#8221;) sind Gegenstand einer rechtlich bindenden Vereinbarung zwischen Ihnen und der Farmable AS (&#8220;Farmable\u201c, \u201euns\u201c, \u201ewir\u201c oder \u201eunser\u201c). Sie regeln die Nutzung der von Farmable betriebenen Internetseite (stagingnewv2.kinsta.cloud), sowie der durch Farmable betriebenen mobilen Applikation Farmable und Online-Anwendung (my.stagingnewv2.kinsta.cloud) (zusammengefasst als der &#8220;Service&#8221;). Bitte [&hellip;]<\/p>\n","protected":false},"author":5,"featured_media":0,"parent":0,"menu_order":0,"comment_status":"closed","ping_status":"closed","template":"","meta":{"footnotes":""},"class_list":["post-55100","page","type-page","status-publish","hentry"],"_links":{"self":[{"href":"https:\/\/farmable.tech\/de\/wp-json\/wp\/v2\/pages\/55100","targetHints":{"allow":["GET"]}}],"collection":[{"href":"https:\/\/farmable.tech\/de\/wp-json\/wp\/v2\/pages"}],"about":[{"href":"https:\/\/farmable.tech\/de\/wp-json\/wp\/v2\/types\/page"}],"author":[{"embeddable":true,"href":"https:\/\/farmable.tech\/de\/wp-json\/wp\/v2\/users\/5"}],"replies":[{"embeddable":true,"href":"https:\/\/farmable.tech\/de\/wp-json\/wp\/v2\/comments?post=55100"}],"version-history":[{"count":0,"href":"https:\/\/farmable.tech\/de\/wp-json\/wp\/v2\/pages\/55100\/revisions"}],"wp:attachment":[{"href":"https:\/\/farmable.tech\/de\/wp-json\/wp\/v2\/media?parent=55100"}],"curies":[{"name":"wp","href":"https:\/\/api.w.org\/{rel}","templated":true}]}}