{"id":59141,"date":"2023-04-19T09:50:21","date_gmt":"2023-04-19T09:50:21","guid":{"rendered":"https:\/\/farmable.tech\/september-2022\/"},"modified":"2023-04-21T10:44:22","modified_gmt":"2023-04-21T10:44:22","slug":"sept-2022","status":"publish","type":"page","link":"https:\/\/farmable.tech\/de\/sept-2022\/","title":{"rendered":"September 2022"},"content":{"rendered":"\t\t<div data-elementor-type=\"wp-page\" data-elementor-id=\"59141\" class=\"elementor elementor-59141\" data-elementor-post-type=\"page\">\n\t\t\t\t\t\t<section class=\"has_ae_slider elementor-section elementor-top-section elementor-element elementor-element-5989d02b elementor-section-height-min-height elementor-section-content-middle elementor-section-stretched elementor-section-boxed elementor-section-height-default elementor-section-items-middle ae-bg-gallery-type-default\" data-id=\"5989d02b\" data-element_type=\"section\" data-e-type=\"section\" data-settings=\"{&quot;background_background&quot;:&quot;classic&quot;,&quot;stretch_section&quot;:&quot;section-stretched&quot;}\">\n\t\t\t\t\t\t\t<div class=\"elementor-background-overlay\"><\/div>\n\t\t\t\t\t\t\t<div class=\"elementor-container elementor-column-gap-default\">\n\t\t\t\t\t<div class=\"has_ae_slider elementor-column elementor-col-100 elementor-top-column elementor-element elementor-element-7e66c877 ae-bg-gallery-type-default\" data-id=\"7e66c877\" data-element_type=\"column\" data-e-type=\"column\">\n\t\t\t<div class=\"elementor-widget-wrap elementor-element-populated\">\n\t\t\t\t\t\t<div class=\"elementor-element elementor-element-68c21f64 elementor-widget elementor-widget-heading\" data-id=\"68c21f64\" data-element_type=\"widget\" data-e-type=\"widget\" data-settings=\"{&quot;ekit_we_effect_on&quot;:&quot;none&quot;}\" data-widget_type=\"heading.default\">\n\t\t\t\t<div class=\"elementor-widget-container\">\n\t\t\t\t\t<h2 class=\"elementor-heading-title elementor-size-default\">September 2022<\/h2>\t\t\t\t<\/div>\n\t\t\t\t<\/div>\n\t\t\t\t\t<\/div>\n\t\t<\/div>\n\t\t\t\t\t<\/div>\n\t\t<\/section>\n\t\t\t\t<section class=\"has_ae_slider elementor-section elementor-top-section elementor-element elementor-element-66ef7a7 elementor-section-boxed elementor-section-height-default elementor-section-height-default ae-bg-gallery-type-default\" data-id=\"66ef7a7\" data-element_type=\"section\" data-e-type=\"section\">\n\t\t\t\t\t\t<div class=\"elementor-container elementor-column-gap-default\">\n\t\t\t\t\t<div class=\"has_ae_slider elementor-column elementor-col-100 elementor-top-column elementor-element elementor-element-54e42bc ae-bg-gallery-type-default\" data-id=\"54e42bc\" data-element_type=\"column\" data-e-type=\"column\">\n\t\t\t<div class=\"elementor-widget-wrap elementor-element-populated\">\n\t\t\t\t\t\t<div class=\"elementor-element elementor-element-fc51a19 elementor-align-left elementor-widget elementor-widget-breadcrumbs\" data-id=\"fc51a19\" data-element_type=\"widget\" data-e-type=\"widget\" data-settings=\"{&quot;ekit_we_effect_on&quot;:&quot;none&quot;}\" data-widget_type=\"breadcrumbs.default\">\n\t\t\t\t<div class=\"elementor-widget-container\">\n\t\t\t\t\t<nav aria-label=\"breadcrumbs\" class=\"rank-math-breadcrumb\"><p><span class=\"last\">Home<\/span><\/p><\/nav>\t\t\t\t<\/div>\n\t\t\t\t<\/div>\n\t\t\t\t\t<\/div>\n\t\t<\/div>\n\t\t\t\t\t<\/div>\n\t\t<\/section>\n\t\t\t\t<section class=\"has_ae_slider elementor-section elementor-top-section elementor-element elementor-element-bbb0af5 elementor-section-boxed elementor-section-height-default elementor-section-height-default ae-bg-gallery-type-default\" data-id=\"bbb0af5\" data-element_type=\"section\" data-e-type=\"section\">\n\t\t\t\t\t\t\t<div class=\"elementor-background-overlay\"><\/div>\n\t\t\t\t\t\t\t<div class=\"elementor-container elementor-column-gap-default\">\n\t\t\t\t\t<div class=\"has_ae_slider elementor-column elementor-col-100 elementor-top-column elementor-element elementor-element-336da0f ae-bg-gallery-type-default\" data-id=\"336da0f\" data-element_type=\"column\" data-e-type=\"column\" data-settings=\"{&quot;background_background&quot;:&quot;classic&quot;}\">\n\t\t\t<div class=\"elementor-widget-wrap elementor-element-populated\">\n\t\t\t\t\t<div class=\"elementor-background-overlay\"><\/div>\n\t\t\t\t\t\t<div class=\"elementor-element elementor-element-8a3a4e1 elementor-widget elementor-widget-heading\" data-id=\"8a3a4e1\" data-element_type=\"widget\" data-e-type=\"widget\" data-settings=\"{&quot;ekit_we_effect_on&quot;:&quot;none&quot;}\" data-widget_type=\"heading.default\">\n\t\t\t\t<div class=\"elementor-widget-container\">\n\t\t\t\t\t<h6 class=\"elementor-heading-title elementor-size-default\">19. September 2022<\/h6>\t\t\t\t<\/div>\n\t\t\t\t<\/div>\n\t\t\t\t<div class=\"elementor-element elementor-element-7cfe538 elementor-widget elementor-widget-text-editor\" data-id=\"7cfe538\" data-element_type=\"widget\" data-e-type=\"widget\" data-settings=\"{&quot;ekit_we_effect_on&quot;:&quot;none&quot;}\" data-widget_type=\"text-editor.default\">\n\t\t\t\t<div class=\"elementor-widget-container\">\n\t\t\t\t\t\t\t\t\t<p>Willkommen zur\u00fcck! <span role=\"img\" aria-label=\"\ud83d\udc4b\">\ud83d\udc4b<\/span> Es ist eine Weile her und wir freuen uns, mit unseren neuesten Updates zur\u00fcck zu sein:<\/p>\t\t\t\t\t\t\t\t<\/div>\n\t\t\t\t<\/div>\n\t\t\t\t<div class=\"elementor-element elementor-element-f789bd6 elementor-widget elementor-widget-html\" data-id=\"f789bd6\" data-element_type=\"widget\" data-e-type=\"widget\" data-settings=\"{&quot;ekit_we_effect_on&quot;:&quot;none&quot;}\" data-widget_type=\"html.default\">\n\t\t\t\t<div class=\"elementor-widget-container\">\n\t\t\t\t\t<ul>\r\n \t<li style=\"list-style-type: disc; margin-left: 40px\">\r\n<ul>\r\n \t<li style=\"list-style-type: disc;\"><strong>Neue Farmable Marktplatz in deiner mobilen App: <\/strong><\/strong> Hast du dir schon einmal unsere zus\u00e4tzlichen Funktionen wie <a href=\"https:\/\/farmable.tech\/safe-spraying-module\/\"><span style=\"font-weight:600; border-bottom:0.05em solid;border-color: #37352f66;opacity:0.7\">Sicherer Pflanzenschutz<\/span><\/a> oder f\u00fcr die<a href=\"https:\/\/support.stagingnewv2.kinsta.cloud\/farmable\/en\/articles\/6386454-what-can-you-do-with-the-sales-management-module\" target=\"_blank\" rel=\"noopener\"><span style=\"font-weight:600; border-bottom:0.05em solid;border-color: #37352f66;opacity:0.7\">Vermarktung <\/span><\/a> angeschaut ? Jetzt kannst du sie ganz einfach als zus\u00e4tzliche Funktionen zu deinem Betrieb hinzuf\u00fcgen. Entdecke sie in unserem neuen Marktplatz in deiner mobilen App und abonniere kostenlose Testversionen der Zusatzmodule.<\/li>\r\n<\/ul>\r\n<br>\r\nIn K\u00fcrze werden auch die weiteren Module hier verf\u00fcgbar sein.\r\n<br> \r\n<br>\r\n<ul>\r\n \t<li style=\"list-style-type: disc;\"><strong>Brandneues Farmable Help Center:<\/strong> Wir haben unseren gesamten FAQ-Bereich und unser Help Center aktualisiert. Schaue dort nach, wenn du Fragen hast oder dich \u00fcber die besten Praktiken f\u00fcr die Einf\u00fchrung von Farmable in deinem Betrieb informieren m\u00f6chtest: <a href=\"https:\/\/support.stagingnewv2.kinsta.cloud\/\" target=\"_blank\" rel=\"noopener\"><span style=\" border-bottom:0.05em solid;border-color: #37352f66;opacity:0.7\">www.support.stagingnewv2.kinsta.cloud<\/span><\/a><\/li> \r\n \t<br>\r\n \t<li style=\"list-style-type: disc;\"><strong>Weitere Verbesserungen in diesem Update: <\/strong>\r\n<ul>\r\n \t<li style=\"list-style-type: circle; margin-left:40px\">Verbesserte Berechnung der aktuellen Geschwindigkeit w\u00e4hrend der GPS-Spurverfolgung einer Arbeit<\/li>\r\n \t<li style='list-style-type: circle; margin-left:40px'>Antworten auf Notizen werden wieder gesendet<\/li>\r\n<\/ul>\r\n<\/li>\r\n<\/ul>\r\n<\/li>\r\n<\/ul>\t\t\t\t<\/div>\n\t\t\t\t<\/div>\n\t\t\t\t<div class=\"elementor-element elementor-element-f1ad37c elementor-widget elementor-widget-text-editor\" data-id=\"f1ad37c\" data-element_type=\"widget\" data-e-type=\"widget\" data-settings=\"{&quot;ekit_we_effect_on&quot;:&quot;none&quot;}\" data-widget_type=\"text-editor.default\">\n\t\t\t\t<div class=\"elementor-widget-container\">\n\t\t\t\t\t\t\t\t\t<p>Teile uns dein Feedback mit, und denk daran, uns im App Store oder Google Play Store zu bewerten. Viel Erfolg f\u00fcr dieses Jahr!<\/p>\t\t\t\t\t\t\t\t<\/div>\n\t\t\t\t<\/div>\n\t\t\t\t\t<\/div>\n\t\t<\/div>\n\t\t\t\t\t<\/div>\n\t\t<\/section>\n\t\t\t\t<section class=\"has_ae_slider elementor-section elementor-top-section elementor-element elementor-element-1ad35444 elementor-section-full_width elementor-section-stretched elementor-section-height-default elementor-section-height-default ae-bg-gallery-type-default\" data-id=\"1ad35444\" data-element_type=\"section\" data-e-type=\"section\" data-settings=\"{&quot;stretch_section&quot;:&quot;section-stretched&quot;,&quot;background_background&quot;:&quot;classic&quot;}\">\n\t\t\t\t\t\t<div class=\"elementor-container elementor-column-gap-default\">\n\t\t\t\t\t<div class=\"has_ae_slider elementor-column elementor-col-100 elementor-top-column elementor-element elementor-element-6e32d939 ae-bg-gallery-type-default\" data-id=\"6e32d939\" data-element_type=\"column\" data-e-type=\"column\">\n\t\t\t<div class=\"elementor-widget-wrap elementor-element-populated\">\n\t\t\t\t\t\t\t<\/div>\n\t\t<\/div>\n\t\t\t\t\t<\/div>\n\t\t<\/section>\n\t\t\t\t<\/div>\n\t\t","protected":false},"excerpt":{"rendered":"<p>September 2022 Home 19. September 2022 Willkommen zur\u00fcck! \ud83d\udc4b Es ist eine Weile her und wir freuen uns, mit unseren neuesten Updates zur\u00fcck zu sein: Neue Farmable Marktplatz in deiner mobilen App: Hast du dir schon einmal unsere zus\u00e4tzlichen Funktionen wie Sicherer Pflanzenschutz oder f\u00fcr dieVermarktung angeschaut ? Jetzt kannst du sie ganz einfach als [&hellip;]<\/p>\n","protected":false},"author":5,"featured_media":0,"parent":0,"menu_order":0,"comment_status":"closed","ping_status":"closed","template":"","meta":{"footnotes":""},"class_list":["post-59141","page","type-page","status-publish","hentry"],"_links":{"self":[{"href":"https:\/\/farmable.tech\/de\/wp-json\/wp\/v2\/pages\/59141","targetHints":{"allow":["GET"]}}],"collection":[{"href":"https:\/\/farmable.tech\/de\/wp-json\/wp\/v2\/pages"}],"about":[{"href":"https:\/\/farmable.tech\/de\/wp-json\/wp\/v2\/types\/page"}],"author":[{"embeddable":true,"href":"https:\/\/farmable.tech\/de\/wp-json\/wp\/v2\/users\/5"}],"replies":[{"embeddable":true,"href":"https:\/\/farmable.tech\/de\/wp-json\/wp\/v2\/comments?post=59141"}],"version-history":[{"count":11,"href":"https:\/\/farmable.tech\/de\/wp-json\/wp\/v2\/pages\/59141\/revisions"}],"predecessor-version":[{"id":59854,"href":"https:\/\/farmable.tech\/de\/wp-json\/wp\/v2\/pages\/59141\/revisions\/59854"}],"wp:attachment":[{"href":"https:\/\/farmable.tech\/de\/wp-json\/wp\/v2\/media?parent=59141"}],"curies":[{"name":"wp","href":"https:\/\/api.w.org\/{rel}","templated":true}]}}