{"id":54995,"date":"2022-12-20T13:30:48","date_gmt":"2022-12-20T13:30:48","guid":{"rendered":"https:\/\/ft.proditech.in\/data-privacy\/"},"modified":"2023-02-17T12:47:11","modified_gmt":"2023-02-17T12:47:11","slug":"data-privacy","status":"publish","type":"page","link":"https:\/\/farmable.tech\/es\/data-privacy\/","title":{"rendered":"Live &#8211; Data Privacy"},"content":{"rendered":"\t\t<div data-elementor-type=\"wp-page\" data-elementor-id=\"54995\" class=\"elementor elementor-54995 elementor-46421\" data-elementor-post-type=\"page\">\n\t\t\t\t\t\t<section class=\"has_ae_slider elementor-section elementor-top-section elementor-element elementor-element-5d0b138 elementor-section-boxed elementor-section-height-default elementor-section-height-default ae-bg-gallery-type-default\" data-id=\"5d0b138\" data-element_type=\"section\" data-e-type=\"section\">\n\t\t\t\t\t\t<div class=\"elementor-container elementor-column-gap-default\">\n\t\t\t\t\t<div class=\"has_ae_slider elementor-column elementor-col-100 elementor-top-column elementor-element elementor-element-1c7925a ae-bg-gallery-type-default\" data-id=\"1c7925a\" data-element_type=\"column\" data-e-type=\"column\">\n\t\t\t<div class=\"elementor-widget-wrap elementor-element-populated\">\n\t\t\t\t\t\t<div class=\"elementor-element elementor-element-bcb1463 elementor-widget elementor-widget-heading\" data-id=\"bcb1463\" data-element_type=\"widget\" data-e-type=\"widget\" data-settings=\"{&quot;ekit_we_effect_on&quot;:&quot;none&quot;}\" data-widget_type=\"heading.default\">\n\t\t\t\t<div class=\"elementor-widget-container\">\n\t\t\t\t\t<h2 class=\"elementor-heading-title elementor-size-default\">Privacidad de datos<\/h2>\t\t\t\t<\/div>\n\t\t\t\t<\/div>\n\t\t\t\t<div class=\"elementor-element elementor-element-27cf615 elementor-widget-divider--view-line elementor-widget elementor-widget-divider\" data-id=\"27cf615\" data-element_type=\"widget\" data-e-type=\"widget\" data-settings=\"{&quot;ekit_we_effect_on&quot;:&quot;none&quot;}\" data-widget_type=\"divider.default\">\n\t\t\t\t<div class=\"elementor-widget-container\">\n\t\t\t\t\t\t\t<div class=\"elementor-divider\">\n\t\t\t<span class=\"elementor-divider-separator\">\n\t\t\t\t\t\t<\/span>\n\t\t<\/div>\n\t\t\t\t\t\t<\/div>\n\t\t\t\t<\/div>\n\t\t\t\t\t<\/div>\n\t\t<\/div>\n\t\t\t\t\t<\/div>\n\t\t<\/section>\n\t\t\t\t<section class=\"has_ae_slider elementor-section elementor-top-section elementor-element elementor-element-392bf37 elementor-section-boxed elementor-section-height-default elementor-section-height-default ae-bg-gallery-type-default\" data-id=\"392bf37\" data-element_type=\"section\" data-e-type=\"section\">\n\t\t\t\t\t\t<div class=\"elementor-container elementor-column-gap-default\">\n\t\t\t\t\t<div class=\"has_ae_slider elementor-column elementor-col-100 elementor-top-column elementor-element elementor-element-198d3e2 ae-bg-gallery-type-default\" data-id=\"198d3e2\" data-element_type=\"column\" data-e-type=\"column\">\n\t\t\t<div class=\"elementor-widget-wrap elementor-element-populated\">\n\t\t\t\t\t\t<div class=\"elementor-element elementor-element-3399e8a elementor-widget elementor-widget-html\" data-id=\"3399e8a\" data-element_type=\"widget\" data-e-type=\"widget\" data-settings=\"{&quot;ekit_we_effect_on&quot;:&quot;none&quot;}\" data-widget_type=\"html.default\">\n\t\t\t\t<div class=\"elementor-widget-container\">\n\t\t\t\t\t<p>Entendemos la importancia de la privacidad de los datos y tratamos tus datos con la m\u00e1xima confidencialidad y discreci\u00f3n. Somos conscientes de que tus datos forman parte de tu negocio.<\/p>\n\n        <p>Para nosotros es primordial garantizar el almacenamiento y manejo seguro y protegido de todos los datos personales y agr\u00edcolas, y puedes hacerlo con total confianza en la plataforma Farmable. <\/p>\n\n       \n\n        <h4>\u00bfQu\u00e9 tratamiento hacemos de tus datos?<\/h4>\n        <p>Cumplimos con el Reglamento General de Protecci\u00f3n de Datos de la Uni\u00f3n Europea (\"RGPD\"). En Farmable puedes administrar tu explotaci\u00f3n de forma segura y tienes derecho a acceder, editar y eliminar tus datos cuando y como quieras. Todos los datos que proporciones a la plataforma Farmable se almacenar\u00e1n de forma privada a menos que des tu consentimiento expl\u00edcito para compartirlos.<\/p>\n\n\n\n\n        <h4>Nos preocupamos por mantener tus datos seguros<\/h4>\n        <p>T\u00fa eres el propietario de tu finca en Farmable y podr\u00e1s controlar el nivel de acceso que des a los miembros de tu equipo en funci\u00f3n de cu\u00e1les sean sus <a href=\"https:\/\/www.notion.so\/Team-13b63e39743c4be18d46374b91695498\" target=\"_blank\" rel=\"noopener\"><span class=\"orange\">roles<\/span><\/a>. T\u00fa decides a qui\u00e9n quieres invitar a la finca y con qui\u00e9n quieres compartir tus datos.<\/p>\n\n        <p>Tanto la App Farmable como el Portal Web contienen datos personales y agr\u00edcolas sobre los que t\u00fa tienes el control absoluto. Esto significa que tus datos nunca ser\u00e1n vendidos o compartidos sin tu permiso.<\/p>\n\n\n        <h4>\u00bfQu\u00e9 son los datos agr\u00edcolas?<\/h4>\n        <p>Los datos agr\u00edcolas son aquellos datos vinculados a tus actividades agr\u00edcolas que t\u00fa mismo introduces en la App y el Portal Web. Estos pueden incluir ubicaciones de campo, registros de trabajos, registros de cosechas o notas de campo. Los datos agr\u00edcolas son propiedad de la finca y se controlan a trav\u00e9s de la cuenta del usuario, que es quien tiene el rol de \u201cDue\u00f1o\u201d de la finca.<\/p>\n\n        <p>Te garantizamos que con Farmable toda la informaci\u00f3n privada de tu explotaci\u00f3n agr\u00edcola estar\u00e1 siempre segura y protegida.<\/p> \n\n        <h4>\u00bfQu\u00e9 son los datos personales?<\/h4>\n\n         <p>Los datos personales son cualquier dato vinculado a ti como usuario de la App y del Portal Web. Estos datos pueden incluir tu nombre, direcci\u00f3n de correo electr\u00f3nico, direcci\u00f3n postal y n\u00famero de tel\u00e9fono, entre otros. Tus datos personales siempre ser\u00e1n de tu propiedad. <\/p>\n\n         <p>Entendemos que dichos datos son extremadamente confidenciales, por lo que empleamos unas estrictas pol\u00edticas de privacidad para protegerlos. <\/p>\n\n        <h4>\u00bfC\u00f3mo almacenamos tus datos?<\/h4>\n        <p>El objetivo de Farmable es ofrecer el mejor servicio a sus clientes. Por eso utilizamos una opci\u00f3n de almacenamiento en la nube que cumple con todas estas certificaciones:<\/p>\n        \n        <div class=\"copy-list\">\n          <ul class=\"copy-bullets\">\n            <li>ISO 27001 para la gesti\u00f3n de la informaci\u00f3n<\/li>\n            <li>ISO 27018 para la protecci\u00f3n de datos personales <\/li>\n            <li>ISO 27017 para el control de seguridad de la informaci\u00f3n en la nube<\/li>\n          <\/ul>\n        <\/div>\n        <br>\n        <h4>\u00bfQuieres m\u00e1s informaci\u00f3n sobre c\u00f3mo manejamos tus datos?<\/h4>\n        <p>Puedes ponerte en contacto con nosotros a trav\u00e9s de <a href=\"mailto:su*****@******le.tech\" data-original-string=\"VwobZ6myw5BintqiYltNSQ==a654vMRJupZwosqYF1+OXgayrKGWcakrxFHYt0LcUXYEl4=\" title=\"Este contacto ha sido codificado por Anti-Spam by CleanTalk. Haz clic para decodificar. Para finalizar la decodificaci\u00f3n, aseg\u00farate de que JavaScript est\u00e1 activado en tu navegador.\" target=\"_blank\" rel=\"noopener\"><span class=\"orange\"><span \n                data-original-string='SYGJtCvo4mSxp\/qDl5mmoQ==a65Fu1zB5fTYYhdE111+Frb6e14MrSpOktfRMvWcCogy7w='\n                class='apbct-email-encoder'\n                title='Este contacto ha sido codificado por Anti-Spam by CleanTalk. Haz clic para decodificar. Para finalizar la decodificaci\u00f3n, aseg\u00farate de que JavaScript est\u00e1 activado en tu navegador.'>su<span class=\"apbct-blur\">*****<\/span>@<span class=\"apbct-blur\">******<\/span>le.tech<\/span><\/span><\/a> si tienes alguna consulta sobre la privacidad de tus datos. Tambi\u00e9n puedes echar un vistazo a nuestra <a href=\"https:\/\/farmable.tech\/privacy-policy\/\" target=\"_blank\" rel=\"noopener\"><span class=\"orange\">pol\u00edtica de privacidad<\/span><\/a> para obtener m\u00e1s informaci\u00f3n.<\/p>\n      \t\t\t\t<\/div>\n\t\t\t\t<\/div>\n\t\t\t\t\t<\/div>\n\t\t<\/div>\n\t\t\t\t\t<\/div>\n\t\t<\/section>\n\t\t\t\t<\/div>\n\t\t","protected":false},"excerpt":{"rendered":"<p>Privacidad de datos Entendemos la importancia de la privacidad de los datos y tratamos tus datos con la m\u00e1xima confidencialidad y discreci\u00f3n. Somos conscientes de que tus datos forman parte de tu negocio. Para nosotros es primordial garantizar el almacenamiento y manejo seguro y protegido de todos los datos personales y agr\u00edcolas, y puedes hacerlo [&hellip;]<\/p>\n","protected":false},"author":5,"featured_media":0,"parent":0,"menu_order":0,"comment_status":"closed","ping_status":"closed","template":"","meta":{"footnotes":""},"class_list":["post-54995","page","type-page","status-publish","hentry"],"_links":{"self":[{"href":"https:\/\/farmable.tech\/es\/wp-json\/wp\/v2\/pages\/54995","targetHints":{"allow":["GET"]}}],"collection":[{"href":"https:\/\/farmable.tech\/es\/wp-json\/wp\/v2\/pages"}],"about":[{"href":"https:\/\/farmable.tech\/es\/wp-json\/wp\/v2\/types\/page"}],"author":[{"embeddable":true,"href":"https:\/\/farmable.tech\/es\/wp-json\/wp\/v2\/users\/5"}],"replies":[{"embeddable":true,"href":"https:\/\/farmable.tech\/es\/wp-json\/wp\/v2\/comments?post=54995"}],"version-history":[{"count":4,"href":"https:\/\/farmable.tech\/es\/wp-json\/wp\/v2\/pages\/54995\/revisions"}],"predecessor-version":[{"id":56977,"href":"https:\/\/farmable.tech\/es\/wp-json\/wp\/v2\/pages\/54995\/revisions\/56977"}],"wp:attachment":[{"href":"https:\/\/farmable.tech\/es\/wp-json\/wp\/v2\/media?parent=54995"}],"curies":[{"name":"wp","href":"https:\/\/api.w.org\/{rel}","templated":true}]}}