{"id":55009,"date":"2022-12-13T11:45:37","date_gmt":"2022-12-13T11:45:37","guid":{"rendered":"https:\/\/ft.proditech.in\/the-idea\/"},"modified":"2024-05-29T14:09:15","modified_gmt":"2024-05-29T14:09:15","slug":"the-idea","status":"publish","type":"page","link":"https:\/\/farmable.tech\/es\/the-idea\/","title":{"rendered":"The Idea"},"content":{"rendered":"\t\t<div data-elementor-type=\"wp-page\" data-elementor-id=\"55009\" class=\"elementor elementor-55009\" data-elementor-post-type=\"page\">\n\t\t\t\t\t\t<section class=\"has_ae_slider elementor-section elementor-top-section elementor-element elementor-element-41466a57 elementor-section-height-min-height elementor-section-content-middle elementor-section-stretched elementor-section-boxed elementor-section-height-default elementor-section-items-middle ae-bg-gallery-type-default\" data-id=\"41466a57\" data-element_type=\"section\" data-e-type=\"section\" data-settings=\"{&quot;background_background&quot;:&quot;classic&quot;,&quot;stretch_section&quot;:&quot;section-stretched&quot;}\">\n\t\t\t\t\t\t\t<div class=\"elementor-background-overlay\"><\/div>\n\t\t\t\t\t\t\t<div class=\"elementor-container elementor-column-gap-default\">\n\t\t\t\t\t<div class=\"has_ae_slider elementor-column elementor-col-100 elementor-top-column elementor-element elementor-element-5c6fe860 ae-bg-gallery-type-default\" data-id=\"5c6fe860\" data-element_type=\"column\" data-e-type=\"column\">\n\t\t\t<div class=\"elementor-widget-wrap elementor-element-populated\">\n\t\t\t\t\t\t<div class=\"elementor-element elementor-element-7a8ee0e7 elementor-widget elementor-widget-heading\" data-id=\"7a8ee0e7\" data-element_type=\"widget\" data-e-type=\"widget\" data-settings=\"{&quot;ekit_we_effect_on&quot;:&quot;none&quot;}\" data-widget_type=\"heading.default\">\n\t\t\t\t<div class=\"elementor-widget-container\">\n\t\t\t\t\t<h2 class=\"elementor-heading-title elementor-size-default\">La idea<\/h2>\t\t\t\t<\/div>\n\t\t\t\t<\/div>\n\t\t\t\t<div class=\"elementor-element elementor-element-1a14f486 elementor-widget elementor-widget-text-editor\" data-id=\"1a14f486\" data-element_type=\"widget\" data-e-type=\"widget\" data-settings=\"{&quot;ekit_we_effect_on&quot;:&quot;none&quot;}\" data-widget_type=\"text-editor.default\">\n\t\t\t\t<div class=\"elementor-widget-container\">\n\t\t\t\t\t\t\t\t\t<span style=\"color: #ffffff;\">\u00a1Nuestro objetivo es que todos los agricultores puedan llevar el futuro de la agricultura en su propio bolsillo! <\/span>\t\t\t\t\t\t\t\t<\/div>\n\t\t\t\t<\/div>\n\t\t\t\t<section class=\"has_ae_slider elementor-section elementor-inner-section elementor-element elementor-element-1075e809 elementor-section-boxed elementor-section-height-default elementor-section-height-default ae-bg-gallery-type-default\" data-id=\"1075e809\" data-element_type=\"section\" data-e-type=\"section\">\n\t\t\t\t\t\t<div class=\"elementor-container elementor-column-gap-default\">\n\t\t\t\t\t<div class=\"has_ae_slider elementor-column elementor-col-50 elementor-inner-column elementor-element elementor-element-26295745 ae-bg-gallery-type-default\" data-id=\"26295745\" data-element_type=\"column\" data-e-type=\"column\">\n\t\t\t<div class=\"elementor-widget-wrap elementor-element-populated\">\n\t\t\t\t\t\t<div class=\"elementor-element elementor-element-674e3e6 elementor-widget elementor-widget-image\" data-id=\"674e3e6\" data-element_type=\"widget\" data-e-type=\"widget\" data-settings=\"{&quot;ekit_we_effect_on&quot;:&quot;none&quot;}\" data-widget_type=\"image.default\">\n\t\t\t\t<div class=\"elementor-widget-container\">\n\t\t\t\t\t\t\t\t\t\t\t\t\t\t\t\t<a href=\"https:\/\/download.stagingnewv2.kinsta.cloud\/OLoq\/fbddc9e\" target=\"_blank\" rel=\"noopener\">\n\t\t\t\t\t\t\t<img fetchpriority=\"high\" decoding=\"async\" width=\"541\" height=\"160\" src=\"https:\/\/farmable.tech\/wp-content\/uploads\/2023\/01\/Appstore.png\" class=\"attachment-full size-full wp-image-52321\" alt=\"\" srcset=\"https:\/\/farmable.tech\/wp-content\/uploads\/2023\/01\/Appstore.png 541w, https:\/\/farmable.tech\/wp-content\/uploads\/2023\/01\/Appstore-300x89.png 300w\" sizes=\"(max-width: 541px) 100vw, 541px\" title=\"\">\t\t\t\t\t\t\t\t<\/a>\n\t\t\t\t\t\t\t\t\t\t\t\t\t\t\t<\/div>\n\t\t\t\t<\/div>\n\t\t\t\t\t<\/div>\n\t\t<\/div>\n\t\t\t\t<div class=\"has_ae_slider elementor-column elementor-col-50 elementor-inner-column elementor-element elementor-element-5e0d7da9 ae-bg-gallery-type-default\" data-id=\"5e0d7da9\" data-element_type=\"column\" data-e-type=\"column\">\n\t\t\t<div class=\"elementor-widget-wrap elementor-element-populated\">\n\t\t\t\t\t\t<div class=\"elementor-element elementor-element-5a206d10 elementor-widget elementor-widget-image\" data-id=\"5a206d10\" data-element_type=\"widget\" data-e-type=\"widget\" data-settings=\"{&quot;ekit_we_effect_on&quot;:&quot;none&quot;}\" data-widget_type=\"image.default\">\n\t\t\t\t<div class=\"elementor-widget-container\">\n\t\t\t\t\t\t\t\t\t\t\t\t\t\t\t\t<a href=\"https:\/\/download.stagingnewv2.kinsta.cloud\/OLoq\/9f2d9a56\" target=\"_blank\" rel=\"noopener\">\n\t\t\t\t\t\t\t<img decoding=\"async\" width=\"541\" height=\"160\" src=\"https:\/\/farmable.tech\/wp-content\/uploads\/2023\/01\/google-play.png\" class=\"attachment-full size-full wp-image-52322\" alt=\"\" srcset=\"https:\/\/farmable.tech\/wp-content\/uploads\/2023\/01\/google-play.png 541w, https:\/\/farmable.tech\/wp-content\/uploads\/2023\/01\/google-play-300x89.png 300w\" sizes=\"(max-width: 541px) 100vw, 541px\" title=\"\">\t\t\t\t\t\t\t\t<\/a>\n\t\t\t\t\t\t\t\t\t\t\t\t\t\t\t<\/div>\n\t\t\t\t<\/div>\n\t\t\t\t\t<\/div>\n\t\t<\/div>\n\t\t\t\t\t<\/div>\n\t\t<\/section>\n\t\t\t\t\t<\/div>\n\t\t<\/div>\n\t\t\t\t\t<\/div>\n\t\t<\/section>\n\t\t\t\t<section class=\"has_ae_slider elementor-section elementor-top-section elementor-element elementor-element-8747bc7 elementor-section-boxed elementor-section-height-default elementor-section-height-default ae-bg-gallery-type-default\" data-id=\"8747bc7\" data-element_type=\"section\" data-e-type=\"section\">\n\t\t\t\t\t\t<div class=\"elementor-container elementor-column-gap-default\">\n\t\t\t\t\t<div class=\"has_ae_slider elementor-column elementor-col-100 elementor-top-column elementor-element elementor-element-464b304 ae-bg-gallery-type-default\" data-id=\"464b304\" data-element_type=\"column\" data-e-type=\"column\">\n\t\t\t<div class=\"elementor-widget-wrap elementor-element-populated\">\n\t\t\t\t\t\t<div class=\"elementor-element elementor-element-c986542 elementor-align-left elementor-widget elementor-widget-breadcrumbs\" data-id=\"c986542\" data-element_type=\"widget\" data-e-type=\"widget\" data-settings=\"{&quot;ekit_we_effect_on&quot;:&quot;none&quot;}\" data-widget_type=\"breadcrumbs.default\">\n\t\t\t\t<div class=\"elementor-widget-container\">\n\t\t\t\t\t<nav aria-label=\"breadcrumbs\" class=\"rank-math-breadcrumb\"><p><span class=\"last\">Home<\/span><\/p><\/nav>\t\t\t\t<\/div>\n\t\t\t\t<\/div>\n\t\t\t\t\t<\/div>\n\t\t<\/div>\n\t\t\t\t\t<\/div>\n\t\t<\/section>\n\t\t\t\t<section class=\"has_ae_slider elementor-section elementor-top-section elementor-element elementor-element-d544576 elementor-section-boxed elementor-section-height-default elementor-section-height-default ae-bg-gallery-type-default\" data-id=\"d544576\" data-element_type=\"section\" data-e-type=\"section\">\n\t\t\t\t\t\t\t<div class=\"elementor-background-overlay\"><\/div>\n\t\t\t\t\t\t\t<div class=\"elementor-container elementor-column-gap-default\">\n\t\t\t\t\t<div class=\"has_ae_slider elementor-column elementor-col-50 elementor-top-column elementor-element elementor-element-9fbd2f3 ae-bg-gallery-type-default\" data-id=\"9fbd2f3\" data-element_type=\"column\" data-e-type=\"column\" data-settings=\"{&quot;background_background&quot;:&quot;classic&quot;}\">\n\t\t\t<div class=\"elementor-widget-wrap elementor-element-populated\">\n\t\t\t\t\t<div class=\"elementor-background-overlay\"><\/div>\n\t\t\t\t\t\t<div class=\"elementor-element elementor-element-192fea2 elementor-widget elementor-widget-heading\" data-id=\"192fea2\" data-element_type=\"widget\" data-e-type=\"widget\" data-settings=\"{&quot;ekit_we_effect_on&quot;:&quot;none&quot;}\" data-widget_type=\"heading.default\">\n\t\t\t\t<div class=\"elementor-widget-container\">\n\t\t\t\t\t<h3 class=\"elementor-heading-title elementor-size-default\">Nuestra visi\u00f3n<\/h3>\t\t\t\t<\/div>\n\t\t\t\t<\/div>\n\t\t\t\t<div class=\"elementor-element elementor-element-787ec7f elementor-widget elementor-widget-text-editor\" data-id=\"787ec7f\" data-element_type=\"widget\" data-e-type=\"widget\" data-settings=\"{&quot;ekit_we_effect_on&quot;:&quot;none&quot;}\" data-widget_type=\"text-editor.default\">\n\t\t\t\t<div class=\"elementor-widget-container\">\n\t\t\t\t\t\t\t\t\t<p>En los pr\u00f3ximos treinta a\u00f1os, la poblaci\u00f3n mundial alcanzar\u00e1 los 10 mil millones de habitantes. Esto significa que har\u00e1 falta producir un 70% mas de alimentos que en la actualidad. Al mismo tiempo, las tierras de cultivo disponibles en la actualidad seguir\u00e1n siendo pr\u00e1cticamente las mismas y los problemas medioambientales exigen que cuidemos a\u00fan m\u00e1s de nuestros recursos naturales.<\/p>\n\n<p>Una mejora en la eficiencia de las operaciones en el campo ser\u00e1 clave en los a\u00f1os por venir.<\/p>\n\n<p>Teniendo esto en cuenta, nuestro equipo trabaja incansablemente en la simplificaci\u00f3n de los procesos de gesti\u00f3n especialmente en explotaciones de frutales.<\/p>\t\t\t\t\t\t\t\t<\/div>\n\t\t\t\t<\/div>\n\t\t\t\t\t<\/div>\n\t\t<\/div>\n\t\t\t\t<div class=\"has_ae_slider elementor-column elementor-col-50 elementor-top-column elementor-element elementor-element-9028864 ae-bg-gallery-type-default\" data-id=\"9028864\" data-element_type=\"column\" data-e-type=\"column\">\n\t\t\t<div class=\"elementor-widget-wrap elementor-element-populated\">\n\t\t\t\t\t\t<div class=\"elementor-element elementor-element-90bbb1a elementor-widget elementor-widget-image\" data-id=\"90bbb1a\" data-element_type=\"widget\" data-e-type=\"widget\" data-settings=\"{&quot;ekit_we_effect_on&quot;:&quot;none&quot;}\" data-widget_type=\"image.default\">\n\t\t\t\t<div class=\"elementor-widget-container\">\n\t\t\t\t\t\t\t\t\t\t\t\t\t\t\t<img decoding=\"async\" width=\"585\" height=\"520\" src=\"https:\/\/farmable.tech\/wp-content\/uploads\/2023\/01\/img-2.png\" class=\"attachment-large size-large wp-image-52334\" alt=\"\" srcset=\"https:\/\/farmable.tech\/wp-content\/uploads\/2023\/01\/img-2.png 585w, https:\/\/farmable.tech\/wp-content\/uploads\/2023\/01\/img-2-300x267.png 300w\" sizes=\"(max-width: 585px) 100vw, 585px\" title=\"\">\t\t\t\t\t\t\t\t\t\t\t\t\t\t\t<\/div>\n\t\t\t\t<\/div>\n\t\t\t\t\t<\/div>\n\t\t<\/div>\n\t\t\t\t\t<\/div>\n\t\t<\/section>\n\t\t\t\t<section class=\"has_ae_slider elementor-section elementor-top-section elementor-element elementor-element-54bbc8a elementor-section-boxed elementor-section-height-default elementor-section-height-default ae-bg-gallery-type-default\" data-id=\"54bbc8a\" data-element_type=\"section\" data-e-type=\"section\">\n\t\t\t\t\t\t\t<div class=\"elementor-background-overlay\"><\/div>\n\t\t\t\t\t\t\t<div class=\"elementor-container elementor-column-gap-default\">\n\t\t\t\t\t<div class=\"has_ae_slider elementor-column elementor-col-50 elementor-top-column elementor-element elementor-element-3413710 ae-bg-gallery-type-default\" data-id=\"3413710\" data-element_type=\"column\" data-e-type=\"column\">\n\t\t\t<div class=\"elementor-widget-wrap elementor-element-populated\">\n\t\t\t\t\t\t<div class=\"elementor-element elementor-element-f6a7bf2 elementor-widget elementor-widget-image\" data-id=\"f6a7bf2\" data-element_type=\"widget\" data-e-type=\"widget\" data-settings=\"{&quot;ekit_we_effect_on&quot;:&quot;none&quot;}\" data-widget_type=\"image.default\">\n\t\t\t\t<div class=\"elementor-widget-container\">\n\t\t\t\t\t\t\t\t\t\t\t\t\t\t\t<img loading=\"lazy\" decoding=\"async\" width=\"584\" height=\"520\" src=\"https:\/\/farmable.tech\/wp-content\/uploads\/2023\/01\/img-3.png\" class=\"attachment-large size-large wp-image-52333\" alt=\"\" srcset=\"https:\/\/farmable.tech\/wp-content\/uploads\/2023\/01\/img-3.png 584w, https:\/\/farmable.tech\/wp-content\/uploads\/2023\/01\/img-3-300x267.png 300w\" sizes=\"(max-width: 584px) 100vw, 584px\" title=\"\">\t\t\t\t\t\t\t\t\t\t\t\t\t\t\t<\/div>\n\t\t\t\t<\/div>\n\t\t\t\t\t<\/div>\n\t\t<\/div>\n\t\t\t\t<div class=\"has_ae_slider elementor-column elementor-col-50 elementor-top-column elementor-element elementor-element-5cb6933 ae-bg-gallery-type-default\" data-id=\"5cb6933\" data-element_type=\"column\" data-e-type=\"column\" data-settings=\"{&quot;background_background&quot;:&quot;classic&quot;}\">\n\t\t\t<div class=\"elementor-widget-wrap elementor-element-populated\">\n\t\t\t\t\t<div class=\"elementor-background-overlay\"><\/div>\n\t\t\t\t\t\t<div class=\"elementor-element elementor-element-bb4a622 elementor-widget elementor-widget-heading\" data-id=\"bb4a622\" data-element_type=\"widget\" data-e-type=\"widget\" data-settings=\"{&quot;ekit_we_effect_on&quot;:&quot;none&quot;}\" data-widget_type=\"heading.default\">\n\t\t\t\t<div class=\"elementor-widget-container\">\n\t\t\t\t\t<h3 class=\"elementor-heading-title elementor-size-default\">Nuestra misi\u00f3n<\/h3>\t\t\t\t<\/div>\n\t\t\t\t<\/div>\n\t\t\t\t<div class=\"elementor-element elementor-element-ccbf1a5 elementor-widget elementor-widget-text-editor\" data-id=\"ccbf1a5\" data-element_type=\"widget\" data-e-type=\"widget\" data-settings=\"{&quot;ekit_we_effect_on&quot;:&quot;none&quot;}\" data-widget_type=\"text-editor.default\">\n\t\t\t\t<div class=\"elementor-widget-container\">\n\t\t\t\t\t\t\t\t\t<p>Nuestra misi\u00f3n es reinventar la forma en que los agricultores recopilan, organizan y usan sus datos, ayud\u00e1ndolos a mejorar el rendimiento al mismo tiempo que cuidan el medio ambiente.<\/p><p>Farmable se fund\u00f3 con una idea muy simple: crear una herramienta digital rentable y f\u00e1cil de usar para gestionar de forma sencilla las operaciones agr\u00edcolas a trav\u00e9s de una plataforma que los <strong>productores de frutas y \u00e1rboles<\/strong> est\u00e9n dispuestos a usar de manera habitual.<\/p><p>Rompiendo con la norma de la industria de crear soluciones agr\u00edcolas complejas y costosas dise\u00f1adas para escritorio, hemos creado la App m\u00f3vil Farmable como una aplicaci\u00f3n de administraci\u00f3n de fincas f\u00e1cil de usar y manejar para los agricultores.<\/p><p>Farmable permite realizar un seguimiento sencillo de varias operaciones en el campo como la <strong>pulverizaci\u00f3n<\/strong>, <strong>recolecci\u00f3n<\/strong> y otra serie de trabajos, lo cual permite ahorrar una inmensa cantidad de tiempo y energ\u00eda invertidos en hojas de c\u00e1lculo, documentaci\u00f3n y otras tecnolog\u00edas que se emplean sin conexi\u00f3n a internet.<\/p>\t\t\t\t\t\t\t\t<\/div>\n\t\t\t\t<\/div>\n\t\t\t\t\t<\/div>\n\t\t<\/div>\n\t\t\t\t\t<\/div>\n\t\t<\/section>\n\t\t\t\t<section class=\"has_ae_slider elementor-section elementor-top-section elementor-element elementor-element-5ae6ccdb elementor-section-boxed elementor-section-height-default elementor-section-height-default ae-bg-gallery-type-default\" data-id=\"5ae6ccdb\" data-element_type=\"section\" data-e-type=\"section\" data-settings=\"{&quot;background_background&quot;:&quot;classic&quot;}\">\n\t\t\t\t\t\t<div class=\"elementor-container elementor-column-gap-default\">\n\t\t\t\t\t<div class=\"has_ae_slider elementor-column elementor-col-100 elementor-top-column elementor-element elementor-element-938a89e ae-bg-gallery-type-default\" data-id=\"938a89e\" data-element_type=\"column\" data-e-type=\"column\">\n\t\t\t<div class=\"elementor-widget-wrap elementor-element-populated\">\n\t\t\t\t\t\t<section class=\"has_ae_slider elementor-section elementor-inner-section elementor-element elementor-element-2616ba7 all-column-gap elementor-section-boxed elementor-section-height-default elementor-section-height-default ae-bg-gallery-type-default\" data-id=\"2616ba7\" data-element_type=\"section\" data-e-type=\"section\">\n\t\t\t\t\t\t<div class=\"elementor-container elementor-column-gap-default\">\n\t\t\t\t\t<div class=\"has_ae_slider elementor-column elementor-col-33 elementor-inner-column elementor-element elementor-element-d8ca26b ae-bg-gallery-type-default\" data-id=\"d8ca26b\" data-element_type=\"column\" data-e-type=\"column\" data-settings=\"{&quot;background_background&quot;:&quot;classic&quot;}\">\n\t\t\t<div class=\"elementor-widget-wrap elementor-element-populated\">\n\t\t\t\t\t\t<div class=\"elementor-element elementor-element-6983334 elementor-position-top elementor-widget elementor-widget-image-box\" data-id=\"6983334\" data-element_type=\"widget\" data-e-type=\"widget\" data-settings=\"{&quot;ekit_we_effect_on&quot;:&quot;none&quot;}\" data-widget_type=\"image-box.default\">\n\t\t\t\t<div class=\"elementor-widget-container\">\n\t\t\t\t\t<div class=\"elementor-image-box-wrapper\"><figure class=\"elementor-image-box-img\"><img loading=\"lazy\" decoding=\"async\" width=\"64\" height=\"64\" src=\"https:\/\/farmable.tech\/wp-content\/uploads\/2023\/01\/icon-1.png\" class=\"attachment-full size-full wp-image-52323\" alt=\"\" title=\"\" srcset=\"https:\/\/farmable.tech\/wp-content\/uploads\/2023\/01\/icon-1.png 64w, https:\/\/farmable.tech\/wp-content\/uploads\/2023\/01\/icon-1-50x50.png 50w\" sizes=\"(max-width: 64px) 100vw, 64px\" \/><\/figure><div class=\"elementor-image-box-content\"><h4 class=\"elementor-image-box-title\">Autenticidad<\/h4><p class=\"elementor-image-box-description\">Estamos orgullosos de ser sinceros y abiertos. Esta filosof\u00eda impregna toda nuestra empresa y productos. Entendemos la importancia de tus datos y respetamos tu derecho a la privacidad. Creemos en la transparencia y hemos creado una soluci\u00f3n agr\u00edcola con el objetivo de ayudar a todos los agricultores del mundo.<\/p><\/div><\/div>\t\t\t\t<\/div>\n\t\t\t\t<\/div>\n\t\t\t\t\t<\/div>\n\t\t<\/div>\n\t\t\t\t<div class=\"has_ae_slider elementor-column elementor-col-33 elementor-inner-column elementor-element elementor-element-93583cb ae-bg-gallery-type-default\" data-id=\"93583cb\" data-element_type=\"column\" data-e-type=\"column\" data-settings=\"{&quot;background_background&quot;:&quot;classic&quot;}\">\n\t\t\t<div class=\"elementor-widget-wrap elementor-element-populated\">\n\t\t\t\t\t\t<div class=\"elementor-element elementor-element-7f7647b elementor-position-top elementor-widget elementor-widget-image-box\" data-id=\"7f7647b\" data-element_type=\"widget\" data-e-type=\"widget\" data-settings=\"{&quot;ekit_we_effect_on&quot;:&quot;none&quot;}\" data-widget_type=\"image-box.default\">\n\t\t\t\t<div class=\"elementor-widget-container\">\n\t\t\t\t\t<div class=\"elementor-image-box-wrapper\"><figure class=\"elementor-image-box-img\"><img loading=\"lazy\" decoding=\"async\" width=\"64\" height=\"64\" src=\"https:\/\/farmable.tech\/wp-content\/uploads\/2023\/01\/icon-2.png\" class=\"attachment-full size-full wp-image-52325\" alt=\"\" title=\"\" srcset=\"https:\/\/farmable.tech\/wp-content\/uploads\/2023\/01\/icon-2.png 64w, https:\/\/farmable.tech\/wp-content\/uploads\/2023\/01\/icon-2-50x50.png 50w\" sizes=\"(max-width: 64px) 100vw, 64px\" \/><\/figure><div class=\"elementor-image-box-content\"><h4 class=\"elementor-image-box-title\">Dar un significado<\/h4><p class=\"elementor-image-box-description\">Tenemos un solo planeta y nuestro compromiso y objetivo principal es cuidarlo. Por eso, y con el objetivo de preservarlo, hemos creado una alternativa sostenible. Farmable, la soluci\u00f3n agr\u00edcola online que se usa de forma sencilla, facilita la gesti\u00f3n de todo tipo de huertos y fincas a trav\u00e9s del smartphone. Adem\u00e1s, permite a los gerentes de explotaci\u00f3n y operadores de campo registrar, rastrear y monitorear distintas operaciones de manera eficiente.<\/p><\/div><\/div>\t\t\t\t<\/div>\n\t\t\t\t<\/div>\n\t\t\t\t\t<\/div>\n\t\t<\/div>\n\t\t\t\t<div class=\"has_ae_slider elementor-column elementor-col-33 elementor-inner-column elementor-element elementor-element-18245df ae-bg-gallery-type-default\" data-id=\"18245df\" data-element_type=\"column\" data-e-type=\"column\" data-settings=\"{&quot;background_background&quot;:&quot;classic&quot;}\">\n\t\t\t<div class=\"elementor-widget-wrap elementor-element-populated\">\n\t\t\t\t\t\t<div class=\"elementor-element elementor-element-13b1e22 elementor-position-top elementor-widget elementor-widget-image-box\" data-id=\"13b1e22\" data-element_type=\"widget\" data-e-type=\"widget\" data-settings=\"{&quot;ekit_we_effect_on&quot;:&quot;none&quot;}\" data-widget_type=\"image-box.default\">\n\t\t\t\t<div class=\"elementor-widget-container\">\n\t\t\t\t\t<div class=\"elementor-image-box-wrapper\"><figure class=\"elementor-image-box-img\"><img loading=\"lazy\" decoding=\"async\" width=\"64\" height=\"64\" src=\"https:\/\/farmable.tech\/wp-content\/uploads\/2023\/01\/icon-3.png\" class=\"attachment-full size-full wp-image-52324\" alt=\"\" title=\"\" srcset=\"https:\/\/farmable.tech\/wp-content\/uploads\/2023\/01\/icon-3.png 64w, https:\/\/farmable.tech\/wp-content\/uploads\/2023\/01\/icon-3-50x50.png 50w\" sizes=\"(max-width: 64px) 100vw, 64px\" \/><\/figure><div class=\"elementor-image-box-content\"><h4 class=\"elementor-image-box-title\">Poder de equipo<\/h4><p class=\"elementor-image-box-description\">Seguimos comprometidos con ofrecer soluciones para los retos agr\u00edcolas aportando todo nuestro conocimiento y experiencia de forma colectiva.<\/p><\/div><\/div>\t\t\t\t<\/div>\n\t\t\t\t<\/div>\n\t\t\t\t\t<\/div>\n\t\t<\/div>\n\t\t\t\t\t<\/div>\n\t\t<\/section>\n\t\t\t\t\t<\/div>\n\t\t<\/div>\n\t\t\t\t\t<\/div>\n\t\t<\/section>\n\t\t\t\t<section class=\"has_ae_slider elementor-section elementor-top-section elementor-element elementor-element-505e8b9e elementor-section-boxed elementor-section-height-default elementor-section-height-default ae-bg-gallery-type-default\" data-id=\"505e8b9e\" data-element_type=\"section\" data-e-type=\"section\" data-settings=\"{&quot;background_background&quot;:&quot;gradient&quot;}\">\n\t\t\t\t\t\t\t<div class=\"elementor-background-overlay\"><\/div>\n\t\t\t\t\t\t\t<div class=\"elementor-container elementor-column-gap-default\">\n\t\t\t\t\t<div class=\"has_ae_slider elementor-column elementor-col-50 elementor-top-column elementor-element elementor-element-7762dc32 ae-bg-gallery-type-default\" data-id=\"7762dc32\" data-element_type=\"column\" data-e-type=\"column\">\n\t\t\t<div class=\"elementor-widget-wrap elementor-element-populated\">\n\t\t\t\t\t\t<div class=\"elementor-element elementor-element-44d8047 elementor-widget elementor-widget-image\" data-id=\"44d8047\" data-element_type=\"widget\" data-e-type=\"widget\" data-settings=\"{&quot;ekit_we_effect_on&quot;:&quot;none&quot;}\" data-widget_type=\"image.default\">\n\t\t\t\t<div class=\"elementor-widget-container\">\n\t\t\t\t\t\t\t\t\t\t\t\t\t\t\t<img loading=\"lazy\" decoding=\"async\" width=\"580\" height=\"377\" src=\"https:\/\/farmable.tech\/wp-content\/uploads\/2022\/12\/img-4.png\" class=\"attachment-large size-large wp-image-52277\" alt=\"\" srcset=\"https:\/\/farmable.tech\/wp-content\/uploads\/2022\/12\/img-4.png 580w, https:\/\/farmable.tech\/wp-content\/uploads\/2022\/12\/img-4-300x195.png 300w\" sizes=\"(max-width: 580px) 100vw, 580px\" title=\"\">\t\t\t\t\t\t\t\t\t\t\t\t\t\t\t<\/div>\n\t\t\t\t<\/div>\n\t\t\t\t\t<\/div>\n\t\t<\/div>\n\t\t\t\t<div class=\"has_ae_slider elementor-column elementor-col-50 elementor-top-column elementor-element elementor-element-2623a483 ae-bg-gallery-type-default\" data-id=\"2623a483\" data-element_type=\"column\" data-e-type=\"column\">\n\t\t\t<div class=\"elementor-widget-wrap elementor-element-populated\">\n\t\t\t\t\t\t<div class=\"elementor-element elementor-element-78993ea elementor-widget elementor-widget-text-editor\" data-id=\"78993ea\" data-element_type=\"widget\" data-e-type=\"widget\" data-settings=\"{&quot;ekit_we_effect_on&quot;:&quot;none&quot;}\" data-widget_type=\"text-editor.default\">\n\t\t\t\t<div class=\"elementor-widget-container\">\n\t\t\t\t\t\t\t\t\t<p>Nuestra plataforma digital es un sistema de gesti\u00f3n agr\u00edcola dise\u00f1ada para ayudar a los productores de frutas y \u00e1rboles. Hemos creado exclusivamente un sistema de gesti\u00f3n de datos f\u00e1cil de usar con los agricultores como protagonistas.\u00a0<\/p>\t\t\t\t\t\t\t\t<\/div>\n\t\t\t\t<\/div>\n\t\t\t\t\t<\/div>\n\t\t<\/div>\n\t\t\t\t\t<\/div>\n\t\t<\/section>\n\t\t\t\t<\/div>\n\t\t","protected":false},"excerpt":{"rendered":"<p>La idea \u00a1Nuestro objetivo es que todos los agricultores puedan llevar el futuro de la agricultura en su propio bolsillo! Home Nuestra visi\u00f3n En los pr\u00f3ximos treinta a\u00f1os, la poblaci\u00f3n mundial alcanzar\u00e1 los 10 mil millones de habitantes. Esto significa que har\u00e1 falta producir un 70% mas de alimentos que en la actualidad. Al mismo [&hellip;]<\/p>\n","protected":false},"author":5,"featured_media":0,"parent":0,"menu_order":0,"comment_status":"closed","ping_status":"closed","template":"","meta":{"footnotes":""},"class_list":["post-55009","page","type-page","status-publish","hentry"],"_links":{"self":[{"href":"https:\/\/farmable.tech\/es\/wp-json\/wp\/v2\/pages\/55009","targetHints":{"allow":["GET"]}}],"collection":[{"href":"https:\/\/farmable.tech\/es\/wp-json\/wp\/v2\/pages"}],"about":[{"href":"https:\/\/farmable.tech\/es\/wp-json\/wp\/v2\/types\/page"}],"author":[{"embeddable":true,"href":"https:\/\/farmable.tech\/es\/wp-json\/wp\/v2\/users\/5"}],"replies":[{"embeddable":true,"href":"https:\/\/farmable.tech\/es\/wp-json\/wp\/v2\/comments?post=55009"}],"version-history":[{"count":22,"href":"https:\/\/farmable.tech\/es\/wp-json\/wp\/v2\/pages\/55009\/revisions"}],"predecessor-version":[{"id":69183,"href":"https:\/\/farmable.tech\/es\/wp-json\/wp\/v2\/pages\/55009\/revisions\/69183"}],"wp:attachment":[{"href":"https:\/\/farmable.tech\/es\/wp-json\/wp\/v2\/media?parent=55009"}],"curies":[{"name":"wp","href":"https:\/\/api.w.org\/{rel}","templated":true}]}}