{"id":55108,"date":"2022-12-20T11:57:30","date_gmt":"2022-12-20T11:57:30","guid":{"rendered":"https:\/\/ft.proditech.in\/terms-of-service\/"},"modified":"2023-02-17T12:56:31","modified_gmt":"2023-02-17T12:56:31","slug":"terms-of-service","status":"publish","type":"page","link":"https:\/\/farmable.tech\/es\/terms-of-service\/","title":{"rendered":"Live &#8211; Terms of service"},"content":{"rendered":"\t\t<div data-elementor-type=\"wp-page\" data-elementor-id=\"55108\" class=\"elementor elementor-55108 elementor-46336\" data-elementor-post-type=\"page\">\n\t\t\t\t\t\t<section class=\"has_ae_slider elementor-section elementor-top-section elementor-element elementor-element-5d0b138 elementor-section-boxed elementor-section-height-default elementor-section-height-default ae-bg-gallery-type-default\" data-id=\"5d0b138\" data-element_type=\"section\" data-e-type=\"section\">\n\t\t\t\t\t\t<div class=\"elementor-container elementor-column-gap-default\">\n\t\t\t\t\t<div class=\"has_ae_slider elementor-column elementor-col-100 elementor-top-column elementor-element elementor-element-1c7925a ae-bg-gallery-type-default\" data-id=\"1c7925a\" data-element_type=\"column\" data-e-type=\"column\">\n\t\t\t<div class=\"elementor-widget-wrap elementor-element-populated\">\n\t\t\t\t\t\t<div class=\"elementor-element elementor-element-bcb1463 elementor-widget elementor-widget-heading\" data-id=\"bcb1463\" data-element_type=\"widget\" data-e-type=\"widget\" data-settings=\"{&quot;ekit_we_effect_on&quot;:&quot;none&quot;}\" data-widget_type=\"heading.default\">\n\t\t\t\t<div class=\"elementor-widget-container\">\n\t\t\t\t\t<h2 class=\"elementor-heading-title elementor-size-default\">Terms of service<\/h2>\t\t\t\t<\/div>\n\t\t\t\t<\/div>\n\t\t\t\t<div class=\"elementor-element elementor-element-27cf615 elementor-widget-divider--view-line elementor-widget elementor-widget-divider\" data-id=\"27cf615\" data-element_type=\"widget\" data-e-type=\"widget\" data-settings=\"{&quot;ekit_we_effect_on&quot;:&quot;none&quot;}\" data-widget_type=\"divider.default\">\n\t\t\t\t<div class=\"elementor-widget-container\">\n\t\t\t\t\t\t\t<div class=\"elementor-divider\">\n\t\t\t<span class=\"elementor-divider-separator\">\n\t\t\t\t\t\t<\/span>\n\t\t<\/div>\n\t\t\t\t\t\t<\/div>\n\t\t\t\t<\/div>\n\t\t\t\t<div class=\"elementor-element elementor-element-9d11b64 elementor-widget elementor-widget-text-editor\" data-id=\"9d11b64\" data-element_type=\"widget\" data-e-type=\"widget\" data-settings=\"{&quot;ekit_we_effect_on&quot;:&quot;none&quot;}\" data-widget_type=\"text-editor.default\">\n\t\t\t\t<div class=\"elementor-widget-container\">\n\t\t\t\t\t\t\t\t\t<pre style=\"text-align: center;\"><em>Last updated: August 4, 2021<\/em><\/pre>\n\t\t\t\t\t\t\t\t<\/div>\n\t\t\t\t<\/div>\n\t\t\t\t\t<\/div>\n\t\t<\/div>\n\t\t\t\t\t<\/div>\n\t\t<\/section>\n\t\t\t\t<section class=\"has_ae_slider elementor-section elementor-top-section elementor-element elementor-element-392bf37 elementor-section-boxed elementor-section-height-default elementor-section-height-default ae-bg-gallery-type-default\" data-id=\"392bf37\" data-element_type=\"section\" data-e-type=\"section\">\n\t\t\t\t\t\t<div class=\"elementor-container elementor-column-gap-default\">\n\t\t\t\t\t<div class=\"has_ae_slider elementor-column elementor-col-100 elementor-top-column elementor-element elementor-element-198d3e2 ae-bg-gallery-type-default\" data-id=\"198d3e2\" data-element_type=\"column\" data-e-type=\"column\">\n\t\t\t<div class=\"elementor-widget-wrap elementor-element-populated\">\n\t\t\t\t\t\t<div class=\"elementor-element elementor-element-3399e8a elementor-widget elementor-widget-html\" data-id=\"3399e8a\" data-element_type=\"widget\" data-e-type=\"widget\" data-settings=\"{&quot;ekit_we_effect_on&quot;:&quot;none&quot;}\" data-widget_type=\"html.default\">\n\t\t\t\t<div class=\"elementor-widget-container\">\n\t\t\t\t\t <p>Estos T\u00e9rminos y Condiciones (\"T\u00e9rminos\", \"T\u00e9rminos y Condiciones\") rigen su relaci\u00f3n con el sitio web stagingnewv2.kinsta.cloud\n y la aplicaci\u00f3n m\u00f3vil y de escritorio Farmable (el \"Servicio\") operados por Farmable AS (\"nosotros\", \"nuestro\").<\/p>\n\n    <p>Le rogamos que lea detenidamente estos T\u00e9rminos y Condiciones antes de utilizar nuestro sitio web y la aplicaci\u00f3n m\u00f3vil o de escritorio de Farmable\n (el \"Servicio\"). Su acceso y uso del Servicio est\u00e1 condicionado a la aceptaci\u00f3n y\n cumplimiento de estas Condiciones.<\/p>\n\n    <p>Estas Condiciones se aplican a todos los visitantes, usuarios y dem\u00e1s personas que accedan o utilicen el Servicio. Las Condiciones tambi\u00e9n se aplican a cualquier\n aplicaci\u00f3n, hardware u otros servicios que adquiera o suscriba a trav\u00e9s del Servicio.<\/p>\n\n    <p>Al acceder o utilizar el Servicio, usted acepta quedar vinculado por estas Condiciones, y estas Condiciones constituir\u00e1n un acuerdo\n entre usted y Farmable. Si usted acepta estas Condiciones en nombre de otra persona, como su empleador,\n se compromete a tener la autoridad para aceptar las Condiciones y el acuerdo que \u00e9stas constituyen. Si\n no est\u00e1 de acuerdo con alguna parte de las condiciones, no podr\u00e1 acceder al Servicio.<\/p>\n\n    <h3>Cuentas de Usuario y Roles<\/h3>\n\n    <h4>Cuentas<\/h4>\n\n    <p>Al crear una cuenta con nosotros, debe proporcionarnos informaci\u00f3n precisa, completa y actualizada en\n todo momento. No hacerlo constituye un incumplimiento de las Condiciones, que puede dar lugar a la cancelaci\u00f3n inmediata de su\n cuenta en nuestro Servicio.<\/p>\n\n    <p>Usted es responsable de salvaguardar la contrase\u00f1a que utiliza para acceder al Servicio y de cualquier actividad o\n acci\u00f3n realizada con su contrase\u00f1a, ya sea con nuestro Servicio o con un servicio de terceros. Usted se compromete a no\n revelar su contrase\u00f1a a ning\u00fan tercero. Debe notificarnos inmediatamente cuando tenga conocimiento de cualquier violaci\u00f3n\n de la seguridad o del uso no autorizado de su cuenta.<\/p>\n\n    <h4>Roles<\/h4>\n\n    <p>Hay 4 tipos diferentes de roles que una cuenta de usuario puede tener en el Servicio. Estos T\u00e9rminos se aplican a todos los tipos de roles\n con la excepci\u00f3n de la secci\u00f3n Administradores que contiene T\u00e9rminos que solo se aplican al rol de Due\u00f1o de la explotaci\u00f3n.\n    <\/p>\n\n    <div class=\"copy-list\">\n        <ol class=\"number-list\">\n            <li><strong>Farm Owner<\/strong> - Typically the originator of the farm and is the controller of the farm\n data. Esta funci\u00f3n tiene derechos administrativos para invitar o eliminar cuentas de usuarios de la explotaci\u00f3n y para cambiar\n la funci\u00f3n de las cuentas invitadas. Este rol est\u00e1 autorizado para actualizar suscripciones y comprar productos y\n servicios adicionales a trav\u00e9s del Servicio.<\/li>\n\n            <li><strong>Gerente de la Explotaci\u00f3n -<\/strong> Aquel que ostenta este rol es invitado a contribuir a una explotaci\u00f3n existente en el Servicio.\n Tiene derechos administrativos para invitar o eliminar cuentas de usuario de la explotaci\u00f3n y para cambiar el rol de\n esas cuentas invitadas a la misma.<\/li>\n\n            <li><strong>Asesor -<\/strong> Aquel que ostenta este rol es invitado a contribuir a una explotaci\u00f3n existente en el Servicio. It\n No tiene derechos administrativos.<\/li>\n\n            <li><strong>Personal -<\/strong> Aquel que ostenta este rol es invitado a contribuir a una explotaci\u00f3n existente en el Servicio. It does\n not hold administrative rights.<\/li>\n        <\/ol>\n    <\/div>\n\n    <p>Las caracter\u00edsticas del Servicio que son accesibles para cada uno de los diferentes tipos de roles se describen en detalle<a href=\"#\" target=\"_blank\" rel=\"noopener\"><span class=\"orange\">aqu\u00ed<\/span><\/a>.<\/p>\n\n    <h3>Procesamiento de Datos<\/h3>\n\n    <p>Todos los datos que proporcione en el Servicio permanecer\u00e1n privados a menos que d\u00e9 su consentimiento expl\u00edcito para compartirlos.<\/p>\n\n    <h4>Datos personales<\/h4>\n\n    <p>Personal data is considered any data that can be connected to a person such as a name, address, or payment\n method.<\/p>\n\n    <p>Sus datos personales siempre ser\u00e1n de su propiedad.<\/p>\n\n    <p>Para proporcionar el Servicio, Farmable AS procesar\u00e1 los datos personales de acuerdo con su <a href=\"https:\/\/farmable.tech\/es\/privacy-policy\/\" target=\"_blank\" rel=\"noopener\"><span class=\"orange\">Pol\u00edtica de Privacidad<\/span><\/a> y de acuerdo con las regulaciones de privacidad de la UE y\n Noruega, incluido el Reglamento General de Protecci\u00f3n de Datos (\u201cGDPR\u201d).<\/p>\n\n    <p>Cuando su cuenta no se utilice activamente, almacenaremos sus datos personales durante un per\u00edodo de dos a\u00f1os. Estamos\n obligados a eliminar sus datos despu\u00e9s de este per\u00edodo de dos a\u00f1os.<\/p>\n\n    <p>Obtenga m\u00e1s informaci\u00f3n sobre el procesamiento de datos personales en la secci\u00f3n Pol\u00edtica de Privacidad de Farmable.<\/p>\n\n    <h4>Datos de la Explotaci\u00f3n Agr\u00edcola <\/h4>\n\n    <p>Los datos de la explotaci\u00f3n son datos relacionados con las fincas a las que tiene acceso, como la ubicaci\u00f3n geogr\u00e1fica de los campos,\n registros de trabajos, registros de cosecha o notas de campo. Los datos de la explotaci\u00f3n son propiedad de la misma y est\u00e1n controlados por la cuenta de usuario\n que se establece como el rol de Due\u00f1o de Explotaci\u00f3n para una expltaci\u00f3n espec\u00edfica.<\/p>\n\n    <p>Any data contributed to the farm by its user accounts will stay associated with the farm, even if a user account\n is deleted or modified. Si acepta estos t\u00e9rminos como empleado, consultor, etc. al que se le ha otorgado acceso\n a una explotaci\u00f3n, los datos permanecer\u00e1n en la propiedad de dicha explotaci\u00f3n. Lo anterior no incluye bibliotecas de productos o causas,\n asociadas con una cuenta de usuario que ostente un rol de asesor en cualquier explotaci\u00f3n del Servicio; en tal caso,\n las bibliotecas de productos y causas siguen siendo propiedad de la cuenta de usuario.<\/p>\n\n    <p>Farmable no compartir\u00e1 datos agr\u00edcolas con terceros externos sin su consentimiento expl\u00edcito. Sin embargo,\n Farmable puede usar los datos de la explotaci\u00f3n proporcionados de forma an\u00f3nima (es decir, se eliminan todos los identificadores de usted y \/ o su explotaci\u00f3n \/ propiedad)\n con fines estad\u00edsticos para rastrear el uso del Servicio y para desarrollar y mantener el Servicio. In\n Adem\u00e1s, Farmable puede poner a disposici\u00f3n datos estad\u00edsticos para los socios de Farmable. No ser\u00e1 posible\n conectar los datos utilizados por Farmable con usted o su propiedad.<\/p>\n\n    <p>Cuando elimine su cuenta de usuario, o su cuenta de usuario no se utilice activamente, almacenaremos sus datos durante un\n per\u00edodo de dos a\u00f1os. Estamos obligados a eliminar sus datos despu\u00e9s de este per\u00edodo de dos a\u00f1os. Sin embargo, tendr\u00e1 la\n opci\u00f3n de exportar los datos antes de que se eliminen.<\/p>\n\n    <h3>Propiedad Intelectual<\/h3>\n\n    <p>El Servicio y su contenido original, caracter\u00edsticas y funcionalidad son y seguir\u00e1n siendo propiedad exclusiva de\n Farmable AS y sus licenciantes. El Servicio est\u00e1 protegido por derechos de autor, marcas comerciales\n y otras leyes tanto de Noruega como de otros pa\u00edses. Nuestras marcas registradas y nuestra imagen comercial no pueden utilizarse en relaci\u00f3n con ning\u00fan producto o servicio\n sin el consentimiento previo por escrito de Farmable AS.<\/p>\n\n    <h3>Uso del Servicio<\/h3>\n\n    <p>El Usuario se compromete a no revender, duplicar, reproducir o explotar ninguna parte del Servicio o de los Contenidos sin\n el consentimiento expreso por escrito de Farmable. El Usuario no puede utilizar el Servicio para almacenar o enviar correos electr\u00f3nicos maliciosos o\n no solicitados (spam). Tampoco puede utilizar el Servicio para transmitir cualquier virus, gusano o cualquier otro\n contenido malicioso o perjudicial.<\/p>\n\n    <p>El Usuario se compromete adem\u00e1s a no utilizar el Servicio para ning\u00fan fin ilegal o que viole cualquier ley aplicable.<\/p>\n\n    <h3>Enlaces a Otros Sitios Web<\/h3>\n\n    <p>Nuestro Servicio puede contener enlaces a sitios web o servicios de terceros que no son propiedad ni est\u00e1n controlados por Farmable\n AS. Farmable AS no tiene ning\u00fan control ni asume ninguna responsabilidad por el contenido, las pol\u00edticas de privacidad o\n las pr\u00e1cticas de los sitios web o servicios de terceros. Adem\u00e1s, usted reconoce y acepta que Farmable AS no\n ser\u00e1 responsable, directa o indirectamente, de cualquier da\u00f1o o p\u00e9rdida causada o supuestamente causada por o en\n relaci\u00f3n con el uso o la confianza en cualquier contenido, bienes o servicios disponibles en o a trav\u00e9s de dichos sitios web\n o servicios. Le aconsejamos encarecidamente que lea los t\u00e9rminos y condiciones y las pol\u00edticas de privacidad de cualquier\n sitio web o servicio de terceros que visite.<\/p>\n\n    <h3>Rescisi\u00f3n<\/h3>\n\n    <p>Podemos rescindir o suspender su cuenta inmediatamente en caso de incumplimiento material de las Condiciones.<\/p>\n\n    <p>Se considerar\u00e1 un incumplimiento material una de las siguientes situaciones: <\/p>\n\n    <div class=\"copy-list\">\n        <ul class=\"copy-bullets\">\n            <li>Cualquier impago del Servicio<\/li>\n\n            <li>Cualquier infracci\u00f3n de la propiedad intelectual del Servicio <\/li>\n\n            <li>Cualquier infracci\u00f3n de la seguridad del Servicio, como intentar acceder al c\u00f3digo del Servicio, escanear el\n Servicio, probar las vulnerabilidades del Servicio, piratear, escanear puertos, enviar correos electr\u00f3nicos maliciosos o no solicitados\n (spam), transmitir cualquier virus, gusano o cualquier otro contenido malicioso o perjudicial. etc.<\/li>\n\n            <li>Incumplimiento de cualquier ley relacionada con el Servicio.<\/li>\n\n            <li>Quiebra, liquidaci\u00f3n, suspensi\u00f3n de pagos o sospecha de insolvencia <\/li>\n        <\/ul>\n    <\/div>\n\n    <p>Tras la rescisi\u00f3n, su derecho a utilizar el Servicio cesar\u00e1 inmediatamente. Si desea cancelar su cuenta,\n puede simplemente dejar de utilizar el Servicio.<\/p>\n\n    <h3>Limitaci\u00f3n de la Responsabilidad<\/h3>\n\n    <p>En ning\u00fan caso Farmable AS ser\u00e1 responsable de ning\u00fan da\u00f1o indirecto, incidental, especial, consecuente o punitivo,\n incluyendo sin limitaci\u00f3n, la p\u00e9rdida de beneficios, datos, uso, fondo de comercio u otras p\u00e9rdidas intangibles, resultantes de\n (i) su acceso o uso o la incapacidad de acceder o utilizar el Servicio; (ii) cualquier conducta o contenido de cualquier tercero\n en el Servicio; (iii) cualquier contenido obtenido del Servicio; y (iv) el acceso no autorizado, el uso o\n la alteraci\u00f3n de sus transmisiones o contenidos, ya sea basado en la garant\u00eda, el contrato, el agravio (incluyendo la negligencia) o\n cualquier otra teor\u00eda legal, ya sea que hayamos sido informados o no de la posibilidad de tales da\u00f1os, e incluso si\n se encuentra que un remedio establecido en este documento no ha cumplido con su prop\u00f3sito esencial.<\/p>\n\n    <p>En cualquier circunstancia, la responsabilidad total de Farmable AS se limita al pago realizado por usted durante los \u00faltimos 12\n meses anteriores al incidente que caus\u00f3 cualquier reclamaci\u00f3n.<\/p>\n\n    <h3>Descargo de Responsabilidad<\/h3>\n\n    <p>El uso que usted haga del Servicio es por su cuenta y riesgo. El Servicio se proporciona \"TAL CUAL\" y \"SEG\u00daN DISPONIBILIDAD\". El\n El Servicio se proporciona sin garant\u00edas de ning\u00fan tipo, ya sean expresas o impl\u00edcitas, incluyendo, pero sin limitarse a, las\n garant\u00edas impl\u00edcitas de comerciabilidad, idoneidad para un prop\u00f3sito particular, no infracci\u00f3n o curso de\n ejecuci\u00f3n.<\/p>\n\n    <p>Farmable AS, sus subsidiarias, afiliados y sus licenciatarios no garantizan que a) el Servicio funcione\n de forma ininterrumpida, segura o disponible en cualquier momento o lugar concreto; b) se corrija cualquier error o defecto;\n corrected; c) el Servicio est\u00e9 libre de virus u otros componentes da\u00f1inos; d) los resultados del uso del Servicio\n satisfagan sus necesidades.<\/p>\n\n    <h3>Fuerza Mayor<\/h3>\n\n    <p>Farmable AS est\u00e1 exenta de sanci\u00f3n por el incumplimiento de una obligaci\u00f3n en virtud de las Condiciones y del acuerdo suscrito\n como parte de las mismas si el incumplimiento se basa en una circunstancia ajena a Farmable AS y dicha\n circunstancia impide o dificulta de forma significativa el correcto cumplimiento de las Condiciones por parte de Farmable AS (\"Evento de fuerza\n mayor\"). Se considerar\u00e1 un evento de Fuerza Mayor un rayo, la interrupci\u00f3n o escasez del suministro de energ\u00eda, un conflicto laboral,\n un incendio, la modificaci\u00f3n de una ley o disposici\u00f3n reglamentaria, la intervenci\u00f3n del gobierno, las restricciones monetarias, la escasez de\n medios de transporte o la escasez general de bienes, los actos de guerra o terrorismo o circunstancias similares y los errores o\n retrasos en la entrega o los servicios de un subcontratista debido a la circunstancia ahora especificada. Si\n el incumplimiento de Farmable AS se debe a un acontecimiento de Fuerza Mayor como el descrito anteriormente se impide sustancialmente durante un per\u00edodo\n superior a 90 d\u00edas, Farmable AS o usted tienen derecho, sin penalizaci\u00f3n, a cancelar la suscripci\u00f3n.<\/p>\n\n    <h3>Ley Aplicable<\/h3>\n\n    <p>Estas Condiciones se regir\u00e1n e interpretar\u00e1n exclusivamente de acuerdo con las leyes de Noruega, con Oslo como sede legal.\n venue.<\/p>\n\n    <h3>Cambios<\/h3>\n\n    <p>Nos reservamos el derecho, a nuestra entera discreci\u00f3n, de modificar o sustituir estas Condiciones en cualquier momento. Si una revisi\u00f3n\n es material, intentaremos avisar con al menos 30 d\u00edas de antelaci\u00f3n antes de que los nuevos t\u00e9rminos entren en vigor. Lo que constituye\n un cambio material se determinar\u00e1 a nuestra entera discreci\u00f3n.<\/p>\n\n    <p>Al continuar accediendo o utilizando nuestro Servicio despu\u00e9s de que esas revisiones entren en vigor, usted acepta quedar obligado por los\n t\u00e9rminos revisados. Si no est\u00e1 de acuerdo con las nuevas condiciones, deje de utilizar el Servicio.<\/p>\n\n    <h3>Administradores (Rol de Due\u00f1o de Explotaci\u00f3n)<\/h3>\n\n    <p>Los siguientes t\u00e9rminos se refieren \u00fanicamente a las cuentas que tienen el rol de Due\u00f1o de la Explotaci\u00f3n<\/p>\n\n    <h4>Suscripciones<\/h4>\n\n    <p>Algunas partes del Servicio se facturan en base a una suscripci\u00f3n (\"Suscripci\u00f3n(es)\"). Se le facturar\u00e1 por adelantado\n de forma recurrente y peri\u00f3dica (\"Ciclo de facturaci\u00f3n\"). Los ciclos de facturaci\u00f3n se establecen mensualmente.\n depending on the service purchased. Al final de cada Ciclo de Facturaci\u00f3n, su Suscripci\u00f3n se renovar\u00e1 autom\u00e1ticamente\n bajo las mismas condiciones a menos que usted la cancele o Farmable AS la cancele. Puede cancelar la renovaci\u00f3n de su Suscripci\u00f3n\n a trav\u00e9s de la p\u00e1gina de gesti\u00f3n de su cuenta en l\u00ednea o poni\u00e9ndose en contacto con el equipo de atenci\u00f3n al cliente de Farmable AS.\n No se reembolsar\u00e1 el pago en caso de cancelaci\u00f3n o rescisi\u00f3n de estas condiciones, independientemente del motivo.<\/p>\n\n    <p>Se requiere un m\u00e9todo de pago v\u00e1lido, incluyendo una tarjeta de cr\u00e9dito, para procesar el pago de su Suscripci\u00f3n. You\n Deber\u00e1 proporcionar a Farmable AS informaci\u00f3n de facturaci\u00f3n precisa y completa, incluyendo el nombre completo, la direcci\u00f3n de correo electr\u00f3nico,\n el n\u00famero de tel\u00e9fono y la informaci\u00f3n del m\u00e9todo de pago v\u00e1lido. Al enviar dicha informaci\u00f3n de pago, usted\n autoriza autom\u00e1ticamente a Farmable AS a cargar todas las tarifas de Suscripci\u00f3n incurridas a trav\u00e9s de su cuenta a cualquiera de dichos\n instrumentos de pago. En caso de que la facturaci\u00f3n autom\u00e1tica no se produzca por cualquier motivo, Farmable AS emitir\u00e1 una\n factura electr\u00f3nica en la que se le indicar\u00e1 que debe proceder manualmente, dentro de una fecha l\u00edmite determinada, con el pago completo\n correspondiente al periodo de facturaci\u00f3n indicado en la factura.<\/p>\n\n    <h4>Prueba Gratuita<\/h4>\n\n    <p>Farmable AS puede, a su entera discreci\u00f3n, ofrecer una Suscripci\u00f3n con una prueba gratuita durante un per\u00edodo de tiempo limitado\n (\"Prueba gratuita\"). Es posible que se le pida que introduzca sus datos de facturaci\u00f3n para inscribirse en la prueba gratuita. Si\n introduce sus datos de facturaci\u00f3n al inscribirse en la Prueba Gratuita, Farmable AS no le cobrar\u00e1\n hasta que la Prueba Gratuita haya expirado. El \u00faltimo d\u00eda del per\u00edodo de prueba gratuita, a menos que haya cancelado su\n suscripci\u00f3n, se le cobrar\u00e1n autom\u00e1ticamente las tarifas de suscripci\u00f3n aplicables para el tipo de suscripci\u00f3n\n que haya seleccionado. En cualquier momento y sin previo aviso, Farmable AS se reserva el derecho de (i) modificar los t\u00e9rminos y\n condiciones de la oferta de Prueba Gratuita, o (ii) cancelar dicha oferta de Prueba Gratuita.<\/p>\n\n    <h4>Cambios en las Tarifas<\/h4>\n\n    <p>Farmable AS, a su sola discreci\u00f3n y en cualquier momento, puede modificar las tarifas de Suscripci\u00f3n para las Suscripciones. Any\n Cualquier cambio en las tarifas de la Suscripci\u00f3n entrar\u00e1 en vigor al final del Ciclo de Facturaci\u00f3n en curso. Farmable AS le\n avisar\u00e1 con una antelaci\u00f3n razonable de cualquier cambio en las tarifas de Suscripci\u00f3n para darle la oportunidad de\n cancelar su Suscripci\u00f3n antes de que dicho cambio entre en vigor. Su uso continuado del Servicio despu\u00e9s de que\n el cambio de la cuota de Suscripci\u00f3n entre en vigor constituye su acuerdo para pagar el importe de la cuota de Suscripci\u00f3n modificada.\n amount.<\/p>\n\n    <h3>Contacte Con Nosotros<\/h3>\n\n    <p>Si tiene alguna pregunta sobre estas condiciones de servicio, p\u00f3ngase en contacto con nosotros por correo electr\u00f3nico: <a href=\"mailto:he***@******le.tech\" data-original-string=\"09dRHSa9jIH8dgE\/0F4nTQ==a65doZfTlodGOOLAOlgMMFklcUrNSKdPa8YJrcDQ6C92BY=\" title=\"Este contacto ha sido codificado por Anti-Spam by CleanTalk. Haz clic para decodificar. Para finalizar la decodificaci\u00f3n, aseg\u00farate de que JavaScript est\u00e1 activado en tu navegador.\" target=\"_blank\" rel=\"noopener\"><span class=\"orange\"><span \n                data-original-string='6nDXK6Ri\/YGisUQq150lbA==a65rEGHJp\/6liBni+STxSnNsiqvBgD4yvucbrq1cPa+QJ0='\n                class='apbct-email-encoder'\n                title='Este contacto ha sido codificado por Anti-Spam by CleanTalk. Haz clic para decodificar. Para finalizar la decodificaci\u00f3n, aseg\u00farate de que JavaScript est\u00e1 activado en tu navegador.'>he<span class=\"apbct-blur\">***<\/span>@<span class=\"apbct-blur\">******<\/span>le.tech<\/span><\/span><\/a><\/p>\n\t\t\t\t<\/div>\n\t\t\t\t<\/div>\n\t\t\t\t\t<\/div>\n\t\t<\/div>\n\t\t\t\t\t<\/div>\n\t\t<\/section>\n\t\t\t\t<\/div>\n\t\t","protected":false},"excerpt":{"rendered":"<p>Terms of service Last updated: August 4, 2021 Estos T\u00e9rminos y Condiciones (&#8220;T\u00e9rminos&#8221;, &#8220;T\u00e9rminos y Condiciones&#8221;) rigen su relaci\u00f3n con el sitio web stagingnewv2.kinsta.cloud y la aplicaci\u00f3n m\u00f3vil y de escritorio Farmable (el &#8220;Servicio&#8221;) operados por Farmable AS (&#8220;nosotros&#8221;, &#8220;nuestro&#8221;). Le rogamos que lea detenidamente estos T\u00e9rminos y Condiciones antes de utilizar nuestro sitio web [&hellip;]<\/p>\n","protected":false},"author":5,"featured_media":0,"parent":0,"menu_order":0,"comment_status":"closed","ping_status":"closed","template":"","meta":{"footnotes":""},"class_list":["post-55108","page","type-page","status-publish","hentry"],"_links":{"self":[{"href":"https:\/\/farmable.tech\/es\/wp-json\/wp\/v2\/pages\/55108","targetHints":{"allow":["GET"]}}],"collection":[{"href":"https:\/\/farmable.tech\/es\/wp-json\/wp\/v2\/pages"}],"about":[{"href":"https:\/\/farmable.tech\/es\/wp-json\/wp\/v2\/types\/page"}],"author":[{"embeddable":true,"href":"https:\/\/farmable.tech\/es\/wp-json\/wp\/v2\/users\/5"}],"replies":[{"embeddable":true,"href":"https:\/\/farmable.tech\/es\/wp-json\/wp\/v2\/comments?post=55108"}],"version-history":[{"count":4,"href":"https:\/\/farmable.tech\/es\/wp-json\/wp\/v2\/pages\/55108\/revisions"}],"predecessor-version":[{"id":57016,"href":"https:\/\/farmable.tech\/es\/wp-json\/wp\/v2\/pages\/55108\/revisions\/57016"}],"wp:attachment":[{"href":"https:\/\/farmable.tech\/es\/wp-json\/wp\/v2\/media?parent=55108"}],"curies":[{"name":"wp","href":"https:\/\/api.w.org\/{rel}","templated":true}]}}