{"id":59133,"date":"2023-04-19T09:49:23","date_gmt":"2023-04-19T09:49:23","guid":{"rendered":"https:\/\/farmable.tech\/october-2022\/"},"modified":"2023-04-21T10:54:18","modified_gmt":"2023-04-21T10:54:18","slug":"octubre-2022","status":"publish","type":"page","link":"https:\/\/farmable.tech\/es\/octubre-2022\/","title":{"rendered":"Octubre 2022"},"content":{"rendered":"\t\t<div data-elementor-type=\"wp-page\" data-elementor-id=\"59133\" class=\"elementor elementor-59133\" data-elementor-post-type=\"page\">\n\t\t\t\t\t\t<section class=\"has_ae_slider elementor-section elementor-top-section elementor-element elementor-element-5989d02b elementor-section-height-min-height elementor-section-content-middle elementor-section-stretched elementor-section-boxed elementor-section-height-default elementor-section-items-middle ae-bg-gallery-type-default\" data-id=\"5989d02b\" data-element_type=\"section\" data-e-type=\"section\" data-settings=\"{&quot;background_background&quot;:&quot;classic&quot;,&quot;stretch_section&quot;:&quot;section-stretched&quot;}\">\n\t\t\t\t\t\t\t<div class=\"elementor-background-overlay\"><\/div>\n\t\t\t\t\t\t\t<div class=\"elementor-container elementor-column-gap-default\">\n\t\t\t\t\t<div class=\"has_ae_slider elementor-column elementor-col-100 elementor-top-column elementor-element elementor-element-7e66c877 ae-bg-gallery-type-default\" data-id=\"7e66c877\" data-element_type=\"column\" data-e-type=\"column\">\n\t\t\t<div class=\"elementor-widget-wrap elementor-element-populated\">\n\t\t\t\t\t\t<div class=\"elementor-element elementor-element-68c21f64 elementor-widget elementor-widget-heading\" data-id=\"68c21f64\" data-element_type=\"widget\" data-e-type=\"widget\" data-settings=\"{&quot;ekit_we_effect_on&quot;:&quot;none&quot;}\" data-widget_type=\"heading.default\">\n\t\t\t\t<div class=\"elementor-widget-container\">\n\t\t\t\t\t<h2 class=\"elementor-heading-title elementor-size-default\">Octubre 2022<\/h2>\t\t\t\t<\/div>\n\t\t\t\t<\/div>\n\t\t\t\t\t<\/div>\n\t\t<\/div>\n\t\t\t\t\t<\/div>\n\t\t<\/section>\n\t\t\t\t<section class=\"has_ae_slider elementor-section elementor-top-section elementor-element elementor-element-66ef7a7 elementor-section-boxed elementor-section-height-default elementor-section-height-default ae-bg-gallery-type-default\" data-id=\"66ef7a7\" data-element_type=\"section\" data-e-type=\"section\">\n\t\t\t\t\t\t<div class=\"elementor-container elementor-column-gap-default\">\n\t\t\t\t\t<div class=\"has_ae_slider elementor-column elementor-col-100 elementor-top-column elementor-element elementor-element-54e42bc ae-bg-gallery-type-default\" data-id=\"54e42bc\" data-element_type=\"column\" data-e-type=\"column\">\n\t\t\t<div class=\"elementor-widget-wrap elementor-element-populated\">\n\t\t\t\t\t\t<div class=\"elementor-element elementor-element-fc51a19 elementor-align-left elementor-widget elementor-widget-breadcrumbs\" data-id=\"fc51a19\" data-element_type=\"widget\" data-e-type=\"widget\" data-settings=\"{&quot;ekit_we_effect_on&quot;:&quot;none&quot;}\" data-widget_type=\"breadcrumbs.default\">\n\t\t\t\t<div class=\"elementor-widget-container\">\n\t\t\t\t\t<nav aria-label=\"breadcrumbs\" class=\"rank-math-breadcrumb\"><p><span class=\"last\">Home<\/span><\/p><\/nav>\t\t\t\t<\/div>\n\t\t\t\t<\/div>\n\t\t\t\t\t<\/div>\n\t\t<\/div>\n\t\t\t\t\t<\/div>\n\t\t<\/section>\n\t\t\t\t<section class=\"has_ae_slider elementor-section elementor-top-section elementor-element elementor-element-bbb0af5 elementor-section-boxed elementor-section-height-default elementor-section-height-default ae-bg-gallery-type-default\" data-id=\"bbb0af5\" data-element_type=\"section\" data-e-type=\"section\">\n\t\t\t\t\t\t\t<div class=\"elementor-background-overlay\"><\/div>\n\t\t\t\t\t\t\t<div class=\"elementor-container elementor-column-gap-default\">\n\t\t\t\t\t<div class=\"has_ae_slider elementor-column elementor-col-100 elementor-top-column elementor-element elementor-element-336da0f ae-bg-gallery-type-default\" data-id=\"336da0f\" data-element_type=\"column\" data-e-type=\"column\" data-settings=\"{&quot;background_background&quot;:&quot;classic&quot;}\">\n\t\t\t<div class=\"elementor-widget-wrap elementor-element-populated\">\n\t\t\t\t\t<div class=\"elementor-background-overlay\"><\/div>\n\t\t\t\t\t\t<div class=\"elementor-element elementor-element-8a3a4e1 elementor-widget elementor-widget-heading\" data-id=\"8a3a4e1\" data-element_type=\"widget\" data-e-type=\"widget\" data-settings=\"{&quot;ekit_we_effect_on&quot;:&quot;none&quot;}\" data-widget_type=\"heading.default\">\n\t\t\t\t<div class=\"elementor-widget-container\">\n\t\t\t\t\t<h6 class=\"elementor-heading-title elementor-size-default\">Octubre 25, 2022<\/h6>\t\t\t\t<\/div>\n\t\t\t\t<\/div>\n\t\t\t\t<div class=\"elementor-element elementor-element-7cfe538 elementor-widget elementor-widget-text-editor\" data-id=\"7cfe538\" data-element_type=\"widget\" data-e-type=\"widget\" data-settings=\"{&quot;ekit_we_effect_on&quot;:&quot;none&quot;}\" data-widget_type=\"text-editor.default\">\n\t\t\t\t<div class=\"elementor-widget-container\">\n\t\t\t\t\t\t\t\t\t<p>\u00a1Bienvenido de nuevo! <span role=\"img\" aria-label=\"\ud83d\udc4b\">\ud83d\udc4b<\/span> Estamos ya de vuelta para compartir nuestras \u00faltimas actualizaciones:<\/p>\t\t\t\t\t\t\t\t<\/div>\n\t\t\t\t<\/div>\n\t\t\t\t<div class=\"elementor-element elementor-element-7858fca elementor-widget elementor-widget-html\" data-id=\"7858fca\" data-element_type=\"widget\" data-e-type=\"widget\" data-settings=\"{&quot;ekit_we_effect_on&quot;:&quot;none&quot;}\" data-widget_type=\"html.default\">\n\t\t\t\t<div class=\"elementor-widget-container\">\n\t\t\t\t\t<ul style=\"list-style-type: disc\">\r\n      <li>\r\n        <strong\r\n          >Nuevo m\u00f3dulo extra en la Tienda de Farmable - Equipos y partes de horas:<\/strong\r\n        >\r\n        \u00bfAlguna vez te has preguntado cu\u00e1nto tiempo pas\u00f3 por campo y tarea? Ahora puedes agregar funciones adicionales para las hojas de tiempo desde tu aplicaci\u00f3n m\u00f3vil. Vas a la Tienda de Farmable en la aplicaci\u00f3n para obtener m\u00e1s informaci\u00f3n.\r\n      <\/li>\r\n      <br>\r\n      <li>\r\n       <strong>Crea y edita tus equipos para hojas de tiempo en la aplicaci\u00f3n:<\/strong>acabamos de agregar la configuraci\u00f3n para equipos y hojas de tiempo en la configuraci\u00f3n de tu finca. Puedes crear y editar equipos, agregar una pausa para el almuerzo y un salario promedio para las estimaciones de costos.\r\n      <\/li>\r\n      <br>\r\n    <\/ul>\t\t\t\t<\/div>\n\t\t\t\t<\/div>\n\t\t\t\t<div class=\"elementor-element elementor-element-fca15c0 elementor-widget elementor-widget-text-editor\" data-id=\"fca15c0\" data-element_type=\"widget\" data-e-type=\"widget\" data-settings=\"{&quot;ekit_we_effect_on&quot;:&quot;none&quot;}\" data-widget_type=\"text-editor.default\">\n\t\t\t\t<div class=\"elementor-widget-container\">\n\t\t\t\t\t\t\t\t\t<p>Sigue compartiendo tus comentarios con nosotros y recuerda escribir una review y calificarnos en App Store o Google Play Store. \u00a1Feliz cosecha!<\/p>\t\t\t\t\t\t\t\t<\/div>\n\t\t\t\t<\/div>\n\t\t\t\t\t<\/div>\n\t\t<\/div>\n\t\t\t\t\t<\/div>\n\t\t<\/section>\n\t\t\t\t<section class=\"has_ae_slider elementor-section elementor-top-section elementor-element elementor-element-1ad35444 elementor-section-full_width elementor-section-stretched elementor-section-height-default elementor-section-height-default ae-bg-gallery-type-default\" data-id=\"1ad35444\" data-element_type=\"section\" data-e-type=\"section\" data-settings=\"{&quot;stretch_section&quot;:&quot;section-stretched&quot;,&quot;background_background&quot;:&quot;classic&quot;}\">\n\t\t\t\t\t\t<div class=\"elementor-container elementor-column-gap-default\">\n\t\t\t\t\t<div class=\"has_ae_slider elementor-column elementor-col-100 elementor-top-column elementor-element elementor-element-6e32d939 ae-bg-gallery-type-default\" data-id=\"6e32d939\" data-element_type=\"column\" data-e-type=\"column\">\n\t\t\t<div class=\"elementor-widget-wrap elementor-element-populated\">\n\t\t\t\t\t\t\t<\/div>\n\t\t<\/div>\n\t\t\t\t\t<\/div>\n\t\t<\/section>\n\t\t\t\t<\/div>\n\t\t","protected":false},"excerpt":{"rendered":"<p>Octubre 2022 Home Octubre 25, 2022 \u00a1Bienvenido de nuevo! \ud83d\udc4b Estamos ya de vuelta para compartir nuestras \u00faltimas actualizaciones: Nuevo m\u00f3dulo extra en la Tienda de Farmable &#8211; Equipos y partes de horas: \u00bfAlguna vez te has preguntado cu\u00e1nto tiempo pas\u00f3 por campo y tarea? Ahora puedes agregar funciones adicionales para las hojas de tiempo [&hellip;]<\/p>\n","protected":false},"author":5,"featured_media":0,"parent":0,"menu_order":0,"comment_status":"closed","ping_status":"closed","template":"","meta":{"footnotes":""},"class_list":["post-59133","page","type-page","status-publish","hentry"],"_links":{"self":[{"href":"https:\/\/farmable.tech\/es\/wp-json\/wp\/v2\/pages\/59133","targetHints":{"allow":["GET"]}}],"collection":[{"href":"https:\/\/farmable.tech\/es\/wp-json\/wp\/v2\/pages"}],"about":[{"href":"https:\/\/farmable.tech\/es\/wp-json\/wp\/v2\/types\/page"}],"author":[{"embeddable":true,"href":"https:\/\/farmable.tech\/es\/wp-json\/wp\/v2\/users\/5"}],"replies":[{"embeddable":true,"href":"https:\/\/farmable.tech\/es\/wp-json\/wp\/v2\/comments?post=59133"}],"version-history":[{"count":16,"href":"https:\/\/farmable.tech\/es\/wp-json\/wp\/v2\/pages\/59133\/revisions"}],"predecessor-version":[{"id":59879,"href":"https:\/\/farmable.tech\/es\/wp-json\/wp\/v2\/pages\/59133\/revisions\/59879"}],"wp:attachment":[{"href":"https:\/\/farmable.tech\/es\/wp-json\/wp\/v2\/media?parent=59133"}],"curies":[{"name":"wp","href":"https:\/\/api.w.org\/{rel}","templated":true}]}}