{"id":59150,"date":"2023-04-19T10:04:27","date_gmt":"2023-04-19T10:04:27","guid":{"rendered":"https:\/\/farmable.tech\/june-2022\/"},"modified":"2023-04-21T08:49:49","modified_gmt":"2023-04-21T08:49:49","slug":"junio-2022","status":"publish","type":"page","link":"https:\/\/farmable.tech\/es\/junio-2022\/","title":{"rendered":"Junio 2022"},"content":{"rendered":"\t\t<div data-elementor-type=\"wp-page\" data-elementor-id=\"59150\" class=\"elementor elementor-59150\" data-elementor-post-type=\"page\">\n\t\t\t\t\t\t<section class=\"has_ae_slider elementor-section elementor-top-section elementor-element elementor-element-5989d02b elementor-section-height-min-height elementor-section-content-middle elementor-section-stretched elementor-section-boxed elementor-section-height-default elementor-section-items-middle ae-bg-gallery-type-default\" data-id=\"5989d02b\" data-element_type=\"section\" data-e-type=\"section\" data-settings=\"{&quot;background_background&quot;:&quot;classic&quot;,&quot;stretch_section&quot;:&quot;section-stretched&quot;}\">\n\t\t\t\t\t\t\t<div class=\"elementor-background-overlay\"><\/div>\n\t\t\t\t\t\t\t<div class=\"elementor-container elementor-column-gap-default\">\n\t\t\t\t\t<div class=\"has_ae_slider elementor-column elementor-col-100 elementor-top-column elementor-element elementor-element-7e66c877 ae-bg-gallery-type-default\" data-id=\"7e66c877\" data-element_type=\"column\" data-e-type=\"column\">\n\t\t\t<div class=\"elementor-widget-wrap elementor-element-populated\">\n\t\t\t\t\t\t<div class=\"elementor-element elementor-element-68c21f64 elementor-widget elementor-widget-heading\" data-id=\"68c21f64\" data-element_type=\"widget\" data-e-type=\"widget\" data-settings=\"{&quot;ekit_we_effect_on&quot;:&quot;none&quot;}\" data-widget_type=\"heading.default\">\n\t\t\t\t<div class=\"elementor-widget-container\">\n\t\t\t\t\t<h2 class=\"elementor-heading-title elementor-size-default\">Junio 2022<\/h2>\t\t\t\t<\/div>\n\t\t\t\t<\/div>\n\t\t\t\t\t<\/div>\n\t\t<\/div>\n\t\t\t\t\t<\/div>\n\t\t<\/section>\n\t\t\t\t<section class=\"has_ae_slider elementor-section elementor-top-section elementor-element elementor-element-66ef7a7 elementor-section-boxed elementor-section-height-default elementor-section-height-default ae-bg-gallery-type-default\" data-id=\"66ef7a7\" data-element_type=\"section\" data-e-type=\"section\">\n\t\t\t\t\t\t<div class=\"elementor-container elementor-column-gap-default\">\n\t\t\t\t\t<div class=\"has_ae_slider elementor-column elementor-col-100 elementor-top-column elementor-element elementor-element-54e42bc ae-bg-gallery-type-default\" data-id=\"54e42bc\" data-element_type=\"column\" data-e-type=\"column\">\n\t\t\t<div class=\"elementor-widget-wrap elementor-element-populated\">\n\t\t\t\t\t\t<div class=\"elementor-element elementor-element-fc51a19 elementor-align-left elementor-widget elementor-widget-breadcrumbs\" data-id=\"fc51a19\" data-element_type=\"widget\" data-e-type=\"widget\" data-settings=\"{&quot;ekit_we_effect_on&quot;:&quot;none&quot;}\" data-widget_type=\"breadcrumbs.default\">\n\t\t\t\t<div class=\"elementor-widget-container\">\n\t\t\t\t\t<nav aria-label=\"breadcrumbs\" class=\"rank-math-breadcrumb\"><p><span class=\"last\">Home<\/span><\/p><\/nav>\t\t\t\t<\/div>\n\t\t\t\t<\/div>\n\t\t\t\t\t<\/div>\n\t\t<\/div>\n\t\t\t\t\t<\/div>\n\t\t<\/section>\n\t\t\t\t<section class=\"has_ae_slider elementor-section elementor-top-section elementor-element elementor-element-bbb0af5 elementor-section-boxed elementor-section-height-default elementor-section-height-default ae-bg-gallery-type-default\" data-id=\"bbb0af5\" data-element_type=\"section\" data-e-type=\"section\">\n\t\t\t\t\t\t\t<div class=\"elementor-background-overlay\"><\/div>\n\t\t\t\t\t\t\t<div class=\"elementor-container elementor-column-gap-default\">\n\t\t\t\t\t<div class=\"has_ae_slider elementor-column elementor-col-100 elementor-top-column elementor-element elementor-element-336da0f ae-bg-gallery-type-default\" data-id=\"336da0f\" data-element_type=\"column\" data-e-type=\"column\" data-settings=\"{&quot;background_background&quot;:&quot;classic&quot;}\">\n\t\t\t<div class=\"elementor-widget-wrap elementor-element-populated\">\n\t\t\t\t\t<div class=\"elementor-background-overlay\"><\/div>\n\t\t\t\t\t\t<div class=\"elementor-element elementor-element-8a3a4e1 elementor-widget elementor-widget-heading\" data-id=\"8a3a4e1\" data-element_type=\"widget\" data-e-type=\"widget\" data-settings=\"{&quot;ekit_we_effect_on&quot;:&quot;none&quot;}\" data-widget_type=\"heading.default\">\n\t\t\t\t<div class=\"elementor-widget-container\">\n\t\t\t\t\t<h6 class=\"elementor-heading-title elementor-size-default\">Junio 20, 2022<\/h6>\t\t\t\t<\/div>\n\t\t\t\t<\/div>\n\t\t\t\t<div class=\"elementor-element elementor-element-7cfe538 elementor-widget elementor-widget-text-editor\" data-id=\"7cfe538\" data-element_type=\"widget\" data-e-type=\"widget\" data-settings=\"{&quot;ekit_we_effect_on&quot;:&quot;none&quot;}\" data-widget_type=\"text-editor.default\">\n\t\t\t\t<div class=\"elementor-widget-container\">\n\t\t\t\t\t\t\t\t\t<p>\u00a1Bienvenido de nuevo!<\/p><ul><li>\u00a0<\/li><\/ul><p>Estamos ya de vuelta para compartir las novedades \ud83d\udc47<\/p><p>\u00a0<\/p>\t\t\t\t\t\t\t\t<\/div>\n\t\t\t\t<\/div>\n\t\t\t\t<div class=\"elementor-element elementor-element-7858fca elementor-widget elementor-widget-html\" data-id=\"7858fca\" data-element_type=\"widget\" data-e-type=\"widget\" data-settings=\"{&quot;ekit_we_effect_on&quot;:&quot;none&quot;}\" data-widget_type=\"html.default\">\n\t\t\t\t<div class=\"elementor-widget-container\">\n\t\t\t\t\t<ul style=\"list-style-type: disc\">\r\n      <li>\r\n        <strong\r\n          >\u2728Ocultar un trabajo en ejecuci\u00f3n y utilizar otras funciones de la aplicaci\u00f3n al mismo tiempo: <\/strong\r\n        >\r\nEra hora de hacer que nuestra aplicaci\u00f3n sea a\u00fan m\u00e1s f\u00e1cil, tambi\u00e9n cuando se realiza el seguimiento de un trabajo con GPS. Ahora puedes iniciar un trabajo y probar el nuevo \"Ocultar\" en la parte superior izquierda. Utiliza la nueva funcionalidad para minimizar tu trabajo y comienza a crear notas mientras conduces, registras una cosecha o planificas otro trabajo. El trabajo seguir\u00e1 ejecut\u00e1ndose y rastreando en segundo plano. Rean\u00fadalo en cualquier momento y visualiza el progreso.\r\n        <br><br>\r\nNota: aseg\u00farate de permitir que la aplicaci\u00f3n Farmable rastree siempre mientras realizas el trabajo.\r\n      <\/li>\r\n    <\/ul>\t\t\t\t<\/div>\n\t\t\t\t<\/div>\n\t\t\t\t<div class=\"elementor-element elementor-element-a888f6e elementor-widget elementor-widget-image\" data-id=\"a888f6e\" data-element_type=\"widget\" data-e-type=\"widget\" data-settings=\"{&quot;ekit_we_effect_on&quot;:&quot;none&quot;}\" data-widget_type=\"image.default\">\n\t\t\t\t<div class=\"elementor-widget-container\">\n\t\t\t\t\t\t\t\t\t\t\t\t<figure class=\"wp-caption\">\n\t\t\t\t\t\t\t\t\t\t<img fetchpriority=\"high\" decoding=\"async\" width=\"580\" height=\"972\" src=\"https:\/\/farmable.tech\/wp-content\/uploads\/2023\/04\/smartmockups_l4mrjb9u.png\" class=\"attachment-medium_large size-medium_large wp-image-58992\" alt=\"\" srcset=\"https:\/\/farmable.tech\/wp-content\/uploads\/2023\/04\/smartmockups_l4mrjb9u.png 580w, https:\/\/farmable.tech\/wp-content\/uploads\/2023\/04\/smartmockups_l4mrjb9u-179x300.png 179w\" sizes=\"(max-width: 580px) 100vw, 580px\" title=\"\">\t\t\t\t\t\t\t\t\t\t\t<figcaption class=\"widget-image-caption wp-caption-text\">\"Ocultar\"<\/figcaption>\n\t\t\t\t\t\t\t\t\t\t<\/figure>\n\t\t\t\t\t\t\t\t\t<\/div>\n\t\t\t\t<\/div>\n\t\t\t\t<div class=\"elementor-element elementor-element-a542428 elementor-widget elementor-widget-html\" data-id=\"a542428\" data-element_type=\"widget\" data-e-type=\"widget\" data-settings=\"{&quot;ekit_we_effect_on&quot;:&quot;none&quot;}\" data-widget_type=\"html.default\">\n\t\t\t\t<div class=\"elementor-widget-container\">\n\t\t\t\t\t<ul style=\"list-style-type:disc;\">\n     <li>\n       <strong>B\u00fasqueda de texto libre de tus notas:<\/strong>puedes utilizar la nueva b\u00fasqueda de texto libre de tus notas para encontrar notas viejas m\u00e1s f\u00e1cilmente. Escribe cualquier palabra clave y revisa las notas o comentarios que hiciste el a\u00f1o pasado.\n\n      <\/li><br>\n      <li style=\"margin-top:10px\">\n          <strong>\n              Datos meteorol\u00f3gicos en la aplicaci\u00f3n m\u00f3vil:\n          <\/strong>\n          \u00a1Estamos comenzando a traer datos meteorol\u00f3gicos a la aplicaci\u00f3n m\u00f3vil! \u263a\ufe0f Revisa los datos meteorol\u00f3gicos de tus trabajos completados en el resumen del trabajo. Capturamos autom\u00e1ticamente los datos al momento de completar el trabajo y aparecer\u00e1n en los detalles del trabajo.\n      <\/li>\n<\/ul>\t\t\t\t<\/div>\n\t\t\t\t<\/div>\n\t\t\t\t<div class=\"elementor-element elementor-element-308943f elementor-widget elementor-widget-image\" data-id=\"308943f\" data-element_type=\"widget\" data-e-type=\"widget\" data-settings=\"{&quot;ekit_we_effect_on&quot;:&quot;none&quot;}\" data-widget_type=\"image.default\">\n\t\t\t\t<div class=\"elementor-widget-container\">\n\t\t\t\t\t\t\t\t\t\t\t\t<figure class=\"wp-caption\">\n\t\t\t\t\t\t\t\t\t\t<img decoding=\"async\" width=\"580\" height=\"972\" src=\"https:\/\/farmable.tech\/wp-content\/uploads\/2023\/04\/smartmockups_l4mr63kj.png\" class=\"attachment-medium_large size-medium_large wp-image-59000\" alt=\"\" srcset=\"https:\/\/farmable.tech\/wp-content\/uploads\/2023\/04\/smartmockups_l4mr63kj.png 580w, https:\/\/farmable.tech\/wp-content\/uploads\/2023\/04\/smartmockups_l4mr63kj-179x300.png 179w\" sizes=\"(max-width: 580px) 100vw, 580px\" title=\"\">\t\t\t\t\t\t\t\t\t\t\t<figcaption class=\"widget-image-caption wp-caption-text\">                Datos meteorol\u00f3gicos<\/figcaption>\n\t\t\t\t\t\t\t\t\t\t<\/figure>\n\t\t\t\t\t\t\t\t\t<\/div>\n\t\t\t\t<\/div>\n\t\t\t\t<div class=\"elementor-element elementor-element-083d55c elementor-widget elementor-widget-html\" data-id=\"083d55c\" data-element_type=\"widget\" data-e-type=\"widget\" data-settings=\"{&quot;ekit_we_effect_on&quot;:&quot;none&quot;}\" data-widget_type=\"html.default\">\n\t\t\t\t<div class=\"elementor-widget-container\">\n\t\t\t\t\t<ul style=\"list-style-type:disc\">\n    <li>\n          <strong>\n              Entradas de cosecha y rendimiento en los detalles del campo:\n          <\/strong>\n          Para facilitar la revisi\u00f3n de las entradas de cosecha por campo, estamos introduciendo dos nuevas pesta\u00f1as en los detalles de tu campo.\n      <\/li>\n<\/ul>\t\t\t\t<\/div>\n\t\t\t\t<\/div>\n\t\t\t\t<div class=\"elementor-element elementor-element-214e973 elementor-widget elementor-widget-html\" data-id=\"214e973\" data-element_type=\"widget\" data-e-type=\"widget\" data-settings=\"{&quot;ekit_we_effect_on&quot;:&quot;none&quot;}\" data-widget_type=\"html.default\">\n\t\t\t\t<div class=\"elementor-widget-container\">\n\t\t\t\t\t<ul style=\"list-style-type: circle\">\n    <li>Cosecha para tu lista de entradas de cosecha por campo; <\/li>\n    <li>Rendimiento para el resumen de los resultados de tu cosecha por variedad.<\/li>\n<\/ul>\t\t\t\t<\/div>\n\t\t\t\t<\/div>\n\t\t\t\t\t<\/div>\n\t\t<\/div>\n\t\t\t\t\t<\/div>\n\t\t<\/section>\n\t\t\t\t<section class=\"has_ae_slider elementor-section elementor-top-section elementor-element elementor-element-1ad35444 elementor-section-full_width elementor-section-stretched elementor-section-height-default elementor-section-height-default ae-bg-gallery-type-default\" data-id=\"1ad35444\" data-element_type=\"section\" data-e-type=\"section\" data-settings=\"{&quot;stretch_section&quot;:&quot;section-stretched&quot;,&quot;background_background&quot;:&quot;classic&quot;}\">\n\t\t\t\t\t\t<div class=\"elementor-container elementor-column-gap-default\">\n\t\t\t\t\t<div class=\"has_ae_slider elementor-column elementor-col-100 elementor-top-column elementor-element elementor-element-6e32d939 ae-bg-gallery-type-default\" data-id=\"6e32d939\" data-element_type=\"column\" data-e-type=\"column\">\n\t\t\t<div class=\"elementor-widget-wrap elementor-element-populated\">\n\t\t\t\t\t\t\t<\/div>\n\t\t<\/div>\n\t\t\t\t\t<\/div>\n\t\t<\/section>\n\t\t\t\t<\/div>\n\t\t","protected":false},"excerpt":{"rendered":"<p>Junio 2022 Home Junio 20, 2022 \u00a1Bienvenido de nuevo! &nbsp; Estamos ya de vuelta para compartir las novedades \ud83d\udc47 \u2728Ocultar un trabajo en ejecuci\u00f3n y utilizar otras funciones de la aplicaci\u00f3n al mismo tiempo: Era hora de hacer que nuestra aplicaci\u00f3n sea a\u00fan m\u00e1s f\u00e1cil, tambi\u00e9n cuando se realiza el seguimiento de un trabajo con [&hellip;]<\/p>\n","protected":false},"author":5,"featured_media":0,"parent":0,"menu_order":0,"comment_status":"closed","ping_status":"closed","template":"","meta":{"footnotes":""},"class_list":["post-59150","page","type-page","status-publish","hentry"],"_links":{"self":[{"href":"https:\/\/farmable.tech\/es\/wp-json\/wp\/v2\/pages\/59150","targetHints":{"allow":["GET"]}}],"collection":[{"href":"https:\/\/farmable.tech\/es\/wp-json\/wp\/v2\/pages"}],"about":[{"href":"https:\/\/farmable.tech\/es\/wp-json\/wp\/v2\/types\/page"}],"author":[{"embeddable":true,"href":"https:\/\/farmable.tech\/es\/wp-json\/wp\/v2\/users\/5"}],"replies":[{"embeddable":true,"href":"https:\/\/farmable.tech\/es\/wp-json\/wp\/v2\/comments?post=59150"}],"version-history":[{"count":16,"href":"https:\/\/farmable.tech\/es\/wp-json\/wp\/v2\/pages\/59150\/revisions"}],"predecessor-version":[{"id":59689,"href":"https:\/\/farmable.tech\/es\/wp-json\/wp\/v2\/pages\/59150\/revisions\/59689"}],"wp:attachment":[{"href":"https:\/\/farmable.tech\/es\/wp-json\/wp\/v2\/media?parent=59150"}],"curies":[{"name":"wp","href":"https:\/\/api.w.org\/{rel}","templated":true}]}}