{"id":67568,"date":"2023-10-20T15:58:01","date_gmt":"2023-10-20T15:58:01","guid":{"rendered":"https:\/\/farmable.tech\/farmable-pro\/"},"modified":"2024-05-27T10:31:39","modified_gmt":"2024-05-27T10:31:39","slug":"farmable-pro","status":"publish","type":"page","link":"https:\/\/farmable.tech\/es\/farmable-pro\/","title":{"rendered":"Cuaderno Digital SIEX"},"content":{"rendered":"<h1>M\u00e1s tiempo en el campo. Menos tiempo con la documentaci\u00f3n.<\/h1>\n<h1>M\u00e1s tiempo en el campo. Menos tiempo con la documentaci\u00f3n.<\/h1>\n<p>\t\t<b>Completa informes en pocos clics.<\/b> Apto para certificaciones como GLOBALG.A.P. y Freshcare. Toma decisiones sobre los l\u00edmites del etiquetado de los productos y las condiciones de pulverizaci\u00f3n.<br \/>\n\t\t\t<a href=\"https:\/\/my.stagingnewv2.kinsta.cloud\/campaign\/select\" target=\"_blank\" rel=\"noopener\"><br \/>\n\t\t\t\t\t\t\t\t\tEmpezar la prueba<br \/>\n\t\t\t\t\t<\/a><\/p>\n<h2>Lleva la gesti\u00f3n agr\u00edcola al siguiente nivel<br \/>\n<\/h2>\n<p>\t\t<b>Ahorro de tiempo<\/b> en documentaci\u00f3n. <b>Alertas inteligentes<\/b> sobre restricciones de productos.<br \/>\n\t\t\thoras menos por auditor\u00eda<br \/>\n\t\t\t\t3<br \/>\n\t\t\thoras menos en calcular la mezcla del tanque<br \/>\n\t\t\t\t3<br \/>\n\t\t\ttratamientos de pulverizaci\u00f3n con alertas disponibles<br \/>\n\t\t\t\t~<br \/>\n\t\t\t\t3<\/p>\n<h2>Crea registros de<br \/>\npulverizaci\u00f3n f\u00e1cilmente<\/h2>\n<ul>\n<li>\n\t\t\t\t\t\t\t\t\t\t<b>Informes para auditor\u00edas<\/b>, certificaciones y autoridades regulatorias.\n\t\t\t\t\t\t\t\t\t<\/li>\n<li>\n\t\t\t\t\t\t\t\t\t\tGenera registros de tratamientos para <b>Global GAP, Freshcare y otras certificaciones<\/b>.\n\t\t\t\t\t\t\t\t\t<\/li>\n<li>\n\t\t\t\t\t\t\t\t\t\t<b>Descarga una recopilaci\u00f3n de registros<\/b> de cosecha, campos y trabajos para un an\u00e1lisis sencillo.\n\t\t\t\t\t\t\t\t\t<\/li>\n<\/ul>\n<p>\t\t\t<a href=\"https:\/\/my.stagingnewv2.kinsta.cloud\/campaign\/select\" target=\"_blank\" rel=\"noopener\"><br \/>\n\t\t\t\t\t\t\t\t\tEmpieza ahora<br \/>\n\t\t\t\t\t<\/a><br \/>\n\t\t\t\t\t\t\t\t\t\t\t\t\t<img fetchpriority=\"high\" decoding=\"async\" width=\"1024\" height=\"1024\" src=\"https:\/\/farmable.tech\/wp-content\/uploads\/2024\/05\/PRO-ES-1024x1024.png\" alt=\"\" srcset=\"https:\/\/farmable.tech\/wp-content\/uploads\/2024\/05\/PRO-ES-1024x1024.png 1024w, https:\/\/farmable.tech\/wp-content\/uploads\/2024\/05\/PRO-ES-300x300.png 300w, https:\/\/farmable.tech\/wp-content\/uploads\/2024\/05\/PRO-ES-150x150.png 150w, https:\/\/farmable.tech\/wp-content\/uploads\/2024\/05\/PRO-ES-768x768.png 768w, https:\/\/farmable.tech\/wp-content\/uploads\/2024\/05\/PRO-ES-400x400.png 400w, https:\/\/farmable.tech\/wp-content\/uploads\/2024\/05\/PRO-ES-800x800.png 800w, https:\/\/farmable.tech\/wp-content\/uploads\/2024\/05\/PRO-ES-600x600.png 600w, https:\/\/farmable.tech\/wp-content\/uploads\/2024\/05\/PRO-ES-100x100.png 100w, https:\/\/farmable.tech\/wp-content\/uploads\/2024\/05\/PRO-ES-50x50.png 50w, https:\/\/farmable.tech\/wp-content\/uploads\/2024\/05\/PRO-ES.png 1080w\" sizes=\"(max-width: 1024px) 100vw, 1024px\" title=\"\"><br \/>\n\t\t\t\t\t\t\t\t\t\t\t\t\t<img decoding=\"async\" width=\"1024\" height=\"1024\" src=\"https:\/\/farmable.tech\/wp-content\/uploads\/2024\/05\/DE-25-1024x1024.png\" alt=\"\" srcset=\"https:\/\/farmable.tech\/wp-content\/uploads\/2024\/05\/DE-25-1024x1024.png 1024w, https:\/\/farmable.tech\/wp-content\/uploads\/2024\/05\/DE-25-300x300.png 300w, https:\/\/farmable.tech\/wp-content\/uploads\/2024\/05\/DE-25-150x150.png 150w, https:\/\/farmable.tech\/wp-content\/uploads\/2024\/05\/DE-25-768x768.png 768w, https:\/\/farmable.tech\/wp-content\/uploads\/2024\/05\/DE-25-400x400.png 400w, https:\/\/farmable.tech\/wp-content\/uploads\/2024\/05\/DE-25-800x800.png 800w, https:\/\/farmable.tech\/wp-content\/uploads\/2024\/05\/DE-25-600x600.png 600w, https:\/\/farmable.tech\/wp-content\/uploads\/2024\/05\/DE-25-100x100.png 100w, https:\/\/farmable.tech\/wp-content\/uploads\/2024\/05\/DE-25-50x50.png 50w, https:\/\/farmable.tech\/wp-content\/uploads\/2024\/05\/DE-25.png 1080w\" sizes=\"(max-width: 1024px) 100vw, 1024px\" title=\"\">\t\t\t\t\t\t\t\t\t\t\t\t\t<\/p>\n<h2>Apoyo en decisiones<br \/>\nde pulverizaci\u00f3n<br \/>\n <\/h2>\n<ul>\n<li>\n\t\t\t\t\t\t\t\t\t\tRecibe avisos sobre los <b>l\u00edmites indicados en la etiqueta de los productos<\/b> directamente en la app de Farmable.\n\t\t\t\t\t\t\t\t\t<\/li>\n<li>\n\t\t\t\t\t\t\t\t\t\tObt\u00e9n un <b>resumen de peligros<\/b> sobre los per\u00edodos de retenci\u00f3n y plazos de seguridad.\n\t\t\t\t\t\t\t\t\t<\/li>\n<li>\n\t\t\t\t\t\t\t\t\t\t<b>Eval\u00faa tus decisiones de pulverizaci\u00f3n<\/b> con Delta T y la velocidad del viento (se necesita una estaci\u00f3n meteorol\u00f3gica conectada).\n\t\t\t\t\t\t\t\t\t<\/li>\n<\/ul>\n<p>\t\t\t<a href=\"https:\/\/my.stagingnewv2.kinsta.cloud\/campaign\/select\" target=\"_blank\" rel=\"noopener\"><br \/>\n\t\t\t\t\t\t\t\t\tEmpieza ahora<br \/>\n\t\t\t\t\t<\/a><br \/>\n\t\t\t\t\t\t\t\t\t\t\t\t\t<img decoding=\"async\" width=\"1024\" height=\"1024\" src=\"https:\/\/farmable.tech\/wp-content\/uploads\/2024\/05\/DE-25-1024x1024.png\" alt=\"\" srcset=\"https:\/\/farmable.tech\/wp-content\/uploads\/2024\/05\/DE-25-1024x1024.png 1024w, https:\/\/farmable.tech\/wp-content\/uploads\/2024\/05\/DE-25-300x300.png 300w, https:\/\/farmable.tech\/wp-content\/uploads\/2024\/05\/DE-25-150x150.png 150w, https:\/\/farmable.tech\/wp-content\/uploads\/2024\/05\/DE-25-768x768.png 768w, https:\/\/farmable.tech\/wp-content\/uploads\/2024\/05\/DE-25-400x400.png 400w, https:\/\/farmable.tech\/wp-content\/uploads\/2024\/05\/DE-25-800x800.png 800w, https:\/\/farmable.tech\/wp-content\/uploads\/2024\/05\/DE-25-600x600.png 600w, https:\/\/farmable.tech\/wp-content\/uploads\/2024\/05\/DE-25-100x100.png 100w, https:\/\/farmable.tech\/wp-content\/uploads\/2024\/05\/DE-25-50x50.png 50w, https:\/\/farmable.tech\/wp-content\/uploads\/2024\/05\/DE-25.png 1080w\" sizes=\"(max-width: 1024px) 100vw, 1024px\" title=\"\">\t\t\t\t\t\t\t\t\t\t\t\t\t<\/p>\n<h2>Conectar<br \/>\notras tecnolog\u00edas<\/h2>\n<ul>\n<li>\n\t\t\t\t\t\t\t\t\t\tConecta tu propia estaci\u00f3n meteorol\u00f3gica de Davis (Pr\u00f3ximamente: Sencrop).\n\t\t\t\t\t\t\t\t\t<\/li>\n<li>\n\t\t\t\t\t\t\t\t\t\tTenemos previsto poner en marcha <b>integraciones adicionales<\/b> pronto.\n\t\t\t\t\t\t\t\t\t<\/li>\n<\/ul>\n<p>\t\t\t<a href=\"https:\/\/my.stagingnewv2.kinsta.cloud\/campaign\/select\" target=\"_blank\" rel=\"noopener\"><br \/>\n\t\t\t\t\t\t\t\t\tEmpieza ahora<br \/>\n\t\t\t\t\t<\/a><br \/>\n\t\t\t\t\t\t\t\t\t\t\t\t\t<img decoding=\"async\" width=\"1024\" height=\"1024\" src=\"https:\/\/farmable.tech\/wp-content\/uploads\/2023\/10\/PRO-1-1024x1024.png\" alt=\"\" srcset=\"https:\/\/farmable.tech\/wp-content\/uploads\/2023\/10\/PRO-1-1024x1024.png 1024w, https:\/\/farmable.tech\/wp-content\/uploads\/2023\/10\/PRO-1-300x300.png 300w, https:\/\/farmable.tech\/wp-content\/uploads\/2023\/10\/PRO-1-150x150.png 150w, https:\/\/farmable.tech\/wp-content\/uploads\/2023\/10\/PRO-1-768x768.png 768w, https:\/\/farmable.tech\/wp-content\/uploads\/2023\/10\/PRO-1-400x400.png 400w, https:\/\/farmable.tech\/wp-content\/uploads\/2023\/10\/PRO-1-800x800.png 800w, https:\/\/farmable.tech\/wp-content\/uploads\/2023\/10\/PRO-1-600x600.png 600w, https:\/\/farmable.tech\/wp-content\/uploads\/2023\/10\/PRO-1-100x100.png 100w, https:\/\/farmable.tech\/wp-content\/uploads\/2023\/10\/PRO-1-50x50.png 50w, https:\/\/farmable.tech\/wp-content\/uploads\/2023\/10\/PRO-1.png 1080w\" sizes=\"(max-width: 1024px) 100vw, 1024px\" title=\"\">\t\t\t\t\t\t\t\t\t\t\t\t\t<\/p>\n<p>&#8220;No utilizamos ning\u00fan otro sistema y ya ni siquiera <br \/>conservo mis papeles.&#8221;<\/p>\n<p>\t\t\t\t\t\t<img decoding=\"async\" src=\"https:\/\/farmable.tech\/wp-content\/uploads\/2023\/11\/AMS-NSW-Fiona-Print-83.jpg\" alt=\"Fiona Grigg\" title=\"\"><br \/>\n\t\t\t\t\t\t\t\t<cite>Fiona GriggZest Macadamia<\/cite>\t\t\t<\/p>\n<h2>Ahorra tiempo. Documenta con Farmable.<\/h2>\n<p>\t\t\t<a href=\"https:\/\/my.stagingnewv2.kinsta.cloud\/campaign\/select\" target=\"_blank\" rel=\"noopener\"><br \/>\n\t\t\t\t\t\t\t\t\tEmpezar la prueba<br \/>\n\t\t\t\t\t<\/a><br \/>\n\t\t\t\t\t\t\t\t\t\t\t\t\t<img loading=\"lazy\" decoding=\"async\" width=\"1560\" height=\"800\" src=\"https:\/\/farmable.tech\/wp-content\/uploads\/2023\/10\/laptop-4.png\" alt=\"\" srcset=\"https:\/\/farmable.tech\/wp-content\/uploads\/2023\/10\/laptop-4.png 1560w, https:\/\/farmable.tech\/wp-content\/uploads\/2023\/10\/laptop-4-300x154.png 300w, https:\/\/farmable.tech\/wp-content\/uploads\/2023\/10\/laptop-4-1024x525.png 1024w, https:\/\/farmable.tech\/wp-content\/uploads\/2023\/10\/laptop-4-768x394.png 768w, https:\/\/farmable.tech\/wp-content\/uploads\/2023\/10\/laptop-4-1536x788.png 1536w, https:\/\/farmable.tech\/wp-content\/uploads\/2023\/10\/laptop-4-600x308.png 600w\" sizes=\"(max-width: 1560px) 100vw, 1560px\" title=\"\"><\/p>\n","protected":false},"excerpt":{"rendered":"<p>M\u00e1s tiempo en el campo. Menos tiempo con la documentaci\u00f3n. M\u00e1s tiempo en el campo. Menos tiempo con la documentaci\u00f3n. Completa informes en pocos clics. Apto para certificaciones como GLOBALG.A.P. y Freshcare. Toma decisiones sobre los l\u00edmites del etiquetado de los productos y las condiciones de pulverizaci\u00f3n. Empezar la prueba Lleva la gesti\u00f3n agr\u00edcola al [&hellip;]<\/p>\n","protected":false},"author":5,"featured_media":62274,"parent":0,"menu_order":0,"comment_status":"closed","ping_status":"closed","template":"","meta":{"footnotes":""},"class_list":["post-67568","page","type-page","status-publish","has-post-thumbnail","hentry"],"_links":{"self":[{"href":"https:\/\/farmable.tech\/es\/wp-json\/wp\/v2\/pages\/67568","targetHints":{"allow":["GET"]}}],"collection":[{"href":"https:\/\/farmable.tech\/es\/wp-json\/wp\/v2\/pages"}],"about":[{"href":"https:\/\/farmable.tech\/es\/wp-json\/wp\/v2\/types\/page"}],"author":[{"embeddable":true,"href":"https:\/\/farmable.tech\/es\/wp-json\/wp\/v2\/users\/5"}],"replies":[{"embeddable":true,"href":"https:\/\/farmable.tech\/es\/wp-json\/wp\/v2\/comments?post=67568"}],"version-history":[{"count":19,"href":"https:\/\/farmable.tech\/es\/wp-json\/wp\/v2\/pages\/67568\/revisions"}],"predecessor-version":[{"id":69030,"href":"https:\/\/farmable.tech\/es\/wp-json\/wp\/v2\/pages\/67568\/revisions\/69030"}],"wp:featuredmedia":[{"embeddable":true,"href":"https:\/\/farmable.tech\/es\/wp-json\/wp\/v2\/media\/62274"}],"wp:attachment":[{"href":"https:\/\/farmable.tech\/es\/wp-json\/wp\/v2\/media?parent=67568"}],"curies":[{"name":"wp","href":"https:\/\/api.w.org\/{rel}","templated":true}]}}