{"id":67161,"date":"2023-10-20T15:58:01","date_gmt":"2023-10-20T15:58:01","guid":{"rendered":"https:\/\/farmable.tech\/farmable-pro\/"},"modified":"2024-01-18T18:54:53","modified_gmt":"2024-01-18T18:54:53","slug":"farmable-pro","status":"publish","type":"page","link":"https:\/\/farmable.tech\/fr\/farmable-pro\/","title":{"rendered":"Farmable Pro"},"content":{"rendered":"<h1>Passez plus de temps dans les champs et moins sur les documents<\/h1>\n<h1>Passez plus de temps dans les champs et moins sur les documents<br \/>\n<\/h1>\n<p>\t\tVos rapports complets en quelques clics. Utilisez-les pour obtenir des certifications comme Global GAP et Freshcare. B\u00e9n\u00e9ficiez d\u2019une aide \u00e0 la d\u00e9cision concernant les limites indiqu\u00e9es sur l\u2019\u00e9tiquetage des produits et les conditions de pulv\u00e9risation.<br \/>\n\t\t\t<a href=\"https:\/\/my.stagingnewv2.kinsta.cloud\/campaign\/select\" target=\"_blank\" rel=\"noopener\"><br \/>\n\t\t\t\t\t\tCommencer<br \/>\n\t\t\t\t\t<\/a><\/p>\n<h2>Faites passer la gestion agricole au niveau sup\u00e9rieur<\/h2>\n<p>Documentez votre travail plus rapidement. Des alertes intelligentes pour les restrictions de produits.<\/p>\n<p>\t\t\t\t3<br \/>\n\t\t\t\t\t\t\theures \u00e9conomis\u00e9es\/audit<br \/>\n\t\t\t\t3<br \/>\n\t\t\t\t\t\t\theures \u00e9conomis\u00e9es en calculant les m\u00e9langes pour les r\u00e9servois<br \/>\n\t\t\t\t~<br \/>\n\t\t\t\t3<br \/>\n\t\t\t\t\t\t\ttraitements de pulv\u00e9risation pris en charge par des alertes<\/p>\n<h2>Cr\u00e9ez vos journaux de pulv\u00e9risation<br \/>\nsans stress<br \/>\n<\/h2>\n<ul>\n<li>\n\t\t\t\t\t\t\t\t\t\tDes rapports pr\u00eats pour les audits, les certifications et les autorit\u00e9s r\u00e9glementaires.\n\t\t\t\t\t\t\t\t\t<\/li>\n<li>\n\t\t\t\t\t\t\t\t\t\tG\u00e9n\u00e9rez automatiquement des journaux de traitement pour les certifications Global GAP, Freshcare et d\u2019autres encore.\n\t\t\t\t\t\t\t\t\t<\/li>\n<li>\n\t\t\t\t\t\t\t\t\t\tT\u00e9l\u00e9chargez les journaux compil\u00e9s sur les parcelles, les t\u00e2ches et les r\u00e9coltes pour une analyse facile.\n\t\t\t\t\t\t\t\t\t<\/li>\n<\/ul>\n<p>\t\t\t<a href=\"https:\/\/my.stagingnewv2.kinsta.cloud\/campaign\/select\" target=\"_blank\" rel=\"noopener\"><br \/>\n\t\t\t\t\t\tCommencer<br \/>\n\t\t\t\t\t<\/a><br \/>\n\t\t\t\t\t\t\t\t\t\t\t\t\t\t\t<img fetchpriority=\"high\" decoding=\"async\" width=\"1024\" height=\"1024\" src=\"https:\/\/farmable.tech\/wp-content\/uploads\/2023\/10\/PRO-1024x1024.png\" alt=\"\" srcset=\"https:\/\/farmable.tech\/wp-content\/uploads\/2023\/10\/PRO-1024x1024.png 1024w, https:\/\/farmable.tech\/wp-content\/uploads\/2023\/10\/PRO-300x300.png 300w, https:\/\/farmable.tech\/wp-content\/uploads\/2023\/10\/PRO-150x150.png 150w, https:\/\/farmable.tech\/wp-content\/uploads\/2023\/10\/PRO-768x768.png 768w, https:\/\/farmable.tech\/wp-content\/uploads\/2023\/10\/PRO-400x400.png 400w, https:\/\/farmable.tech\/wp-content\/uploads\/2023\/10\/PRO-800x800.png 800w, https:\/\/farmable.tech\/wp-content\/uploads\/2023\/10\/PRO-600x600.png 600w, https:\/\/farmable.tech\/wp-content\/uploads\/2023\/10\/PRO-100x100.png 100w, https:\/\/farmable.tech\/wp-content\/uploads\/2023\/10\/PRO-50x50.png 50w, https:\/\/farmable.tech\/wp-content\/uploads\/2023\/10\/PRO.png 1080w\" sizes=\"(max-width: 1024px) 100vw, 1024px\" title=\"\"><br \/>\n\t\t\t\t\t\t\t\t\t\t\t\t\t\t\t<img decoding=\"async\" width=\"1024\" height=\"1024\" src=\"https:\/\/farmable.tech\/wp-content\/uploads\/2024\/01\/FR-1-1024x1024.png\" alt=\"\" srcset=\"https:\/\/farmable.tech\/wp-content\/uploads\/2024\/01\/FR-1-1024x1024.png 1024w, https:\/\/farmable.tech\/wp-content\/uploads\/2024\/01\/FR-1-300x300.png 300w, https:\/\/farmable.tech\/wp-content\/uploads\/2024\/01\/FR-1-150x150.png 150w, https:\/\/farmable.tech\/wp-content\/uploads\/2024\/01\/FR-1-768x768.png 768w, https:\/\/farmable.tech\/wp-content\/uploads\/2024\/01\/FR-1-400x400.png 400w, https:\/\/farmable.tech\/wp-content\/uploads\/2024\/01\/FR-1-800x800.png 800w, https:\/\/farmable.tech\/wp-content\/uploads\/2024\/01\/FR-1-600x600.png 600w, https:\/\/farmable.tech\/wp-content\/uploads\/2024\/01\/FR-1-100x100.png 100w, https:\/\/farmable.tech\/wp-content\/uploads\/2024\/01\/FR-1-50x50.png 50w, https:\/\/farmable.tech\/wp-content\/uploads\/2024\/01\/FR-1.png 1080w\" sizes=\"(max-width: 1024px) 100vw, 1024px\" title=\"\">\t\t\t\t\t\t\t\t\t\t\t\t\t\t\t<\/p>\n<h2>B\u00e9n\u00e9ficiez d\u2019une aide<br \/>\n\u00e0 la d\u00e9cision pour la pulv\u00e9risation<br \/>\n <\/h2>\n<ul>\n<li>\n\t\t\t\t\t\t\t\t\t\tRecevez des avertissements d\u00e9clench\u00e9s par les limites indiqu\u00e9es sur les \u00e9tiquettes de produits.\n\t\t\t\t\t\t\t\t\t<\/li>\n<li>\n\t\t\t\t\t\t\t\t\t\tConsultez un aper\u00e7u des dangers, des d\u00e9lais avant r\u00e9colte et des d\u00e9lais de r\u00e9entr\u00e9e.\n\t\t\t\t\t\t\t\t\t<\/li>\n<li>\n\t\t\t\t\t\t\t\t\t\t\u00c9valuez les d\u00e9cisions de pulv\u00e9risation en tenant compte du Delta T et de la vitesse du vent.\n\t\t\t\t\t\t\t\t\t<\/li>\n<\/ul>\n<p>\t\t\t\t\t\t\t\t\t\t\t\t\t\t\t<img decoding=\"async\" width=\"1024\" height=\"1024\" src=\"https:\/\/farmable.tech\/wp-content\/uploads\/2024\/01\/FR-1-1024x1024.png\" alt=\"\" srcset=\"https:\/\/farmable.tech\/wp-content\/uploads\/2024\/01\/FR-1-1024x1024.png 1024w, https:\/\/farmable.tech\/wp-content\/uploads\/2024\/01\/FR-1-300x300.png 300w, https:\/\/farmable.tech\/wp-content\/uploads\/2024\/01\/FR-1-150x150.png 150w, https:\/\/farmable.tech\/wp-content\/uploads\/2024\/01\/FR-1-768x768.png 768w, https:\/\/farmable.tech\/wp-content\/uploads\/2024\/01\/FR-1-400x400.png 400w, https:\/\/farmable.tech\/wp-content\/uploads\/2024\/01\/FR-1-800x800.png 800w, https:\/\/farmable.tech\/wp-content\/uploads\/2024\/01\/FR-1-600x600.png 600w, https:\/\/farmable.tech\/wp-content\/uploads\/2024\/01\/FR-1-100x100.png 100w, https:\/\/farmable.tech\/wp-content\/uploads\/2024\/01\/FR-1-50x50.png 50w, https:\/\/farmable.tech\/wp-content\/uploads\/2024\/01\/FR-1.png 1080w\" sizes=\"(max-width: 1024px) 100vw, 1024px\" title=\"\">\t\t\t\t\t\t\t\t\t\t\t\t\t\t\t<\/p>\n<h2>Connectez d\u2019autres<br \/>\ntechnologies<\/h2>\n<ul>\n<li>\n\t\t\t\t\t\t\t\t\t\tConnectez votre propre station m\u00e9t\u00e9o par Davis (\u00e0 venir : Sencrop, Metos)\n\t\t\t\t\t\t\t\t\t<\/li>\n<li>\n\t\t\t\t\t\t\t\t\t\tNous avons des plans passionnants pour vous apporter <b>des int\u00e9grations suppl\u00e9mentaires<\/b> dans un avenir proche.\n\t\t\t\t\t\t\t\t\t<\/li>\n<\/ul>\n<p>\t\t\t\t\t\t\t\t\t\t\t\t\t\t\t<img decoding=\"async\" width=\"1024\" height=\"1024\" src=\"https:\/\/farmable.tech\/wp-content\/uploads\/2023\/10\/PRO-1-1024x1024.png\" alt=\"\" srcset=\"https:\/\/farmable.tech\/wp-content\/uploads\/2023\/10\/PRO-1-1024x1024.png 1024w, https:\/\/farmable.tech\/wp-content\/uploads\/2023\/10\/PRO-1-300x300.png 300w, https:\/\/farmable.tech\/wp-content\/uploads\/2023\/10\/PRO-1-150x150.png 150w, https:\/\/farmable.tech\/wp-content\/uploads\/2023\/10\/PRO-1-768x768.png 768w, https:\/\/farmable.tech\/wp-content\/uploads\/2023\/10\/PRO-1-400x400.png 400w, https:\/\/farmable.tech\/wp-content\/uploads\/2023\/10\/PRO-1-800x800.png 800w, https:\/\/farmable.tech\/wp-content\/uploads\/2023\/10\/PRO-1-600x600.png 600w, https:\/\/farmable.tech\/wp-content\/uploads\/2023\/10\/PRO-1-100x100.png 100w, https:\/\/farmable.tech\/wp-content\/uploads\/2023\/10\/PRO-1-50x50.png 50w, https:\/\/farmable.tech\/wp-content\/uploads\/2023\/10\/PRO-1.png 1080w\" sizes=\"(max-width: 1024px) 100vw, 1024px\" title=\"\">\t\t\t\t\t\t\t\t\t\t\t\t\t\t\t<\/p>\n<p>&#8220;Nous n\u2019ex\u00e9cutons aucun autre syst\u00e8me, et je ne garde m\u00eame plus mon livre.&#8221; <\/p>\n<p>\t\t\t\t\t\t<img decoding=\"async\" src=\"https:\/\/farmable.tech\/wp-content\/uploads\/2023\/11\/AMS-NSW-Fiona-Print-83.jpg\" alt=\"Fiona Grigg\" title=\"\"><br \/>\n\t\t\t\t\t\t\t\t<cite>Fiona GriggZest Macadamia<\/cite>\t\t\t<\/p>\n<h2>Gagnez du temps. Rapport avec Farmable.<\/h2>\n<p>\t\t\t<a href=\"https:\/\/my.stagingnewv2.kinsta.cloud\/campaign\/select\" target=\"_blank\" rel=\"noopener\"><br \/>\n\t\t\t\t\t\tCommencez<br \/>\n\t\t\t\t\t<\/a><br \/>\n\t\t\t\t\t\t\t\t\t\t\t\t\t\t\t<img loading=\"lazy\" decoding=\"async\" width=\"1560\" height=\"800\" src=\"https:\/\/farmable.tech\/wp-content\/uploads\/2023\/10\/laptop-4.png\" alt=\"\" srcset=\"https:\/\/farmable.tech\/wp-content\/uploads\/2023\/10\/laptop-4.png 1560w, https:\/\/farmable.tech\/wp-content\/uploads\/2023\/10\/laptop-4-300x154.png 300w, https:\/\/farmable.tech\/wp-content\/uploads\/2023\/10\/laptop-4-1024x525.png 1024w, https:\/\/farmable.tech\/wp-content\/uploads\/2023\/10\/laptop-4-768x394.png 768w, https:\/\/farmable.tech\/wp-content\/uploads\/2023\/10\/laptop-4-1536x788.png 1536w, https:\/\/farmable.tech\/wp-content\/uploads\/2023\/10\/laptop-4-600x308.png 600w\" sizes=\"(max-width: 1560px) 100vw, 1560px\" title=\"\"><\/p>\n","protected":false},"excerpt":{"rendered":"<p>Passez plus de temps dans les champs et moins sur les documents Passez plus de temps dans les champs et moins sur les documents Vos rapports complets en quelques clics. Utilisez-les pour obtenir des certifications comme Global GAP et Freshcare. B\u00e9n\u00e9ficiez d\u2019une aide \u00e0 la d\u00e9cision concernant les limites indiqu\u00e9es sur l\u2019\u00e9tiquetage des produits et [&hellip;]<\/p>\n","protected":false},"author":5,"featured_media":66865,"parent":0,"menu_order":0,"comment_status":"closed","ping_status":"closed","template":"","meta":{"footnotes":""},"class_list":["post-67161","page","type-page","status-publish","has-post-thumbnail","hentry"],"_links":{"self":[{"href":"https:\/\/farmable.tech\/fr\/wp-json\/wp\/v2\/pages\/67161","targetHints":{"allow":["GET"]}}],"collection":[{"href":"https:\/\/farmable.tech\/fr\/wp-json\/wp\/v2\/pages"}],"about":[{"href":"https:\/\/farmable.tech\/fr\/wp-json\/wp\/v2\/types\/page"}],"author":[{"embeddable":true,"href":"https:\/\/farmable.tech\/fr\/wp-json\/wp\/v2\/users\/5"}],"replies":[{"embeddable":true,"href":"https:\/\/farmable.tech\/fr\/wp-json\/wp\/v2\/comments?post=67161"}],"version-history":[{"count":7,"href":"https:\/\/farmable.tech\/fr\/wp-json\/wp\/v2\/pages\/67161\/revisions"}],"predecessor-version":[{"id":67220,"href":"https:\/\/farmable.tech\/fr\/wp-json\/wp\/v2\/pages\/67161\/revisions\/67220"}],"wp:featuredmedia":[{"embeddable":true,"href":"https:\/\/farmable.tech\/fr\/wp-json\/wp\/v2\/media\/66865"}],"wp:attachment":[{"href":"https:\/\/farmable.tech\/fr\/wp-json\/wp\/v2\/media?parent=67161"}],"curies":[{"name":"wp","href":"https:\/\/api.w.org\/{rel}","templated":true}]}}