{"id":73310,"date":"2022-12-20T13:37:48","date_gmt":"2022-12-20T13:37:48","guid":{"rendered":"https:\/\/farmable.tech\/careers\/"},"modified":"2025-01-20T09:18:02","modified_gmt":"2025-01-20T09:18:02","slug":"careers","status":"publish","type":"page","link":"https:\/\/farmable.tech\/fr\/careers\/","title":{"rendered":"Careers"},"content":{"rendered":"\t\t<div data-elementor-type=\"wp-page\" data-elementor-id=\"73310\" class=\"elementor elementor-73310 elementor-46427\" data-elementor-post-type=\"page\">\n\t\t\t\t<div class=\"has_ae_slider elementor-element elementor-element-64cae2da e-flex e-con-boxed ae-bg-gallery-type-default e-con e-parent\" data-id=\"64cae2da\" data-element_type=\"container\" data-e-type=\"container\">\n\t\t\t\t\t<div class=\"e-con-inner\">\n\t\t<div class=\"has_ae_slider elementor-element elementor-element-56e5bd5b e-con-full e-flex ae-bg-gallery-type-default e-con e-child\" data-id=\"56e5bd5b\" data-element_type=\"container\" data-e-type=\"container\">\n\t\t\t\t<div class=\"elementor-element elementor-element-708a8705 animated-fast elementor-invisible elementor-widget elementor-widget-elementskit-heading\" data-id=\"708a8705\" data-element_type=\"widget\" data-e-type=\"widget\" data-settings=\"{&quot;_animation&quot;:&quot;fadeIn&quot;,&quot;_animation_delay&quot;:100,&quot;ekit_we_effect_on&quot;:&quot;none&quot;}\" data-widget_type=\"elementskit-heading.default\">\n\t\t\t\t<div class=\"elementor-widget-container\">\n\t\t\t\t\t<div class=\"ekit-wid-con\" ><div class=\"ekit-heading elementskit-section-title-wraper text_center   ekit_heading_tablet-   ekit_heading_mobile-\"><h1 class=\"ekit-heading--title elementskit-section-title \">Souhaitez-vous faire une <span><span>diff\u00e9rence?<\/span><\/span><\/h1>\t\t\t\t<div class='ekit-heading__description'>\n\t\t\t\t\t<div class=\"flex max-w-full flex-col flex-grow\">\n<div class=\"min-h-8 text-message flex w-full flex-col items-end gap-2 whitespace-normal break-words text-start [.text-message+&amp;]:mt-5\">\n<div class=\"flex w-full flex-col gap-1 empty:hidden first:pt-[3px]\">\n<div class=\"markdown prose w-full break-words dark:prose-invert dark\">\n<p>Rejoignez notre \u00e9quipe, contribuez \u00e0 la digitalisation de l'arboriculture et du mara\u00eechage, et aidez les producteurs du monde entier \u00e0 mieux g\u00e9rer leur exploitation.<\/p>\n<\/div>\n<\/div>\n<\/div>\n<\/div>\n<div class=\"mb-2 flex gap-3 empty:hidden -ml-2\">\n<div class=\"items-center justify-start rounded-xl p-1 flex\">\n<div class=\"flex items-center\"><\/p>\n<div class=\"flex items-center pb-0\">\u00a0<\/div>\n<\/div>\n<\/div>\n<\/div>\n\t\t\t\t<\/div>\n\t\t\t<\/div><\/div>\t\t\t\t<\/div>\n\t\t\t\t<\/div>\n\t\t\t\t<\/div>\n\t\t\t\t\t<\/div>\n\t\t\t\t<\/div>\n\t\t<div class=\"has_ae_slider elementor-element elementor-element-45c887e4 e-flex e-con-boxed ae-bg-gallery-type-default e-con e-parent\" data-id=\"45c887e4\" data-element_type=\"container\" data-e-type=\"container\">\n\t\t\t\t\t<div class=\"e-con-inner\">\n\t\t<div class=\"has_ae_slider elementor-element elementor-element-9493b52 e-con-full e-flex ae-bg-gallery-type-default e-con e-child\" data-id=\"9493b52\" data-element_type=\"container\" data-e-type=\"container\">\n\t\t<div class=\"has_ae_slider elementor-element elementor-element-e77b9e9 e-con-full e-flex ae-bg-gallery-type-default e-con e-child\" data-id=\"e77b9e9\" data-element_type=\"container\" data-e-type=\"container\">\n\t\t\t\t<div class=\"elementor-element elementor-element-14811ee7 elementor-widget__width-auto elementor-absolute animated-fast elementor-invisible elementor-widget elementor-widget-elementskit-video\" data-id=\"14811ee7\" data-element_type=\"widget\" data-e-type=\"widget\" data-settings=\"{&quot;_position&quot;:&quot;absolute&quot;,&quot;_animation&quot;:&quot;zoomIn&quot;,&quot;_animation_delay&quot;:300,&quot;ekit_we_effect_on&quot;:&quot;none&quot;}\" data-widget_type=\"elementskit-video.default\">\n\t\t\t\t<div class=\"elementor-widget-container\">\n\t\t\t\t\t<div class=\"ekit-wid-con\" >\t\t<div class=\"video-content\" data-video-player=\"[]\" data-video-setting=\"{&quot;videoVolume&quot;:&quot;horizontal&quot;,&quot;startVolume&quot;:0.8,&quot;videoType&quot;:&quot;iframe&quot;,&quot;videoClass&quot;:&quot;mfp-fade&quot;,&quot;videoStyle&quot;:&quot;popup&quot;,&quot;videoTypeName&quot;:&quot;youtube&quot;,&quot;autoplay&quot;:true,&quot;muted&quot;:true,&quot;loop&quot;:false}\">\n\t\t\t\n<a class=\"ekit_icon_button glow-ripple ekit-video-popup ekit-video-popup-btn\" href=\"https:\/\/www.youtube.com\/embed\/w03-ddqY-AE?feature=oembed?playlist=w03-ddqY-AE&amp;mute=1&amp;autoplay=1&amp;loop=no&amp;controls=1&amp;start=0&amp;end=\" aria-label=\"video-popup\" target=\"_blank\" rel=\"noopener\">\n\t\t\t\t<i aria-hidden=\"true\" class=\"fas fa-play\"><\/i>\t\t\n\t\t\t<\/a>\n\t\t\t\t\t\t\t<div class=\"ekit-hidden-icons\" hidden aria-hidden=\"true\">\n\t\t\t\t\t<i class=\"ekit-popup-close-icon icon icon-cancel\"><\/i>\t\t\t\t<\/div>\n\t\t<\/div>\n\t\t<\/div>\t\t\t\t<\/div>\n\t\t\t\t<\/div>\n\t\t\t\t<div class=\"elementor-element elementor-element-4180b257 animated-fast elementor-invisible elementor-widget elementor-widget-image\" data-id=\"4180b257\" data-element_type=\"widget\" data-e-type=\"widget\" data-settings=\"{&quot;_animation&quot;:&quot;fadeInUp&quot;,&quot;_animation_delay&quot;:200,&quot;ekit_we_effect_on&quot;:&quot;none&quot;}\" data-widget_type=\"image.default\">\n\t\t\t\t<div class=\"elementor-widget-container\">\n\t\t\t\t\t\t\t\t\t\t\t\t\t\t\t\t<a href=\"https:\/\/youtu.be\/yrGG8mKBY1Q?si=g68ckUJT4kOjZBlG\" target=\"_blank\" rel=\"noopener\">\n\t\t\t\t\t\t\t<img fetchpriority=\"high\" decoding=\"async\" width=\"2874\" height=\"1548\" src=\"https:\/\/farmable.tech\/wp-content\/uploads\/2025\/01\/Screenshot-2025-01-09-at-14.32.52.png\" class=\"attachment-full size-full wp-image-71827\" alt=\"\" srcset=\"https:\/\/farmable.tech\/wp-content\/uploads\/2025\/01\/Screenshot-2025-01-09-at-14.32.52.png 2874w, https:\/\/farmable.tech\/wp-content\/uploads\/2025\/01\/Screenshot-2025-01-09-at-14.32.52-300x162.png 300w, https:\/\/farmable.tech\/wp-content\/uploads\/2025\/01\/Screenshot-2025-01-09-at-14.32.52-1024x552.png 1024w, https:\/\/farmable.tech\/wp-content\/uploads\/2025\/01\/Screenshot-2025-01-09-at-14.32.52-768x414.png 768w, https:\/\/farmable.tech\/wp-content\/uploads\/2025\/01\/Screenshot-2025-01-09-at-14.32.52-1536x827.png 1536w, https:\/\/farmable.tech\/wp-content\/uploads\/2025\/01\/Screenshot-2025-01-09-at-14.32.52-2048x1103.png 2048w, https:\/\/farmable.tech\/wp-content\/uploads\/2025\/01\/Screenshot-2025-01-09-at-14.32.52-710x382.png 710w, https:\/\/farmable.tech\/wp-content\/uploads\/2025\/01\/Screenshot-2025-01-09-at-14.32.52-600x323.png 600w\" sizes=\"(max-width: 2874px) 100vw, 2874px\" title=\"\">\t\t\t\t\t\t\t\t<\/a>\n\t\t\t\t\t\t\t\t\t\t\t\t\t\t\t<\/div>\n\t\t\t\t<\/div>\n\t\t\t\t<\/div>\n\t\t\t\t<\/div>\n\t\t\t\t\t<\/div>\n\t\t\t\t<\/div>\n\t\t<div class=\"has_ae_slider elementor-element elementor-element-3e48eba2 e-flex e-con-boxed ae-bg-gallery-type-default e-con e-parent\" data-id=\"3e48eba2\" data-element_type=\"container\" data-e-type=\"container\" data-settings=\"{&quot;background_background&quot;:&quot;classic&quot;}\">\n\t\t\t\t\t<div class=\"e-con-inner\">\n\t\t<div class=\"has_ae_slider elementor-element elementor-element-4ecb27e e-con-full e-flex ae-bg-gallery-type-default e-con e-child\" data-id=\"4ecb27e\" data-element_type=\"container\" data-e-type=\"container\">\n\t\t<div class=\"has_ae_slider elementor-element elementor-element-5018bd99 e-con-full animated-fast e-flex ae-bg-gallery-type-default elementor-invisible e-con e-child\" data-id=\"5018bd99\" data-element_type=\"container\" data-e-type=\"container\" data-settings=\"{&quot;background_background&quot;:&quot;classic&quot;,&quot;animation_delay&quot;:100,&quot;animation&quot;:&quot;fadeInUp&quot;}\">\n\t\t<div class=\"has_ae_slider elementor-element elementor-element-4943a7f4 e-con-full e-flex ae-bg-gallery-type-default e-con e-child\" data-id=\"4943a7f4\" data-element_type=\"container\" data-e-type=\"container\">\n\t\t\t\t<div class=\"elementor-element elementor-element-7950e05d animated-fast elementor-invisible elementor-widget elementor-widget-elementskit-heading\" data-id=\"7950e05d\" data-element_type=\"widget\" data-e-type=\"widget\" data-settings=\"{&quot;_animation&quot;:&quot;fadeIn&quot;,&quot;_animation_delay&quot;:200,&quot;ekit_we_effect_on&quot;:&quot;none&quot;}\" data-widget_type=\"elementskit-heading.default\">\n\t\t\t\t<div class=\"elementor-widget-container\">\n\t\t\t\t\t<div class=\"ekit-wid-con\" ><div class=\"ekit-heading elementskit-section-title-wraper text_left   ekit_heading_tablet-   ekit_heading_mobile-\"><h6 class=\"elementskit-section-subtitle  \">\n\t\t\t\t\t\tRejoignez notre \u00e9quipe.\n\t\t\t\t\t<\/h6><h2 class=\"ekit-heading--title elementskit-section-title \">Cherchez-vous un endroit id\u00e9al pour <span><span>grandir et prosp\u00e9rer?<\/span><\/span> <\/h2>\t\t\t\t<div class='ekit-heading__description'>\n\t\t\t\t\t<div class=\"flex max-w-full flex-col flex-grow\">\n<div class=\"min-h-8 text-message flex w-full flex-col items-end gap-2 whitespace-normal break-words text-start [.text-message+&amp;]:mt-5\">\n<div class=\"flex w-full flex-col gap-1 empty:hidden first:pt-[3px]\">\n<div class=\"markdown prose w-full break-words dark:prose-invert dark\">\n<p>Nous sommes toujours \u00e0 la recherche de nouveaux talents pour rejoindre notre \u00e9quipe. Si vous pensez pouvoir apporter quelque chose de sp\u00e9cial \u00e0 notre \u00e9quipe, veuillez nous envoyer une lettre de motivation et un CV \u00e0 l'adresse suivante : <a href=\"mailto:he***@******le.tech\" data-original-string=\"bOjh5N0Nru\/kqScJpAQ16A==a65JDAtIPk6I50rnI8vI8UMY3uFqWvUhswXLaZIYUwt\/BA=\" title=\"This contact has been encoded by Anti-Spam by CleanTalk. Click to decode. To finish the decoding make sure that JavaScript is enabled in your browser.\" rel=\"noopener\"><span \n                data-original-string='E3iENm0l3nUFRVG92n8Diw==a65Ybsw5jOI+RGobe2YLwbUG1rmjEqpgITXbw3csjI8rmI='\n                class='apbct-email-encoder'\n                title='This contact has been encoded by Anti-Spam by CleanTalk. Click to decode. To finish the decoding make sure that JavaScript is enabled in your browser.'>he<span class=\"apbct-blur\">***<\/span>@<span class=\"apbct-blur\">******<\/span>le.tech<\/span><\/a>.<\/p>\n<\/div>\n<\/div>\n<\/div>\n<\/div>\n\t\t\t\t<\/div>\n\t\t\t<\/div><\/div>\t\t\t\t<\/div>\n\t\t\t\t<\/div>\n\t\t\t\t<div class=\"elementor-element elementor-element-3f28eb4d elementor-align-left animated-fast elementor-invisible elementor-widget elementor-widget-elementskit-button\" data-id=\"3f28eb4d\" data-element_type=\"widget\" data-e-type=\"widget\" data-settings=\"{&quot;_animation&quot;:&quot;pulse&quot;,&quot;_animation_delay&quot;:300,&quot;ekit_we_effect_on&quot;:&quot;none&quot;}\" data-widget_type=\"elementskit-button.default\">\n\t\t\t\t<div class=\"elementor-widget-container\">\n\t\t\t\t\t<div class=\"ekit-wid-con\" >\t\t<div class=\"ekit-btn-wraper\">\n\t\t\t\t\t\t\t<a href=\"mailto:he***@******le.tech\" data-original-string=\"XudN20irRXa3jXKF9Wam3Q==a65fNPH70k54gfSSfBZcuZr+RGf5LCwXoEsvYsPvHTo3pM=\" title=\"This contact has been encoded by Anti-Spam by CleanTalk. Click to decode. To finish the decoding make sure that JavaScript is enabled in your browser.\" target=\"_blank\" class=\"elementskit-btn  whitespace--normal\" id=\"\">\n\t\t\t\t\tContactez-nous<i class=\"icon icon-arrow-right\"><\/i>\t\t\t\t<\/a>\n\t\t\t\t\t<\/div>\n        <\/div>\t\t\t\t<\/div>\n\t\t\t\t<\/div>\n\t\t\t\t<\/div>\n\t\t<div class=\"has_ae_slider elementor-element elementor-element-2e9c855c e-con-full e-flex ae-bg-gallery-type-default e-con e-child\" data-id=\"2e9c855c\" data-element_type=\"container\" data-e-type=\"container\">\n\t\t\t\t<\/div>\n\t\t\t\t<\/div>\n\t\t\t\t<\/div>\n\t\t\t\t\t<\/div>\n\t\t\t\t<\/div>\n\t\t\t\t<\/div>\n\t\t","protected":false},"excerpt":{"rendered":"<p>Souhaitez-vous faire une diff\u00e9rence? Rejoignez notre \u00e9quipe, contribuez \u00e0 la digitalisation de l&#8217;arboriculture et du mara\u00eechage, et aidez les producteurs du monde entier \u00e0 mieux g\u00e9rer leur exploitation. \u00a0 Rejoignez notre \u00e9quipe. Cherchez-vous un endroit id\u00e9al pour grandir et prosp\u00e9rer? Nous sommes toujours \u00e0 la recherche de nouveaux talents pour rejoindre notre \u00e9quipe. Si vous [&hellip;]<\/p>\n","protected":false},"author":5,"featured_media":0,"parent":0,"menu_order":0,"comment_status":"closed","ping_status":"closed","template":"","meta":{"footnotes":""},"class_list":["post-73310","page","type-page","status-publish","hentry"],"_links":{"self":[{"href":"https:\/\/farmable.tech\/fr\/wp-json\/wp\/v2\/pages\/73310","targetHints":{"allow":["GET"]}}],"collection":[{"href":"https:\/\/farmable.tech\/fr\/wp-json\/wp\/v2\/pages"}],"about":[{"href":"https:\/\/farmable.tech\/fr\/wp-json\/wp\/v2\/types\/page"}],"author":[{"embeddable":true,"href":"https:\/\/farmable.tech\/fr\/wp-json\/wp\/v2\/users\/5"}],"replies":[{"embeddable":true,"href":"https:\/\/farmable.tech\/fr\/wp-json\/wp\/v2\/comments?post=73310"}],"version-history":[{"count":4,"href":"https:\/\/farmable.tech\/fr\/wp-json\/wp\/v2\/pages\/73310\/revisions"}],"predecessor-version":[{"id":73322,"href":"https:\/\/farmable.tech\/fr\/wp-json\/wp\/v2\/pages\/73310\/revisions\/73322"}],"wp:attachment":[{"href":"https:\/\/farmable.tech\/fr\/wp-json\/wp\/v2\/media?parent=73310"}],"curies":[{"name":"wp","href":"https:\/\/api.w.org\/{rel}","templated":true}]}}