{"id":67192,"date":"2022-12-13T11:45:37","date_gmt":"2022-12-13T11:45:37","guid":{"rendered":"https:\/\/farmable.tech\/the-idea\/"},"modified":"2024-05-29T14:20:42","modified_gmt":"2024-05-29T14:20:42","slug":"the-idea","status":"publish","type":"page","link":"https:\/\/farmable.tech\/it\/the-idea\/","title":{"rendered":"L&#8217;idea"},"content":{"rendered":"\t\t<div data-elementor-type=\"wp-page\" data-elementor-id=\"67192\" class=\"elementor elementor-67192 elementor-55009\" data-elementor-post-type=\"page\">\n\t\t\t\t\t\t<section class=\"has_ae_slider elementor-section elementor-top-section elementor-element elementor-element-41466a57 elementor-section-height-min-height elementor-section-content-middle elementor-section-stretched elementor-section-boxed elementor-section-height-default elementor-section-items-middle ae-bg-gallery-type-default\" data-id=\"41466a57\" data-element_type=\"section\" data-e-type=\"section\" data-settings=\"{&quot;background_background&quot;:&quot;classic&quot;,&quot;stretch_section&quot;:&quot;section-stretched&quot;}\">\n\t\t\t\t\t\t\t<div class=\"elementor-background-overlay\"><\/div>\n\t\t\t\t\t\t\t<div class=\"elementor-container elementor-column-gap-default\">\n\t\t\t\t\t<div class=\"has_ae_slider elementor-column elementor-col-100 elementor-top-column elementor-element elementor-element-5c6fe860 ae-bg-gallery-type-default\" data-id=\"5c6fe860\" data-element_type=\"column\" data-e-type=\"column\">\n\t\t\t<div class=\"elementor-widget-wrap elementor-element-populated\">\n\t\t\t\t\t\t<div class=\"elementor-element elementor-element-7a8ee0e7 elementor-widget elementor-widget-heading\" data-id=\"7a8ee0e7\" data-element_type=\"widget\" data-e-type=\"widget\" data-settings=\"{&quot;ekit_we_effect_on&quot;:&quot;none&quot;}\" data-widget_type=\"heading.default\">\n\t\t\t\t<div class=\"elementor-widget-container\">\n\t\t\t\t\t<h2 class=\"elementor-heading-title elementor-size-default\">L'idea<\/h2>\t\t\t\t<\/div>\n\t\t\t\t<\/div>\n\t\t\t\t<section class=\"has_ae_slider elementor-section elementor-inner-section elementor-element elementor-element-1075e809 elementor-section-boxed elementor-section-height-default elementor-section-height-default ae-bg-gallery-type-default\" data-id=\"1075e809\" data-element_type=\"section\" data-e-type=\"section\">\n\t\t\t\t\t\t<div class=\"elementor-container elementor-column-gap-default\">\n\t\t\t\t\t<div class=\"has_ae_slider elementor-column elementor-col-50 elementor-inner-column elementor-element elementor-element-26295745 ae-bg-gallery-type-default\" data-id=\"26295745\" data-element_type=\"column\" data-e-type=\"column\">\n\t\t\t<div class=\"elementor-widget-wrap elementor-element-populated\">\n\t\t\t\t\t\t<div class=\"elementor-element elementor-element-674e3e6 elementor-widget elementor-widget-image\" data-id=\"674e3e6\" data-element_type=\"widget\" data-e-type=\"widget\" data-settings=\"{&quot;ekit_we_effect_on&quot;:&quot;none&quot;}\" data-widget_type=\"image.default\">\n\t\t\t\t<div class=\"elementor-widget-container\">\n\t\t\t\t\t\t\t\t\t\t\t\t\t\t\t\t<a href=\"https:\/\/download.stagingnewv2.kinsta.cloud\/OLoq\/fbddc9e\" target=\"_blank\" rel=\"noopener\">\n\t\t\t\t\t\t\t<img fetchpriority=\"high\" decoding=\"async\" width=\"541\" height=\"160\" src=\"https:\/\/farmable.tech\/wp-content\/uploads\/2023\/01\/Appstore.png\" class=\"attachment-full size-full wp-image-65910\" alt=\"\" srcset=\"https:\/\/farmable.tech\/wp-content\/uploads\/2023\/01\/Appstore.png 541w, https:\/\/farmable.tech\/wp-content\/uploads\/2023\/01\/Appstore-300x89.png 300w\" sizes=\"(max-width: 541px) 100vw, 541px\" title=\"\">\t\t\t\t\t\t\t\t<\/a>\n\t\t\t\t\t\t\t\t\t\t\t\t\t\t\t<\/div>\n\t\t\t\t<\/div>\n\t\t\t\t\t<\/div>\n\t\t<\/div>\n\t\t\t\t<div class=\"has_ae_slider elementor-column elementor-col-50 elementor-inner-column elementor-element elementor-element-5e0d7da9 ae-bg-gallery-type-default\" data-id=\"5e0d7da9\" data-element_type=\"column\" data-e-type=\"column\">\n\t\t\t<div class=\"elementor-widget-wrap elementor-element-populated\">\n\t\t\t\t\t\t<div class=\"elementor-element elementor-element-5a206d10 elementor-widget elementor-widget-image\" data-id=\"5a206d10\" data-element_type=\"widget\" data-e-type=\"widget\" data-settings=\"{&quot;ekit_we_effect_on&quot;:&quot;none&quot;}\" data-widget_type=\"image.default\">\n\t\t\t\t<div class=\"elementor-widget-container\">\n\t\t\t\t\t\t\t\t\t\t\t\t\t\t\t\t<a href=\"https:\/\/download.stagingnewv2.kinsta.cloud\/OLoq\/9f2d9a56\" target=\"_blank\" rel=\"noopener\">\n\t\t\t\t\t\t\t<img decoding=\"async\" width=\"541\" height=\"160\" src=\"https:\/\/farmable.tech\/wp-content\/uploads\/2023\/01\/google-play.png\" class=\"attachment-full size-full wp-image-65912\" alt=\"\" srcset=\"https:\/\/farmable.tech\/wp-content\/uploads\/2023\/01\/google-play.png 541w, https:\/\/farmable.tech\/wp-content\/uploads\/2023\/01\/google-play-300x89.png 300w\" sizes=\"(max-width: 541px) 100vw, 541px\" title=\"\">\t\t\t\t\t\t\t\t<\/a>\n\t\t\t\t\t\t\t\t\t\t\t\t\t\t\t<\/div>\n\t\t\t\t<\/div>\n\t\t\t\t\t<\/div>\n\t\t<\/div>\n\t\t\t\t\t<\/div>\n\t\t<\/section>\n\t\t\t\t\t<\/div>\n\t\t<\/div>\n\t\t\t\t\t<\/div>\n\t\t<\/section>\n\t\t\t\t<section class=\"has_ae_slider elementor-section elementor-top-section elementor-element elementor-element-8747bc7 elementor-section-boxed elementor-section-height-default elementor-section-height-default ae-bg-gallery-type-default\" data-id=\"8747bc7\" data-element_type=\"section\" data-e-type=\"section\">\n\t\t\t\t\t\t<div class=\"elementor-container elementor-column-gap-default\">\n\t\t\t\t\t<div class=\"has_ae_slider elementor-column elementor-col-100 elementor-top-column elementor-element elementor-element-464b304 ae-bg-gallery-type-default\" data-id=\"464b304\" data-element_type=\"column\" data-e-type=\"column\">\n\t\t\t<div class=\"elementor-widget-wrap elementor-element-populated\">\n\t\t\t\t\t\t<div class=\"elementor-element elementor-element-c986542 elementor-align-left elementor-widget elementor-widget-breadcrumbs\" data-id=\"c986542\" data-element_type=\"widget\" data-e-type=\"widget\" data-settings=\"{&quot;ekit_we_effect_on&quot;:&quot;none&quot;}\" data-widget_type=\"breadcrumbs.default\">\n\t\t\t\t<div class=\"elementor-widget-container\">\n\t\t\t\t\t<nav aria-label=\"breadcrumbs\" class=\"rank-math-breadcrumb\"><p><span class=\"last\">Home<\/span><\/p><\/nav>\t\t\t\t<\/div>\n\t\t\t\t<\/div>\n\t\t\t\t\t<\/div>\n\t\t<\/div>\n\t\t\t\t\t<\/div>\n\t\t<\/section>\n\t\t\t\t<section class=\"has_ae_slider elementor-section elementor-top-section elementor-element elementor-element-71fa4342 elementor-section-boxed elementor-section-height-default elementor-section-height-default ae-bg-gallery-type-default\" data-id=\"71fa4342\" data-element_type=\"section\" data-e-type=\"section\">\n\t\t\t\t\t\t\t<div class=\"elementor-background-overlay\"><\/div>\n\t\t\t\t\t\t\t<div class=\"elementor-container elementor-column-gap-default\">\n\t\t\t\t\t<div class=\"has_ae_slider elementor-column elementor-col-50 elementor-top-column elementor-element elementor-element-733484ce ae-bg-gallery-type-default\" data-id=\"733484ce\" data-element_type=\"column\" data-e-type=\"column\">\n\t\t\t<div class=\"elementor-widget-wrap elementor-element-populated\">\n\t\t\t\t\t\t<div class=\"elementor-element elementor-element-a4ef1e9 elementor-widget elementor-widget-image\" data-id=\"a4ef1e9\" data-element_type=\"widget\" data-e-type=\"widget\" data-settings=\"{&quot;ekit_we_effect_on&quot;:&quot;none&quot;}\" data-widget_type=\"image.default\">\n\t\t\t\t<div class=\"elementor-widget-container\">\n\t\t\t\t\t\t\t\t\t\t\t\t\t\t\t<img decoding=\"async\" width=\"584\" height=\"520\" src=\"https:\/\/farmable.tech\/wp-content\/uploads\/2023\/01\/img-1.png\" class=\"attachment-large size-large wp-image-65920\" alt=\"\" srcset=\"https:\/\/farmable.tech\/wp-content\/uploads\/2023\/01\/img-1.png 584w, https:\/\/farmable.tech\/wp-content\/uploads\/2023\/01\/img-1-300x267.png 300w\" sizes=\"(max-width: 584px) 100vw, 584px\" title=\"\">\t\t\t\t\t\t\t\t\t\t\t\t\t\t\t<\/div>\n\t\t\t\t<\/div>\n\t\t\t\t\t<\/div>\n\t\t<\/div>\n\t\t\t\t<div class=\"has_ae_slider elementor-column elementor-col-50 elementor-top-column elementor-element elementor-element-16721851 ae-bg-gallery-type-default\" data-id=\"16721851\" data-element_type=\"column\" data-e-type=\"column\" data-settings=\"{&quot;background_background&quot;:&quot;classic&quot;}\">\n\t\t\t<div class=\"elementor-widget-wrap elementor-element-populated\">\n\t\t\t\t\t<div class=\"elementor-background-overlay\"><\/div>\n\t\t\t\t\t\t<div class=\"elementor-element elementor-element-200fc24 elementor-widget elementor-widget-heading\" data-id=\"200fc24\" data-element_type=\"widget\" data-e-type=\"widget\" data-settings=\"{&quot;ekit_we_effect_on&quot;:&quot;none&quot;}\" data-widget_type=\"heading.default\">\n\t\t\t\t<div class=\"elementor-widget-container\">\n\t\t\t\t\t<h3 class=\"elementor-heading-title elementor-size-default\">Il digitale \u00e8 diventato oggi pi\u00f9 importante che mai.<\/h3>\t\t\t\t<\/div>\n\t\t\t\t<\/div>\n\t\t\t\t<div class=\"elementor-element elementor-element-22c6911d elementor-widget elementor-widget-text-editor\" data-id=\"22c6911d\" data-element_type=\"widget\" data-e-type=\"widget\" data-settings=\"{&quot;ekit_we_effect_on&quot;:&quot;none&quot;}\" data-widget_type=\"text-editor.default\">\n\t\t\t\t<div class=\"elementor-widget-container\">\n\t\t\t\t\t\t\t\t\t<p>Farmable \u00e8 una <strong>piattaforma di gestione dell&#8217;azienda agricola<\/strong> progettata dai coltivatori, per le esigenze uniche dei coltivatori di frutta e alberi. La nostra piattaforma funziona su dispositivi mobili, tablet e desktop grazie alla combinazione della nostra app e dei moduli aggiuntivi.<\/p>\t\t\t\t\t\t\t\t<\/div>\n\t\t\t\t<\/div>\n\t\t\t\t\t<\/div>\n\t\t<\/div>\n\t\t\t\t\t<\/div>\n\t\t<\/section>\n\t\t\t\t<section class=\"has_ae_slider elementor-section elementor-top-section elementor-element elementor-element-d544576 elementor-section-boxed elementor-section-height-default elementor-section-height-default ae-bg-gallery-type-default\" data-id=\"d544576\" data-element_type=\"section\" data-e-type=\"section\">\n\t\t\t\t\t\t\t<div class=\"elementor-background-overlay\"><\/div>\n\t\t\t\t\t\t\t<div class=\"elementor-container elementor-column-gap-default\">\n\t\t\t\t\t<div class=\"has_ae_slider elementor-column elementor-col-50 elementor-top-column elementor-element elementor-element-9fbd2f3 ae-bg-gallery-type-default\" data-id=\"9fbd2f3\" data-element_type=\"column\" data-e-type=\"column\" data-settings=\"{&quot;background_background&quot;:&quot;classic&quot;}\">\n\t\t\t<div class=\"elementor-widget-wrap elementor-element-populated\">\n\t\t\t\t\t<div class=\"elementor-background-overlay\"><\/div>\n\t\t\t\t\t\t<div class=\"elementor-element elementor-element-192fea2 elementor-widget elementor-widget-heading\" data-id=\"192fea2\" data-element_type=\"widget\" data-e-type=\"widget\" data-settings=\"{&quot;ekit_we_effect_on&quot;:&quot;none&quot;}\" data-widget_type=\"heading.default\">\n\t\t\t\t<div class=\"elementor-widget-container\">\n\t\t\t\t\t<h3 class=\"elementor-heading-title elementor-size-default\">La nostra visione<\/h3>\t\t\t\t<\/div>\n\t\t\t\t<\/div>\n\t\t\t\t<div class=\"elementor-element elementor-element-787ec7f elementor-widget elementor-widget-text-editor\" data-id=\"787ec7f\" data-element_type=\"widget\" data-e-type=\"widget\" data-settings=\"{&quot;ekit_we_effect_on&quot;:&quot;none&quot;}\" data-widget_type=\"text-editor.default\">\n\t\t\t\t<div class=\"elementor-widget-container\">\n\t\t\t\t\t\t\t\t\t<p>Entro i prossimi trent&#8217;anni, la popolazione globale raggiunger\u00e0 i 10 miliardi. Questo significa che dobbiamo produrre il 70% di cibo in pi\u00f9 di oggi. Allo stesso tempo, i terreni agricoli disponibili rimarranno praticamente gli stessi e le questioni ambientali richiedono una cura ancora migliore delle risorse naturali.<\/p><p>Tenendo questo in mente, il nostro team sta lavorando instancabilmente per semplificare i processi di gestione dei frutteti e delle aziende agricole.<\/p><p>La nostra visione \u00e8 quella di consentire agli agricoltori di nutrire il mondo preservando il pianeta.<\/p>\t\t\t\t\t\t\t\t<\/div>\n\t\t\t\t<\/div>\n\t\t\t\t\t<\/div>\n\t\t<\/div>\n\t\t\t\t<div class=\"has_ae_slider elementor-column elementor-col-50 elementor-top-column elementor-element elementor-element-9028864 ae-bg-gallery-type-default\" data-id=\"9028864\" data-element_type=\"column\" data-e-type=\"column\">\n\t\t\t<div class=\"elementor-widget-wrap elementor-element-populated\">\n\t\t\t\t\t\t<div class=\"elementor-element elementor-element-90bbb1a elementor-widget elementor-widget-image\" data-id=\"90bbb1a\" data-element_type=\"widget\" data-e-type=\"widget\" data-settings=\"{&quot;ekit_we_effect_on&quot;:&quot;none&quot;}\" data-widget_type=\"image.default\">\n\t\t\t\t<div class=\"elementor-widget-container\">\n\t\t\t\t\t\t\t\t\t\t\t\t\t\t\t<img loading=\"lazy\" decoding=\"async\" width=\"585\" height=\"520\" src=\"https:\/\/farmable.tech\/wp-content\/uploads\/2023\/01\/img-2.png\" class=\"attachment-large size-large wp-image-65936\" alt=\"\" srcset=\"https:\/\/farmable.tech\/wp-content\/uploads\/2023\/01\/img-2.png 585w, https:\/\/farmable.tech\/wp-content\/uploads\/2023\/01\/img-2-300x267.png 300w\" sizes=\"(max-width: 585px) 100vw, 585px\" title=\"\">\t\t\t\t\t\t\t\t\t\t\t\t\t\t\t<\/div>\n\t\t\t\t<\/div>\n\t\t\t\t\t<\/div>\n\t\t<\/div>\n\t\t\t\t\t<\/div>\n\t\t<\/section>\n\t\t\t\t<section class=\"has_ae_slider elementor-section elementor-top-section elementor-element elementor-element-54bbc8a elementor-section-boxed elementor-section-height-default elementor-section-height-default ae-bg-gallery-type-default\" data-id=\"54bbc8a\" data-element_type=\"section\" data-e-type=\"section\">\n\t\t\t\t\t\t\t<div class=\"elementor-background-overlay\"><\/div>\n\t\t\t\t\t\t\t<div class=\"elementor-container elementor-column-gap-default\">\n\t\t\t\t\t<div class=\"has_ae_slider elementor-column elementor-col-50 elementor-top-column elementor-element elementor-element-3413710 ae-bg-gallery-type-default\" data-id=\"3413710\" data-element_type=\"column\" data-e-type=\"column\">\n\t\t\t<div class=\"elementor-widget-wrap elementor-element-populated\">\n\t\t\t\t\t\t<div class=\"elementor-element elementor-element-f6a7bf2 elementor-widget elementor-widget-image\" data-id=\"f6a7bf2\" data-element_type=\"widget\" data-e-type=\"widget\" data-settings=\"{&quot;ekit_we_effect_on&quot;:&quot;none&quot;}\" data-widget_type=\"image.default\">\n\t\t\t\t<div class=\"elementor-widget-container\">\n\t\t\t\t\t\t\t\t\t\t\t\t\t\t\t<img loading=\"lazy\" decoding=\"async\" width=\"584\" height=\"520\" src=\"https:\/\/farmable.tech\/wp-content\/uploads\/2023\/01\/img-3.png\" class=\"attachment-large size-large wp-image-65934\" alt=\"\" srcset=\"https:\/\/farmable.tech\/wp-content\/uploads\/2023\/01\/img-3.png 584w, https:\/\/farmable.tech\/wp-content\/uploads\/2023\/01\/img-3-300x267.png 300w\" sizes=\"(max-width: 584px) 100vw, 584px\" title=\"\">\t\t\t\t\t\t\t\t\t\t\t\t\t\t\t<\/div>\n\t\t\t\t<\/div>\n\t\t\t\t\t<\/div>\n\t\t<\/div>\n\t\t\t\t<div class=\"has_ae_slider elementor-column elementor-col-50 elementor-top-column elementor-element elementor-element-5cb6933 ae-bg-gallery-type-default\" data-id=\"5cb6933\" data-element_type=\"column\" data-e-type=\"column\" data-settings=\"{&quot;background_background&quot;:&quot;classic&quot;}\">\n\t\t\t<div class=\"elementor-widget-wrap elementor-element-populated\">\n\t\t\t\t\t<div class=\"elementor-background-overlay\"><\/div>\n\t\t\t\t\t\t<div class=\"elementor-element elementor-element-bb4a622 elementor-widget elementor-widget-heading\" data-id=\"bb4a622\" data-element_type=\"widget\" data-e-type=\"widget\" data-settings=\"{&quot;ekit_we_effect_on&quot;:&quot;none&quot;}\" data-widget_type=\"heading.default\">\n\t\t\t\t<div class=\"elementor-widget-container\">\n\t\t\t\t\t<h3 class=\"elementor-heading-title elementor-size-default\">La nostra missione<\/h3>\t\t\t\t<\/div>\n\t\t\t\t<\/div>\n\t\t\t\t<div class=\"elementor-element elementor-element-ccbf1a5 elementor-widget elementor-widget-text-editor\" data-id=\"ccbf1a5\" data-element_type=\"widget\" data-e-type=\"widget\" data-settings=\"{&quot;ekit_we_effect_on&quot;:&quot;none&quot;}\" data-widget_type=\"text-editor.default\">\n\t\t\t\t<div class=\"elementor-widget-container\">\n\t\t\t\t\t\t\t\t\t<p>La nostra missione \u00e8 reinventare il modo in cui gli agricoltori raccolgono, organizzano e utilizzano i loro dati, aiutandoli a migliorare la resa mentre si prendono cura dell&#8217;ambiente.<\/p><p>Farmable \u00e8 stata fondata su un&#8217;idea semplice &#8211; costruire uno strumento digitale facile da usare e conveniente. Rompendo con la norma del settore, colmo di soluzioni agricole complesse e costose progettate per i desktop, abbiamo creato l&#8217;app Farmable, facile da usare.<\/p>\t\t\t\t\t\t\t\t<\/div>\n\t\t\t\t<\/div>\n\t\t\t\t\t<\/div>\n\t\t<\/div>\n\t\t\t\t\t<\/div>\n\t\t<\/section>\n\t\t\t\t<section class=\"has_ae_slider elementor-section elementor-top-section elementor-element elementor-element-5ae6ccdb elementor-section-boxed elementor-section-height-default elementor-section-height-default ae-bg-gallery-type-default\" data-id=\"5ae6ccdb\" data-element_type=\"section\" data-e-type=\"section\" data-settings=\"{&quot;background_background&quot;:&quot;classic&quot;}\">\n\t\t\t\t\t\t<div class=\"elementor-container elementor-column-gap-default\">\n\t\t\t\t\t<div class=\"has_ae_slider elementor-column elementor-col-100 elementor-top-column elementor-element elementor-element-938a89e ae-bg-gallery-type-default\" data-id=\"938a89e\" data-element_type=\"column\" data-e-type=\"column\">\n\t\t\t<div class=\"elementor-widget-wrap elementor-element-populated\">\n\t\t\t\t\t\t<section class=\"has_ae_slider elementor-section elementor-inner-section elementor-element elementor-element-2616ba7 all-column-gap elementor-section-boxed elementor-section-height-default elementor-section-height-default ae-bg-gallery-type-default\" data-id=\"2616ba7\" data-element_type=\"section\" data-e-type=\"section\">\n\t\t\t\t\t\t<div class=\"elementor-container elementor-column-gap-default\">\n\t\t\t\t\t<div class=\"has_ae_slider elementor-column elementor-col-33 elementor-inner-column elementor-element elementor-element-d8ca26b ae-bg-gallery-type-default\" data-id=\"d8ca26b\" data-element_type=\"column\" data-e-type=\"column\" data-settings=\"{&quot;background_background&quot;:&quot;classic&quot;}\">\n\t\t\t<div class=\"elementor-widget-wrap elementor-element-populated\">\n\t\t\t\t\t\t<div class=\"elementor-element elementor-element-6983334 elementor-position-top elementor-widget elementor-widget-image-box\" data-id=\"6983334\" data-element_type=\"widget\" data-e-type=\"widget\" data-settings=\"{&quot;ekit_we_effect_on&quot;:&quot;none&quot;}\" data-widget_type=\"image-box.default\">\n\t\t\t\t<div class=\"elementor-widget-container\">\n\t\t\t\t\t<div class=\"elementor-image-box-wrapper\"><figure class=\"elementor-image-box-img\"><img loading=\"lazy\" decoding=\"async\" width=\"64\" height=\"64\" src=\"https:\/\/farmable.tech\/wp-content\/uploads\/2023\/01\/icon-1.png\" class=\"attachment-full size-full wp-image-65914\" alt=\"\" title=\"\" srcset=\"https:\/\/farmable.tech\/wp-content\/uploads\/2023\/01\/icon-1.png 64w, https:\/\/farmable.tech\/wp-content\/uploads\/2023\/01\/icon-1-50x50.png 50w\" sizes=\"(max-width: 64px) 100vw, 64px\" \/><\/figure><div class=\"elementor-image-box-content\"><h4 class=\"elementor-image-box-title\">Autenticit\u00e0<\/h4><p class=\"elementor-image-box-description\">Cerchiamo di essere aperti e chiari su tutto quello che riguarda Farmable. Questa filosofia permea tutta la nostra azienda e i nostri prodotti. Comprendiamo l'importanza dei tuoi dati e rispettiamo il tuo diritto alla privacy.\n<\/p><\/div><\/div>\t\t\t\t<\/div>\n\t\t\t\t<\/div>\n\t\t\t\t\t<\/div>\n\t\t<\/div>\n\t\t\t\t<div class=\"has_ae_slider elementor-column elementor-col-33 elementor-inner-column elementor-element elementor-element-93583cb ae-bg-gallery-type-default\" data-id=\"93583cb\" data-element_type=\"column\" data-e-type=\"column\" data-settings=\"{&quot;background_background&quot;:&quot;classic&quot;}\">\n\t\t\t<div class=\"elementor-widget-wrap elementor-element-populated\">\n\t\t\t\t\t\t<div class=\"elementor-element elementor-element-7f7647b elementor-position-top elementor-widget elementor-widget-image-box\" data-id=\"7f7647b\" data-element_type=\"widget\" data-e-type=\"widget\" data-settings=\"{&quot;ekit_we_effect_on&quot;:&quot;none&quot;}\" data-widget_type=\"image-box.default\">\n\t\t\t\t<div class=\"elementor-widget-container\">\n\t\t\t\t\t<div class=\"elementor-image-box-wrapper\"><figure class=\"elementor-image-box-img\"><img loading=\"lazy\" decoding=\"async\" width=\"64\" height=\"64\" src=\"https:\/\/farmable.tech\/wp-content\/uploads\/2023\/01\/icon-2.png\" class=\"attachment-full size-full wp-image-65918\" alt=\"\" title=\"\" srcset=\"https:\/\/farmable.tech\/wp-content\/uploads\/2023\/01\/icon-2.png 64w, https:\/\/farmable.tech\/wp-content\/uploads\/2023\/01\/icon-2-50x50.png 50w\" sizes=\"(max-width: 64px) 100vw, 64px\" \/><\/figure><div class=\"elementor-image-box-content\"><h4 class=\"elementor-image-box-title\">Significato<\/h4><p class=\"elementor-image-box-description\">C'\u00e8 solo un pianeta su cui tutti noi possiamo vivere e, sbloccando anche piccole efficienze, su scala globale, possiamo avere un grande impatto sulla produzione alimentare sostenibile.\n<\/p><\/div><\/div>\t\t\t\t<\/div>\n\t\t\t\t<\/div>\n\t\t\t\t\t<\/div>\n\t\t<\/div>\n\t\t\t\t<div class=\"has_ae_slider elementor-column elementor-col-33 elementor-inner-column elementor-element elementor-element-18245df ae-bg-gallery-type-default\" data-id=\"18245df\" data-element_type=\"column\" data-e-type=\"column\" data-settings=\"{&quot;background_background&quot;:&quot;classic&quot;}\">\n\t\t\t<div class=\"elementor-widget-wrap elementor-element-populated\">\n\t\t\t\t\t\t<div class=\"elementor-element elementor-element-13b1e22 elementor-position-top elementor-widget elementor-widget-image-box\" data-id=\"13b1e22\" data-element_type=\"widget\" data-e-type=\"widget\" data-settings=\"{&quot;ekit_we_effect_on&quot;:&quot;none&quot;}\" data-widget_type=\"image-box.default\">\n\t\t\t\t<div class=\"elementor-widget-container\">\n\t\t\t\t\t<div class=\"elementor-image-box-wrapper\"><figure class=\"elementor-image-box-img\"><img loading=\"lazy\" decoding=\"async\" width=\"64\" height=\"64\" src=\"https:\/\/farmable.tech\/wp-content\/uploads\/2023\/01\/icon-3.png\" class=\"attachment-full size-full wp-image-65916\" alt=\"\" title=\"\" srcset=\"https:\/\/farmable.tech\/wp-content\/uploads\/2023\/01\/icon-3.png 64w, https:\/\/farmable.tech\/wp-content\/uploads\/2023\/01\/icon-3-50x50.png 50w\" sizes=\"(max-width: 64px) 100vw, 64px\" \/><\/figure><div class=\"elementor-image-box-content\"><h4 class=\"elementor-image-box-title\">Team Power<\/h4><p class=\"elementor-image-box-description\">Rimaniamo impegnati a fornire soluzioni per le sfide agricole utilizzando le nostre conoscenze e competenze collettive.\n<\/p><\/div><\/div>\t\t\t\t<\/div>\n\t\t\t\t<\/div>\n\t\t\t\t\t<\/div>\n\t\t<\/div>\n\t\t\t\t\t<\/div>\n\t\t<\/section>\n\t\t\t\t\t<\/div>\n\t\t<\/div>\n\t\t\t\t\t<\/div>\n\t\t<\/section>\n\t\t\t\t<section class=\"has_ae_slider elementor-section elementor-top-section elementor-element elementor-element-505e8b9e elementor-section-boxed elementor-section-height-default elementor-section-height-default ae-bg-gallery-type-default\" data-id=\"505e8b9e\" data-element_type=\"section\" data-e-type=\"section\" data-settings=\"{&quot;background_background&quot;:&quot;gradient&quot;}\">\n\t\t\t\t\t\t\t<div class=\"elementor-background-overlay\"><\/div>\n\t\t\t\t\t\t\t<div class=\"elementor-container elementor-column-gap-default\">\n\t\t\t\t\t<div class=\"has_ae_slider elementor-column elementor-col-50 elementor-top-column elementor-element elementor-element-7762dc32 ae-bg-gallery-type-default\" data-id=\"7762dc32\" data-element_type=\"column\" data-e-type=\"column\">\n\t\t\t<div class=\"elementor-widget-wrap elementor-element-populated\">\n\t\t\t\t\t\t<div class=\"elementor-element elementor-element-44d8047 elementor-widget elementor-widget-image\" data-id=\"44d8047\" data-element_type=\"widget\" data-e-type=\"widget\" data-settings=\"{&quot;ekit_we_effect_on&quot;:&quot;none&quot;}\" data-widget_type=\"image.default\">\n\t\t\t\t<div class=\"elementor-widget-container\">\n\t\t\t\t\t\t\t\t\t\t\t\t\t\t\t<img loading=\"lazy\" decoding=\"async\" width=\"580\" height=\"377\" src=\"https:\/\/farmable.tech\/wp-content\/uploads\/2022\/12\/img-4.png\" class=\"attachment-large size-large wp-image-65822\" alt=\"\" srcset=\"https:\/\/farmable.tech\/wp-content\/uploads\/2022\/12\/img-4.png 580w, https:\/\/farmable.tech\/wp-content\/uploads\/2022\/12\/img-4-300x195.png 300w\" sizes=\"(max-width: 580px) 100vw, 580px\" title=\"\">\t\t\t\t\t\t\t\t\t\t\t\t\t\t\t<\/div>\n\t\t\t\t<\/div>\n\t\t\t\t\t<\/div>\n\t\t<\/div>\n\t\t\t\t<div class=\"has_ae_slider elementor-column elementor-col-50 elementor-top-column elementor-element elementor-element-2623a483 ae-bg-gallery-type-default\" data-id=\"2623a483\" data-element_type=\"column\" data-e-type=\"column\">\n\t\t\t<div class=\"elementor-widget-wrap elementor-element-populated\">\n\t\t\t\t\t\t<div class=\"elementor-element elementor-element-78993ea elementor-widget elementor-widget-text-editor\" data-id=\"78993ea\" data-element_type=\"widget\" data-e-type=\"widget\" data-settings=\"{&quot;ekit_we_effect_on&quot;:&quot;none&quot;}\" data-widget_type=\"text-editor.default\">\n\t\t\t\t<div class=\"elementor-widget-container\">\n\t\t\t\t\t\t\t\t\t<p>La nostra piattaforma digitale \u00e8 progettata per aiutare i coltivatori di frutta e alberi. Abbiamo creato un sistema di gestione dei dati facile da navigare mantenendo gli agricoltori al centro. Inoltre, l&#8217;app comprende cinque lingue, che riflettono la diversit\u00e0 dell&#8217;orticoltura globale.<\/p>\t\t\t\t\t\t\t\t<\/div>\n\t\t\t\t<\/div>\n\t\t\t\t\t<\/div>\n\t\t<\/div>\n\t\t\t\t\t<\/div>\n\t\t<\/section>\n\t\t\t\t<\/div>\n\t\t","protected":false},"excerpt":{"rendered":"<p>L&#8217;idea Home Il digitale \u00e8 diventato oggi pi\u00f9 importante che mai. Farmable \u00e8 una piattaforma di gestione dell&#8217;azienda agricola progettata dai coltivatori, per le esigenze uniche dei coltivatori di frutta e alberi. La nostra piattaforma funziona su dispositivi mobili, tablet e desktop grazie alla combinazione della nostra app e dei moduli aggiuntivi. La nostra visione [&hellip;]<\/p>\n","protected":false},"author":5,"featured_media":0,"parent":0,"menu_order":0,"comment_status":"closed","ping_status":"closed","template":"","meta":{"footnotes":""},"class_list":["post-67192","page","type-page","status-publish","hentry"],"_links":{"self":[{"href":"https:\/\/farmable.tech\/it\/wp-json\/wp\/v2\/pages\/67192","targetHints":{"allow":["GET"]}}],"collection":[{"href":"https:\/\/farmable.tech\/it\/wp-json\/wp\/v2\/pages"}],"about":[{"href":"https:\/\/farmable.tech\/it\/wp-json\/wp\/v2\/types\/page"}],"author":[{"embeddable":true,"href":"https:\/\/farmable.tech\/it\/wp-json\/wp\/v2\/users\/5"}],"replies":[{"embeddable":true,"href":"https:\/\/farmable.tech\/it\/wp-json\/wp\/v2\/comments?post=67192"}],"version-history":[{"count":8,"href":"https:\/\/farmable.tech\/it\/wp-json\/wp\/v2\/pages\/67192\/revisions"}],"predecessor-version":[{"id":69192,"href":"https:\/\/farmable.tech\/it\/wp-json\/wp\/v2\/pages\/67192\/revisions\/69192"}],"wp:attachment":[{"href":"https:\/\/farmable.tech\/it\/wp-json\/wp\/v2\/media?parent=67192"}],"curies":[{"name":"wp","href":"https:\/\/api.w.org\/{rel}","templated":true}]}}