{"id":85580,"date":"2022-12-20T11:57:30","date_gmt":"2022-12-20T11:57:30","guid":{"rendered":"https:\/\/farmable.tech\/termini-servizio\/"},"modified":"2026-01-21T09:37:04","modified_gmt":"2026-01-21T09:37:04","slug":"termini-servizio","status":"publish","type":"page","link":"https:\/\/farmable.tech\/it\/termini-servizio\/","title":{"rendered":"Termini di servizio"},"content":{"rendered":"\t\t<div data-elementor-type=\"wp-page\" data-elementor-id=\"85580\" class=\"elementor elementor-85580 elementor-46336\" data-elementor-post-type=\"page\">\n\t\t\t\t\t\t<section class=\"has_ae_slider elementor-section elementor-top-section elementor-element elementor-element-5d0b138 elementor-section-content-top elementor-section-boxed elementor-section-height-default elementor-section-height-default ae-bg-gallery-type-default\" data-id=\"5d0b138\" data-element_type=\"section\" data-e-type=\"section\">\n\t\t\t\t\t\t<div class=\"elementor-container elementor-column-gap-no\">\n\t\t\t\t\t<div class=\"has_ae_slider elementor-column elementor-col-100 elementor-top-column elementor-element elementor-element-1c7925a ae-bg-gallery-type-default\" data-id=\"1c7925a\" data-element_type=\"column\" data-e-type=\"column\">\n\t\t\t<div class=\"elementor-widget-wrap\">\n\t\t\t\t\t\t\t<\/div>\n\t\t<\/div>\n\t\t\t\t\t<\/div>\n\t\t<\/section>\n\t\t\t\t<section class=\"has_ae_slider elementor-section elementor-top-section elementor-element elementor-element-392bf37 elementor-section-content-top elementor-section-boxed elementor-section-height-default elementor-section-height-default ae-bg-gallery-type-default\" data-id=\"392bf37\" data-element_type=\"section\" data-e-type=\"section\">\n\t\t\t\t\t\t<div class=\"elementor-container elementor-column-gap-default\">\n\t\t\t\t\t<div class=\"has_ae_slider elementor-column elementor-col-100 elementor-top-column elementor-element elementor-element-198d3e2 ae-bg-gallery-type-default\" data-id=\"198d3e2\" data-element_type=\"column\" data-e-type=\"column\">\n\t\t\t<div class=\"elementor-widget-wrap elementor-element-populated\">\n\t\t\t\t\t\t<div class=\"elementor-element elementor-element-bcb1463 elementor-widget elementor-widget-heading\" data-id=\"bcb1463\" data-element_type=\"widget\" data-e-type=\"widget\" data-settings=\"{&quot;ekit_we_effect_on&quot;:&quot;none&quot;}\" data-widget_type=\"heading.default\">\n\t\t\t\t<div class=\"elementor-widget-container\">\n\t\t\t\t\t<h2 class=\"elementor-heading-title elementor-size-default\">Termini di servizio<\/h2>\t\t\t\t<\/div>\n\t\t\t\t<\/div>\n\t\t\t\t<div class=\"elementor-element elementor-element-9d11b64 elementor-widget elementor-widget-text-editor\" data-id=\"9d11b64\" data-element_type=\"widget\" data-e-type=\"widget\" data-settings=\"{&quot;ekit_we_effect_on&quot;:&quot;none&quot;}\" data-widget_type=\"text-editor.default\">\n\t\t\t\t<div class=\"elementor-widget-container\">\n\t\t\t\t\t\t\t\t\t<pre style=\"text-align: center;\"><em>Ultimo aggiornamento: 7 marzo 2025<\/em><\/pre>\t\t\t\t\t\t\t\t<\/div>\n\t\t\t\t<\/div>\n\t\t\t\t<div class=\"elementor-element elementor-element-3399e8a elementor-widget elementor-widget-html\" data-id=\"3399e8a\" data-element_type=\"widget\" data-e-type=\"widget\" data-settings=\"{&quot;ekit_we_effect_on&quot;:&quot;none&quot;}\" data-widget_type=\"html.default\">\n\t\t\t\t<div class=\"elementor-widget-container\">\n\t\t\t\t\t <p>I presenti Termini e condizioni (\"Termini\", \"Termini e condizioni\") regolano il rapporto dell'utente con il sito web farmable.tech e l'app per dispositivi mobili e desktop Farmable (il \"Servizio\"), gestiti da Farmable AS (\"noi\", \"ci\" o \"nostro\"). \r\nSi prega di leggere attentamente i presenti Termini e condizioni prima di utilizzare il nostro sito web e l'app per dispositivi mobili o desktop di Farmable (il \"Servizio\"). L'accesso e l'utilizzo del Servizio da parte dell'utente sono subordinati all'accettazione e al rispetto dei presenti Termini. \r\nI presenti Termini si applicano a ogni visitatore, utente e persona che accede o utilizza il Servizio. I Termini si applicano anche a qualsiasi app, hardware o altri servizi che l'utente acquista o a cui si abbona attraverso il Servizio. \r\nAccedendo o utilizzando il Servizio, l'utente accetta di essere vincolato dai presenti Termini, che costituiranno un accordo tra l'utente e Farmable. Se l'utente sottoscrive i presenti Termini per conto di un'altra persona, ad esempio il proprio datore di lavoro, conferma di avere l'autorit\u00e0 per sottoscrivere i Termini e l'accordo che essi costituiscono. Se non si \u00e8 d'accordo con una qualsiasi parte dei termini, non \u00e8 possibile accedere al Servizio.<\/p>\r\n\r\n    <h3>Account utente e ruoli<\/h3>\r\n\r\n    <h4>Account<\/h4>\r\n\r\n    <p>Quando si crea un account utente con noi, \u00e8 necessario fornirci sempre informazioni accurate, complete e aggiornate. In caso contrario, si configura una violazione dei Termini, che pu\u00f2 comportare la chiusura immediata dell'account utente sul nostro Servizio.<\/p>\r\n\r\n    <p>L'utente \u00e8 responsabile della salvaguardia della password che utilizza per accedere al Servizio e di qualsiasi attivit\u00e0 o azione eseguita con la sua password, sia che la password sia relativa al nostro Servizio o a un servizio di terze parti. L'utente si impegna a non divulgare la propria password a terzi. L'utente \u00e8 tenuto a comunicarci immediatamente qualsiasi violazione della sicurezza o uso non autorizzato del proprio account di cui venga a conoscenza.<\/p>\r\n\r\n    <h4>Ruoli<\/h4>\r\n\r\n    <p>Un account utente pu\u00f2 avere quattro tipi di ruolo nel Servizio. Ad eccezione della sezione <b>Amministratori<\/b>, che si applica solo al ruolo di Proprietario dell'azienda agricola, i presenti Termini si applicano a tutti i tipi di ruolo.\r\n    <\/p>\r\n\r\n    <div class=\"copy-list\">\r\n        <ol class=\"number-list\">\r\n            <li><strong>Proprietario dell'azienda agricola<\/strong>: tipicamente l'ideatore dell'azienda agricola; \u00e8 la persona che controlla i dati dell'azienda agricola. Questo ruolo ha diritti amministrativi per invitare o rimuovere account utente dall'azienda agricola e per cambiare il ruolo degli account invitati. Questo ruolo \u00e8 autorizzato ad aggiornare gli abbonamenti e ad acquistare prodotti e servizi aggiuntivi attraverso il Servizio.<\/li>\r\n\r\n            <li><strong>Responsabile dell'azienda agricola:<\/strong>  questo ruolo viene invitato a contribuire a un'azienda agricola esistente nel Servizio. Ha diritti amministrativi per invitare o rimuovere account utente dall'azienda agricola e per cambiare il ruolo degli account invitati. \u00c8 autorizzato ad aggiornare gli abbonamenti e ad acquistare prodotti e servizi aggiuntivi attraverso il Servizio.<\/li>\r\n\r\n            <li><strong>Consulente<\/strong>: questo ruolo viene invitato a contribuire a un'azienda agricola esistente nel Servizio. Non ha diritti amministrativi. <\/li>\r\n\r\n            <li><strong>Membro del team<\/strong>: questo ruolo viene invitato a contribuire a un'azienda agricola esistente nel Servizio. Non ha diritti amministrativi.<\/li>\r\n        <\/ol>\r\n    <\/div>\r\n\r\n    <p>Le funzionalit\u00e0 del Servizio accessibili a ciascun ruolo sono descritte in dettaglio <a href=\"https:\/\/intercom.help\/farmable\/it\/articles\/6227733\" target=\"_blank\" rel=\"noopener\"><span class=\"orange\">qui<\/span><\/a>.<\/p>\r\n\r\n    <h3>Trattamento dei dati<\/h3>\r\n\r\n    <p>Tutti i dati forniti nel Servizio rimarranno privati, a meno che l'utente non dia il consenso esplicito a condividerli.<\/p>\r\n\r\n    <h4>Dati personali<\/h4>\r\n\r\n    <p>Per \"dati personali\" si intende qualsiasi dato che possa essere collegato a una persona, come un nome, un indirizzo o un metodo di\r\n pagamento.<\/p>\r\n\r\n    <p>I dati personali dell'utente rimarranno sempre di sua propriet\u00e0.<\/p>\r\n\r\n    <p>Per fornire il Servizio, Farmable AS tratter\u00e0 i dati personali in conformit\u00e0 con la sua <a href=\"https:\/\/farmable.tech\/it\/informativa-privacy\/\" target=\"_blank\" rel=\"noopener\"><span class=\"orange\">Informativa sulla privacy<\/span><\/a> e in conformit\u00e0 con le normative UE e\r\n norvegesi sulla privacy, compreso il Regolamento generale sulla protezione dei dati (GDPR).<\/p>\r\n\r\n    <p>Quando l'account dell'utente non viene utilizzato attivamente, conserveremo i suoi dati personali per due anni. Siamo\r\n tenuti a cancellare i dati dell'utente dopo questo periodo di due anni.<\/p>\r\n\r\n    <p>Per maggiori informazioni sul trattamento dei dati personali, consultare l'Informativa sulla privacy di Farmable.<\/p>\r\n\r\n    <h4>Dati dell'azienda agricola <\/h4>\r\n\r\n    <p>I dati dell'azienda agricola sono dati relativi a ogni azienda agricola a cui si ha accesso, come la posizione geografica dei campi, le registrazioni dei lavori, le registrazioni dei raccolti o le note di campo. I dati dell'azienda agricola sono di propriet\u00e0 dell'azienda agricola e controllati dall'account utente impostato come Proprietario dell'azienda agricola per una specifica azienda agricola.<\/p>\r\n\r\n    <p>Qualsiasi dato apportato all'azienda agricola dai suoi account utente rimarr\u00e0 associato all'azienda agricola, anche se un account utente viene eliminato o modificato. Se l'utente accetta questi termini in qualit\u00e0 di dipendente, consulente o altra figura a cui \u00e8 stato concesso l'accesso a un'azienda agricola, i dati rimarranno di propriet\u00e0 dell'azienda agricola. Quanto sopra non include le librerie di prodotti e\/o cause associate a un account utente, che possono essere di propriet\u00e0 di una terza parte o di un altro account utente nel Servizio. In tal caso, le librerie di prodotti e\/o cause rimangono di propriet\u00e0 del proprietario.<\/p>\r\n\r\n    <p>Farmable non condivider\u00e0 i dati dell'azienda agricola con terze parti esterne senza il consenso esplicito dell'utente. Tuttavia, Farmable pu\u00f2 utilizzare i dati dell'azienda agricola forniti in forma anonima (ovvero, tutti gli identificatori dell'utente e\/o della sua azienda agricola\/propriet\u00e0 vengono rimossi) per scopi statistici, per tracciare l'utilizzo del Servizio e per sviluppare e mantenere il Servizio. Inoltre, Farmable pu\u00f2 rendere disponibili dati statistici anonimi per i partner di Farmable o per il pubblico generalista.<\/p>\r\n\r\n    <p>Alcune parti del Servizio possono essere fornite utilizzando l'intelligenza artificiale (IA), compreso l'input di immagini e testo (prompt). \u00c8 possibile leggere ulteriori informazioni sul servizio sul sito web di Farmable. Qualsiasi input verr\u00e0 eliminato entro 30 giorni. Inoltre, la soluzione non utilizza alcun input proveniente dai dati dell'azienda agricola dell'utente per addestrare i modelli. I dati dell'utente non saranno condivisi con terze parti per scopi diversi dalla fornitura dei servizi. I servizi sono forniti da xAI (termini: https:\/\/x.ai\/legal\/terms-of-service-enterprise), ma possono essere sostituiti da altri fornitori, nel qual caso l'utente sar\u00e0 avvisato. L'utente deve essere consapevole che l'output delle soluzioni di IA potrebbe non essere accurato e deve sempre controllare la qualit\u00e0 di qualsiasi risultato prima di farvi affidamento. \r\n<\/p>\r\n\r\n<p>Quando l'utente elimina il proprio account utente, o nel caso in cui il suo account utente non viene utilizzato attivamente, conserveremo i suoi dati per due anni. Siamo tenuti a cancellare i dati dell'utente dopo questo periodo di due anni. Tuttavia, se inviate prima della fine del periodo di inattivit\u00e0, gestiremo eventuali richieste di portabilit\u00e0 dei dati. \r\n<\/p>\r\n\r\n    <h3>Propriet\u00e0 intellettuale<\/h3>\r\n\r\n    <p>Il Servizio e i suoi contenuti, le sue caratteristiche e le sue funzionalit\u00e0 originali sono e rimarranno di propriet\u00e0 esclusiva di Farmable AS e dei suoi licenziatari. Il Servizio \u00e8 protetto da copyright, marchio di fabbrica e altre leggi della Norvegia e di paesi stranieri. I nostri marchi e la nostra immagine commerciale non possono essere utilizzati in relazione a qualsiasi prodotto o servizio senza il previo consenso scritto di Farmable AS.\r\n<\/p>\r\n\r\n    <h3>Uso del Servizio<\/h3>\r\n\r\n    <p>L'Utente si impegna a non rivendere, duplicare, riprodurre o sfruttare alcuna parte del Servizio o dei suoi contenuti senza l'espresso consenso scritto di Farmable. L'Utente non pu\u00f2 utilizzare il Servizio per archiviare o inviare e-mail dannose o non richieste (spam). Allo stesso modo, non \u00e8 possibile utilizzare il Servizio per trasmettere virus, worm o qualsiasi altro contenuto dannoso.\r\nL'Utente si impegna inoltre a non utilizzare il Servizio per scopi illegali o che violino qualsiasi legge applicabile.\r\n<\/p>\r\n\r\n    <p>L'Utente si impegna inoltre a non utilizzare il Servizio per scopi illegali o che violino qualsiasi legge applicabile.<\/p>\r\n\r\n    <h3>Link ad altri siti web<\/h3>\r\n\r\n    <p>Il nostro Servizio pu\u00f2 contenere collegamenti a siti web o servizi di terze parti che non sono di propriet\u00e0 o controllati da Farmable AS. Farmable AS non ha alcun controllo e non si assume alcuna responsabilit\u00e0 per il contenuto, le politiche sulla privacy o le pratiche di siti web o servizi di terze parti. L'utente riconosce e accetta inoltre che Farmable AS non sar\u00e0 responsabile, direttamente o indirettamente, per qualsiasi danno o perdita causati o che si presume siano stati causati da o in connessione con l'uso o l'affidamento su tali contenuti, beni o servizi disponibili su o attraverso tali siti web o servizi. Si consiglia vivamente di leggere i termini e le condizioni e le informative sulla privacy di qualsiasi sito web o servizio di terze parti che si visita.<\/p>\r\n\r\n    <h3>Chiusura<\/h3>\r\n\r\n    <p>Possiamo chiudere o sospendere l'account dell'utente immediatamente in caso di violazione materiale dei Termini.<\/p>\r\n\r\n    <p>Una delle seguenti situazioni sar\u00e0 considerata una violazione materiale: <\/p>\r\n\r\n    <div class=\"copy-list\">\r\n        <ul class=\"copy-bullets\">\r\n            <li>Qualsiasi mancato pagamento del Servizio<\/li>\r\n\r\n            <li>Qualsiasi violazione della propriet\u00e0 intellettuale del Servizio <\/li>\r\n\r\n            <li>Qualsiasi violazione della sicurezza del Servizio, come il tentativo di accedere al codice del Servizio, la scansione del Servizio, il test delle vulnerabilit\u00e0 del Servizio, l'hacking, la scansione delle porte, l'invio di e-mail dannose o non richieste (spam), la trasmissione di virus, worm o qualsiasi altro contenuto dannoso e cos\u00ec via<\/li>\r\n\r\n            <li>Qualsiasi non conformit\u00e0 alle leggi relative al Servizio<\/li>\r\n\r\n            <li>Bancarotta, liquidazione, sospensione dei pagamenti o sospetto di insolvenza<\/li>\r\n        <\/ul>\r\n    <\/div>\r\n\r\n    <p>Una volta chiuso l'account, l'utente perde immediatamente il diritto di utilizzo del Servizio. Se si desidera chiudere il proprio account utente, \u00e8 sufficiente interrompere l'utilizzo del Servizio.<\/p>\r\n\r\n    <h3>Limitazione di responsabilit\u00e0<\/h3>\r\n\r\n    <p>In nessun caso Farmable AS sar\u00e0 responsabile per danni indiretti, accidentali, speciali, consequenziali o da risarcimento, inclusi, senza limitazione, perdita di profitti, dati, uso, avviamento o altre perdite intangibili derivanti da: (i) l'accesso o l'utilizzo o l'impossibilit\u00e0 di accedere o utilizzare il Servizio da parte dell'utente; (ii) qualsiasi condotta o contenuto di terzi sul Servizio; (iii) qualsiasi contenuto ottenuto dal Servizio; e (iv) accesso, uso o alterazione non autorizzati delle trasmissioni o dei contenuti dell'utente, sia in base a garanzia, contratto, illecito (inclusa la negligenza) o qualsiasi altra teoria legale, indipendentemente dal fatto che siamo stati informati o meno della possibilit\u00e0 di tale danno, e anche se un rimedio qui stabilito si rivela aver fallito il suo scopo essenziale.\r\nIn ogni caso, la responsabilit\u00e0 totale di Farmable AS \u00e8 limitata al pagamento effettuato dall'utente per i 12 mesi precedenti l'evento che ha causato qualsiasi reclamo. \r\n<\/p>\r\n\r\n    <h3>Dichiarazione di non responsabilit\u00e0<\/h3>\r\n\r\n    <p>L'utilizzo del Servizio \u00e8 a esclusivo rischio dell'utente. Il Servizio \u00e8 fornito \"COS\u00cc COM'\u00c8\" e \"COME DISPONIBILE\". Il Servizio \u00e8 fornito senza garanzie di alcun tipo, esplicite o implicite, incluse, ma non limitate a, garanzie implicite di commerciabilit\u00e0, idoneit\u00e0 per uno scopo particolare, non violazione o corso di prestazione.\r\n<\/p>\r\n\r\n    <p>Nel Servizio possono essere fornite informazioni non prodotte da Farmable, come elenchi\/informazioni su prodotti chimici (ad esempio, librerie di pesticidi\/fertilizzanti). Farmable \u00e8 responsabile solo del Servizio e delle funzionalit\u00e0 qui stabilite e non \u00e8, in nessun caso, responsabile per qualsiasi informazione fornita nel Servizio. Si consiglia di consultare le informazioni del produttore di prodotti chimici, le fonti pubbliche e cos\u00ec via prima di fare affidamento su qualsiasi informazione fornita nei Servizi. \r\n<\/p>\r\n\r\n<p>Farmable AS, le sue controllate, affiliate e i suoi licenziatari non garantiscono che: a) il Servizio funzioner\u00e0 ininterrottamente, in modo sicuro o sar\u00e0 disponibile in qualsiasi momento o luogo particolare; b) eventuali errori o difetti verranno corretti; c) il Servizio sia privo di virus o altri componenti dannosi; o d) i risultati dell'utilizzo del Servizio soddisferanno i requisiti dell'utente.\r\n<\/p>\r\n\r\n    <h3>Forza maggiore<\/h3>\r\n\r\n    <p>Farmable AS \u00e8 esente da sanzioni per il mancato adempimento di un'obbligazione ai sensi dei Termini e dell'accordo stipulato come parte dei Termini se l'inadempimento si basa su una circostanza al di fuori del controllo di Farmable AS e tale circostanza impedisce o ostacola in modo significativo la corretta esecuzione dei Termini da parte di Farmable AS (\"Evento di forza maggiore\"). Sono considerati Eventi di forza maggiore fulmini, interruzione o scarsit\u00e0 di fornitura di energia, controversie lavorative, incendi, modifiche legislative o disposizioni normative, interventi governativi, restrizioni valutarie, scarsit\u00e0 di mezzi di trasporto o scarsit\u00e0 generale di merci, atti di guerra o terrorismo o circostanze simili ed errori o ritardi nella consegna o nei servizi da parte di un subappaltatore a causa della circostanza specificata. Se il mancato adempimento di Farmable AS \u00e8 dovuto a un Evento di forza maggiore descritto in precedenza e sostanzialmente impedito per un periodo superiore a 90 giorni, Farmable AS o l'utente hanno il diritto di annullare l'abbonamento senza penali.<\/p>\r\n\r\n    <h3>Legge applicabile<\/h3>\r\n\r\n    <p>I presenti Termini saranno regolati e interpretati esclusivamente in conformit\u00e0 con le leggi della Norvegia, con Oslo come foro legale\r\n competente.<\/p>\r\n\r\n    <h3>Modifiche<\/h3>\r\n\r\n    <p>Ci riserviamo il diritto, a nostra esclusiva discrezione, di modificare o sostituire i presenti Termini in qualsiasi momento. In caso di revisione sostanziale, cercheremo di fornire un preavviso di almeno 30 giorni prima che i nuovi termini entrino in vigore. Ci\u00f2 che costituisce una modifica sostanziale sar\u00e0 determinato a nostra esclusiva discrezione.<\/p>\r\n\r\n    <p>Se continua ad accedere o a utilizzare il nostro Servizio dopo che tali revisioni sono entrate in vigore, l'utente accetta di essere vincolato dai termini modificati. Se non accetta i nuovi termini, l'utente \u00e8 pregato di interrompere l'utilizzo del Servizio.\r\n<\/p>\r\n\r\n    <h3>Amministratori (Proprietario dell'azienda agricola o Responsabile dell'azienda agricola)<\/h3>\r\n\r\n    <p>I seguenti termini si riferiscono solo agli account che hanno il ruolo di Proprietario dell'azienda agricola o di Responsabile dell'azienda agricola.<\/p>\r\n\r\n    <h4>Abbonamenti<\/h4>\r\n\r\n\r\n    <p>Alcune parti del Servizio sono fatturate in base a un abbonamento (\"Abbonamento\"). La fatturazione avverr\u00e0 in anticipo su base ricorrente e periodica (\"Ciclo di fatturazione\"). I Cicli di fatturazione sono impostati su base mensile o annuale, a seconda del servizio acquistato. Alla fine di ogni Ciclo di fatturazione, l'Abbonamento si rinnover\u00e0 automaticamente alle stesse identiche condizioni, a meno che non venga annullato dall'utente o da Farmable AS. \u00c8 possibile annullare il rinnovo dell'Abbonamento tramite la pagina di gestione dell'account online o contattando il team di assistenza clienti di Farmable AS. Non sar\u00e0 previsto alcun rimborso del pagamento in caso di annullamento o risoluzione dei presenti termini, indipendentemente dal motivo. \r\nPer elaborare il pagamento dell'Abbonamento \u00e8 necessario un metodo di pagamento valido, inclusa la carta di credito. L'utente dovr\u00e0 fornire a Farmable AS informazioni di fatturazione accurate e complete, tra cui nome e cognome, indirizzo e-mail, numero di telefono e informazioni valide sul metodo di pagamento. Inviando tali informazioni di pagamento, l'utente autorizza automaticamente Farmable AS ad addebitare tutti i costi di Abbonamento previsti attraverso il proprio account su tali metodi di pagamento. Qualora la fatturazione automatica non andasse a buon fine per qualsiasi motivo, Farmable AS emetter\u00e0 una fattura elettronica indicando che l'utente deve procedere manualmente, entro una certa data di scadenza, al pagamento completo corrispondente al periodo di fatturazione come indicato sulla fattura.\r\n<\/p>\r\n\r\n    <h4>Prova gratuita<\/h4>\r\n\r\n    <p>Farmable AS pu\u00f2, a sua esclusiva discrezione, offrire un Abbonamento con prova gratuita per un periodo di tempo limitato (\"Prova gratuita\"). Potrebbe essere richiesto di inserire i dati di fatturazione per iscriversi alla Prova gratuita. Se si inseriscono i dati di fatturazione al momento dell'iscrizione alla Prova gratuita, Farmable AS non addebiter\u00e0 alcun costo fino alla scadenza della Prova gratuita. L'ultimo giorno del periodo di Prova gratuita, a meno che non si annulli l'Abbonamento, verranno addebitate automaticamente le tariffe di abbonamento applicabili per il tipo di Abbonamento selezionato. In qualsiasi momento e senza preavviso, Farmable AS si riserva il diritto di: (i) modificare i termini e le condizioni dell'offerta di Prova gratuita; o (ii) annullare tale offerta di Prova gratuita.\r\n<\/p>\r\n\r\n    <h4>Modifiche ai costi<\/h4>\r\n\r\n    <p>Farmable AS, a sua esclusiva discrezione e in qualsiasi momento, pu\u00f2 modificare il costo degli Abbonamenti. Qualsiasi modifica del costo di Abbonamento diventer\u00e0 effettiva alla fine del ciclo di fatturazione in corso in quel momento. Farmable AS fornir\u00e0 un ragionevole preavviso di qualsiasi modifica del costo di Abbonamento per dare all'utente l'opportunit\u00e0 di annullare il proprio Abbonamento prima che tale modifica diventi effettiva. Se continua a usare il Servizio dopo l'entrata in vigore della modifica del costo di Abbonamento, l'utente conferma di aver accettato di pagare l'importo della tariffa di Abbonamento modificata.\r\n<\/p>\r\n\r\n    <h3>Contatti<\/h3>\r\n\r\n    <p>In caso di domande sui presenti Termini di servizio, si prega di contattarci via e-mail: <a href=\"mailto:he***@******le.tech\" data-original-string=\"rvOhPTPEdQJVCPm7nVlQxg==a656S2goARPtQ0LEv+MjKrARfBxwcDESB6mwEtltUd7fFY=\" title=\"This contact has been encoded by Anti-Spam by CleanTalk. Click to decode. To finish the decoding make sure that JavaScript is enabled in your browser.\" target=\"_blank\" rel=\"noopener\"><span class=\"orange\"><span \n                data-original-string='Soghc3hkM2ZdN1okm7Rj5A==a65tBElfatOZuZuVFisn9aGDjGaKImfXpwl0OWQfuiOKDk='\n                class='apbct-email-encoder'\n                title='This contact has been encoded by Anti-Spam by CleanTalk. Click to decode. To finish the decoding make sure that JavaScript is enabled in your browser.'>he<span class=\"apbct-blur\">***<\/span>@<span class=\"apbct-blur\">******<\/span>le.tech<\/span><\/span><\/a><\/p>\r\n            \r\n            \r\n\t\t\t\t<\/div>\n\t\t\t\t<\/div>\n\t\t\t\t\t<\/div>\n\t\t<\/div>\n\t\t\t\t\t<\/div>\n\t\t<\/section>\n\t\t<div class=\"has_ae_slider elementor-element elementor-element-b252d89 e-flex e-con-boxed ae-bg-gallery-type-default e-con e-parent\" data-id=\"b252d89\" data-element_type=\"container\" data-e-type=\"container\">\n\t\t\t\t\t<div class=\"e-con-inner\">\n\t\t\t\t<div class=\"elementor-element elementor-element-0839984 elementor-widget elementor-widget-spacer\" data-id=\"0839984\" data-element_type=\"widget\" data-e-type=\"widget\" data-settings=\"{&quot;ekit_we_effect_on&quot;:&quot;none&quot;}\" data-widget_type=\"spacer.default\">\n\t\t\t\t<div class=\"elementor-widget-container\">\n\t\t\t\t\t\t\t<div class=\"elementor-spacer\">\n\t\t\t<div class=\"elementor-spacer-inner\"><\/div>\n\t\t<\/div>\n\t\t\t\t\t\t<\/div>\n\t\t\t\t<\/div>\n\t\t\t\t\t<\/div>\n\t\t\t\t<\/div>\n\t\t\t\t<\/div>\n\t\t","protected":false},"excerpt":{"rendered":"<p>Termini di servizio Ultimo aggiornamento: 7 marzo 2025 I presenti Termini e condizioni (&#8220;Termini&#8221;, &#8220;Termini e condizioni&#8221;) regolano il rapporto dell&#8217;utente con il sito web farmable.tech e l&#8217;app per dispositivi mobili e desktop Farmable (il &#8220;Servizio&#8221;), gestiti da Farmable AS (&#8220;noi&#8221;, &#8220;ci&#8221; o &#8220;nostro&#8221;). Si prega di leggere attentamente i presenti Termini e condizioni prima [&hellip;]<\/p>\n","protected":false},"author":5,"featured_media":0,"parent":0,"menu_order":0,"comment_status":"closed","ping_status":"closed","template":"","meta":{"footnotes":""},"class_list":["post-85580","page","type-page","status-publish","hentry"],"_links":{"self":[{"href":"https:\/\/farmable.tech\/it\/wp-json\/wp\/v2\/pages\/85580","targetHints":{"allow":["GET"]}}],"collection":[{"href":"https:\/\/farmable.tech\/it\/wp-json\/wp\/v2\/pages"}],"about":[{"href":"https:\/\/farmable.tech\/it\/wp-json\/wp\/v2\/types\/page"}],"author":[{"embeddable":true,"href":"https:\/\/farmable.tech\/it\/wp-json\/wp\/v2\/users\/5"}],"replies":[{"embeddable":true,"href":"https:\/\/farmable.tech\/it\/wp-json\/wp\/v2\/comments?post=85580"}],"version-history":[{"count":2,"href":"https:\/\/farmable.tech\/it\/wp-json\/wp\/v2\/pages\/85580\/revisions"}],"predecessor-version":[{"id":85604,"href":"https:\/\/farmable.tech\/it\/wp-json\/wp\/v2\/pages\/85580\/revisions\/85604"}],"wp:attachment":[{"href":"https:\/\/farmable.tech\/it\/wp-json\/wp\/v2\/media?parent=85580"}],"curies":[{"name":"wp","href":"https:\/\/api.w.org\/{rel}","templated":true}]}}