{"id":85617,"date":"2022-12-20T11:57:30","date_gmt":"2022-12-20T11:57:30","guid":{"rendered":"https:\/\/farmable.tech\/terminos-del-servicio\/"},"modified":"2026-01-27T17:58:47","modified_gmt":"2026-01-27T17:58:47","slug":"terminos-del-servicio","status":"publish","type":"page","link":"https:\/\/farmable.tech\/mx\/terminos-del-servicio\/","title":{"rendered":"T\u00e9rminos del servicio"},"content":{"rendered":"\t\t<div data-elementor-type=\"wp-page\" data-elementor-id=\"85617\" class=\"elementor elementor-85617 elementor-46336\" data-elementor-post-type=\"page\">\n\t\t\t\t\t\t<section class=\"has_ae_slider elementor-section elementor-top-section elementor-element elementor-element-5d0b138 elementor-section-content-top elementor-section-boxed elementor-section-height-default elementor-section-height-default ae-bg-gallery-type-default\" data-id=\"5d0b138\" data-element_type=\"section\" data-e-type=\"section\">\n\t\t\t\t\t\t<div class=\"elementor-container elementor-column-gap-no\">\n\t\t\t\t\t<div class=\"has_ae_slider elementor-column elementor-col-100 elementor-top-column elementor-element elementor-element-1c7925a ae-bg-gallery-type-default\" data-id=\"1c7925a\" data-element_type=\"column\" data-e-type=\"column\">\n\t\t\t<div class=\"elementor-widget-wrap\">\n\t\t\t\t\t\t\t<\/div>\n\t\t<\/div>\n\t\t\t\t\t<\/div>\n\t\t<\/section>\n\t\t\t\t<section class=\"has_ae_slider elementor-section elementor-top-section elementor-element elementor-element-392bf37 elementor-section-content-top elementor-section-boxed elementor-section-height-default elementor-section-height-default ae-bg-gallery-type-default\" data-id=\"392bf37\" data-element_type=\"section\" data-e-type=\"section\">\n\t\t\t\t\t\t<div class=\"elementor-container elementor-column-gap-default\">\n\t\t\t\t\t<div class=\"has_ae_slider elementor-column elementor-col-100 elementor-top-column elementor-element elementor-element-198d3e2 ae-bg-gallery-type-default\" data-id=\"198d3e2\" data-element_type=\"column\" data-e-type=\"column\">\n\t\t\t<div class=\"elementor-widget-wrap elementor-element-populated\">\n\t\t\t\t\t\t<div class=\"elementor-element elementor-element-bcb1463 elementor-widget elementor-widget-heading\" data-id=\"bcb1463\" data-element_type=\"widget\" data-e-type=\"widget\" data-settings=\"{&quot;ekit_we_effect_on&quot;:&quot;none&quot;}\" data-widget_type=\"heading.default\">\n\t\t\t\t<div class=\"elementor-widget-container\">\n\t\t\t\t\t<h2 class=\"elementor-heading-title elementor-size-default\">T\u00e9rminos del servicio<\/h2>\t\t\t\t<\/div>\n\t\t\t\t<\/div>\n\t\t\t\t<div class=\"elementor-element elementor-element-9d11b64 elementor-widget elementor-widget-text-editor\" data-id=\"9d11b64\" data-element_type=\"widget\" data-e-type=\"widget\" data-settings=\"{&quot;ekit_we_effect_on&quot;:&quot;none&quot;}\" data-widget_type=\"text-editor.default\">\n\t\t\t\t<div class=\"elementor-widget-container\">\n\t\t\t\t\t\t\t\t\t<pre style=\"text-align: center;\"><em>\u00daltima actualizaci\u00f3n: 7 de marzo de 2025<\/em><\/pre>\t\t\t\t\t\t\t\t<\/div>\n\t\t\t\t<\/div>\n\t\t\t\t<div class=\"elementor-element elementor-element-3399e8a elementor-widget elementor-widget-html\" data-id=\"3399e8a\" data-element_type=\"widget\" data-e-type=\"widget\" data-settings=\"{&quot;ekit_we_effect_on&quot;:&quot;none&quot;}\" data-widget_type=\"html.default\">\n\t\t\t\t<div class=\"elementor-widget-container\">\n\t\t\t\t\t <p>Estos T\u00e9rminos y condiciones (\"T\u00e9rminos\", \"T\u00e9rminos y condiciones\") rigen su relaci\u00f3n con el sitio web farmable.tech y la aplicaci\u00f3n m\u00f3vil y de escritorio de Farmable (el \"Servicio\") operado por Farmable AS (\"nosotros\" o \"nuestro\"). \r\nLea atentamente estos T\u00e9rminos y condiciones antes de utilizar nuestro sitio web y la aplicaci\u00f3n m\u00f3vil o de escritorio de Farmable (el \"Servicio\"). Su acceso y uso del Servicio est\u00e1 condicionado a su aceptaci\u00f3n y cumplimiento de estos T\u00e9rminos. \r\nEstos T\u00e9rminos se aplican a todos los visitantes, usuarios y otras personas que accedan o utilicen el Servicio. Los T\u00e9rminos tambi\u00e9n se aplican a cualquier aplicaci\u00f3n, hardware u otros servicios que compre o a los que se suscriba a trav\u00e9s del Servicio. \r\nAl acceder o utilizar el Servicio, usted acepta quedar vinculado por estos T\u00e9rminos, y estos T\u00e9rminos formar\u00e1n un acuerdo entre usted y Farmable. Si acepta estos T\u00e9rminos en nombre de otra persona, como su empleador, usted se compromete a tener la autoridad para aceptar los T\u00e9rminos y el acuerdo que los T\u00e9rminos constituyen. Si no est\u00e1 de acuerdo con alguna parte de los t\u00e9rminos, no podr\u00e1 acceder al Servicio.<\/p>\r\n\r\n    <h3>Cuentas de usuario &amp; roles<\/h3>\r\n\r\n    <h4>Cuentas<\/h4>\r\n\r\n    <p>Al crear una cuenta de usuario con nosotros, debe proporcionarnos informaci\u00f3n que sea precisa, completa y actual en todo momento. El incumplimiento de esto constituye un incumplimiento de los T\u00e9rminos, lo que puede resultar en la terminaci\u00f3n inmediata de su cuenta en nuestro Servicio.<\/p>\r\n\r\n    <p>Usted es responsable de salvaguardar la contrase\u00f1a que utiliza para acceder al Servicio y de cualquier actividad o acci\u00f3n que se realice con su contrase\u00f1a, ya sea con nuestro Servicio o con un servicio de terceros. Usted se compromete a no revelar su contrase\u00f1a a terceros. Debe notificarnos inmediatamente al tomar conocimiento de cualquier violaci\u00f3n de seguridad o uso no autorizado de su cuenta.<\/p>\r\n\r\n    <h4>Roles<\/h4>\r\n\r\n    <p>Hay 4 tipos diferentes de roles que una cuenta de usuario puede tener en el Servicio. Estos T\u00e9rminos se aplican a todo tipo de rol, con la excepci\u00f3n de la secci\u00f3n <b>Administradores<\/b>, que contiene T\u00e9rminos que solo se aplican al rol de Propietario de la finca.\r\n    <\/p>\r\n\r\n    <div class=\"copy-list\">\r\n        <ol class=\"number-list\">\r\n            <li><strong>Propietario de la finca<\/strong>: normalmente es el creador de la finca y el controlador de los datos de la finca. Este rol tiene derechos administrativos para invitar o eliminar cuentas de usuario de la explotaci\u00f3n y para cambiar el rol de esas cuentas invitadas a la finca. Este rol est\u00e1 autorizado para actualizar suscripciones y comprar productos y servicios adicionales a trav\u00e9s del Servicio.<\/li>\r\n\r\n            <li><strong>Gerente de la explotaci\u00f3n<\/strong> este rol es invitado a contribuir a una finca existente en el Servicio. Tiene derechos administrativos para invitar o eliminar cuentas de usuario de la finca y para cambiar el rol de esas cuentas invitadas a la finca. Este rol est\u00e1 autorizado para actualizar suscripciones y comprar productos y servicios adicionales a trav\u00e9s del Servicio.<\/li>\r\n\r\n            <li><strong>Asesor<\/strong>: este rol es invitado a contribuir a una finca existente en el Servicio. No tiene derechos administrativos. <\/li>\r\n\r\n            <li><strong>Equipo<\/strong>: este rol es invitado a contribuir a una finca existente en el Servicio. No tiene derechos administrativos.<\/li>\r\n        <\/ol>\r\n    <\/div>\r\n\r\n    <p>Las caracter\u00edsticas del Servicio a las que puede acceder cada uno de los diferentes roles se describen en detalle <a href=\"https:\/\/intercom.help\/farmable\/es\/articles\/6227733\" target=\"_blank\" rel=\"noopener\"><span class=\"orange\">aqu\u00ed<\/span><\/a>.<\/p>\r\n\r\n    <h3>Tratamiento de datos<\/h3>\r\n\r\n    <p>Todos los datos que proporcione en el Servicio permanecer\u00e1n privados a menos que d\u00e9 su consentimiento expl\u00edcito para compartirlos.<\/p>\r\n\r\n    <h4>Datos personales<\/h4>\r\n\r\n    <p>Se consideran datos personales todos los datos que pueden vincularse a una persona, como el nombre, la direcci\u00f3n o el m\u00e9todo\r\n de pago.<\/p>\r\n\r\n    <p>Sus datos personales siempre seguir\u00e1n siendo de su propiedad.<\/p>\r\n\r\n    <p>Para poder proporcionar el Servicio, Farmable AS tratar\u00e1 los datos personales de acuerdo con su <a href=\"https:\/\/farmable.tech\/mx\/politica-de-privacidad\/\" target=\"_blank\" rel=\"noopener\"><span class=\"orange\">Pol\u00edtica de privacidad<\/span><\/a> y de acuerdo con la normativa de la UE y\r\n la normativa de privacidad de Noruega, incluido el Reglamento General de Protecci\u00f3n de Datos (\"RGPD\").<\/p>\r\n\r\n    <p>Cuando su cuenta no se utiliza activamente, almacenaremos sus datos personales durante un per\u00edodo de dos a\u00f1os. Estamos\r\n obligados a eliminar sus datos despu\u00e9s de este per\u00edodo.<\/p>\r\n\r\n    <p>Consulte m\u00e1s informaci\u00f3n sobre el tratamiento de datos personales en la Pol\u00edtica de privacidad de Farmable.<\/p>\r\n\r\n    <h4>Datos de la finca <\/h4>\r\n\r\n    <p>Los datos de la finca son datos relacionados con la o las fincas a las que tiene acceso, como la ubicaci\u00f3n geogr\u00e1fica de los campos, los registros de trabajos, los registros de cosecha o las notas de campo. Los datos de la finca son propiedad de la finca y est\u00e1n controlados por la cuenta de usuario que est\u00e1 establecida con el rol de Propietario de la finca para una finca espec\u00edfica.<\/p>\r\n\r\n    <p>Cualquier dato aportado a la finca por sus cuentas de usuario permanecer\u00e1 asociado a la finca, incluso si se elimina o modifica una cuenta de usuario. Si usted acepta estos t\u00e9rminos como empleado, consultor, etc., a quien se le ha concedido acceso a una finca, los datos seguir\u00e1n siendo propiedad de la finca. Lo anterior no incluye las bibliotecas de productos y\/o causas, asociadas a una cuenta de usuario, que pueden ser propiedad de un tercero u otra cuenta de usuario en el Servicio. En tal caso, las bibliotecas de productos y\/o causas siguen siendo propiedad del propietario.<\/p>\r\n\r\n    <p>Farmable no compartir\u00e1 los datos de la finca con ning\u00fan tercero externo sin su consentimiento expl\u00edcito. Sin embargo, Farmable puede utilizar los datos de la finca proporcionados de forma an\u00f3nima (es decir, se eliminan todos los identificadores suyos y\/o de su finca\/propiedad) con fines estad\u00edsticos para hacer un seguimiento del uso del Servicio y para desarrollar y mantener el Servicio. Adem\u00e1s, Farmable puede poner datos estad\u00edsticos an\u00f3nimos a disposici\u00f3n de los socios de Farmable o del p\u00fablico en general.<\/p>\r\n\r\n    <p>Algunas partes del Servicio pueden proporcionarse mediante el uso de Inteligencia Artificial (IA), incluyendo la introducci\u00f3n de im\u00e1genes y otros textos (indicaciones). Puede leer m\u00e1s sobre el servicio en el sitio web de Farmable. Cualquier entrada se eliminar\u00e1 en un plazo de 30 d\u00edas, y la soluci\u00f3n no utiliza ninguna entrada de los datos de su finca para entrenar modelos. Sus datos no se compartir\u00e1n con terceros para ning\u00fan otro prop\u00f3sito que no sea la prestaci\u00f3n de servicios. Los servicios son proporcionados por xAI (ver t\u00e9rminos: https:\/\/x.ai\/legal\/terms-of-service-enterprise) pero pueden ser reemplazados por otros proveedores, en cuyo caso se le notificar\u00e1. Debe tener en cuenta que los resultados de las soluciones de IA pueden no ser precisos, y que siempre debe comprobar la calidad de cualquier resultado antes de depender de ellos. \r\n<\/p>\r\n\r\n<p>Cuando elimine su cuenta de usuario, o si su cuenta de usuario no se utiliza activamente, almacenaremos sus datos durante un per\u00edodo de dos a\u00f1os. Estamos obligados a eliminar sus datos despu\u00e9s de este per\u00edodo. Sin embargo, si se solicita antes de que finalice el per\u00edodo de inactividad, admitiremos solicitudes de portabilidad de datos. \r\n<\/p>\r\n\r\n    <h3>Propiedad intelectual<\/h3>\r\n\r\n    <p>El Servicio y su contenido original, caracter\u00edsticas y funcionalidad son y seguir\u00e1n siendo propiedad exclusiva de Farmable AS y sus licenciantes. El Servicio est\u00e1 protegido por derechos de autor, marcas comerciales y otras leyes de Noruega y de pa\u00edses extranjeros. Nuestras marcas comerciales e imagen comercial no pueden ser utilizadas en conexi\u00f3n con ning\u00fan producto o servicio sin el consentimiento previo por escrito de Farmable AS.\r\n<\/p>\r\n\r\n    <h3>Uso del Servicio<\/h3>\r\n\r\n    <p>El Usuario se compromete a no revender, duplicar, reproducir o explotar ninguna parte del Servicio o de los Contenidos sin el consentimiento expreso y por escrito de Farmable. El Usuario no puede utilizar el Servicio para almacenar o enviar correos electr\u00f3nicos maliciosos o no solicitados (spam). Tampoco puede utilizar el Servicio para transmitir ning\u00fan virus, gusano o cualquier otro contenido malicioso.\r\nEl Usuario se compromete adem\u00e1s a no utilizar el Servicio para ning\u00fan fin ilegal ni a infringir ninguna ley aplicable.\r\n<\/p>\r\n\r\n    <p>El Usuario se compromete adem\u00e1s a no utilizar el Servicio para ning\u00fan fin ilegal ni a infringir ninguna ley aplicable.<\/p>\r\n\r\n    <h3>Enlaces a otros sitios web<\/h3>\r\n\r\n    <p>Nuestro Servicio puede contener enlaces a sitios web o servicios de terceros que no son propiedad ni est\u00e1n controlados por Farmable AS. Farmable AS no tiene control ni asume responsabilidad alguna por el contenido, las pol\u00edticas de privacidad o las pr\u00e1cticas de los sitios web o servicios de terceros. Adem\u00e1s, usted reconoce y acepta que Farmable AS no ser\u00e1 responsable, directa o indirectamente, por ning\u00fan da\u00f1o o p\u00e9rdida causado o que se alegue haber sido causado por el uso de o la confianza en dicho contenido, bienes o servicios disponibles en o a trav\u00e9s de dichos sitios web o servicios. Le recomendamos encarecidamente que lea los t\u00e9rminos y condiciones y las pol\u00edticas de privacidad de cualquier sitio web o servicio de terceros que visite.<\/p>\r\n\r\n    <h3>Terminaci\u00f3n<\/h3>\r\n\r\n    <p>Podemos terminar o suspender su cuenta inmediatamente en caso de incumplimiento material de los T\u00e9rminos.<\/p>\r\n\r\n    <p>Se considerar\u00e1 incumplimiento material cualquiera de los siguientes supuestos: <\/p>\r\n\r\n    <div class=\"copy-list\">\r\n        <ul class=\"copy-bullets\">\r\n            <li>Cualquier impago del Servicio<\/li>\r\n\r\n            <li>Cualquier violaci\u00f3n de la propiedad intelectual del Servicio <\/li>\r\n\r\n            <li>Cualquier violaci\u00f3n de la seguridad del Servicio, como intentar acceder al c\u00f3digo del Servicio, escanear el Servicio, probar las vulnerabilidades del Servicio, pirater\u00eda, escaneo de puertos, env\u00edo de correos electr\u00f3nicos maliciosos o no solicitados (spam), transmisi\u00f3n de cualquier virus, gusano o cualquier otro contenido malicioso. etc.<\/li>\r\n\r\n            <li>Cualquier incumplimiento de las leyes relacionadas con el Servicio.<\/li>\r\n\r\n            <li>Quiebra, liquidaci\u00f3n, suspensi\u00f3n de pagos o sospecha de insolvencia.<\/li>\r\n        <\/ul>\r\n    <\/div>\r\n\r\n    <p>Tras la terminaci\u00f3n, su derecho a utilizar el Servicio cesar\u00e1 inmediatamente. Si desea cancelar su cuenta de usuario, puede simplemente dejar de utilizar el Servicio.<\/p>\r\n\r\n    <h3>Limitaci\u00f3n de responsabilidad<\/h3>\r\n\r\n    <p>En ning\u00fan caso Farmable AS ser\u00e1 responsable de ning\u00fan da\u00f1o indirecto, incidental, especial, consecuente o punitivo, incluyendo, sin limitaci\u00f3n, la p\u00e9rdida de beneficios, datos, uso, fondo de comercio u otras p\u00e9rdidas intangibles, resultantes de (i) su acceso o uso o la imposibilidad de acceder o usar el Servicio; (ii) cualquier conducta o contenido de terceros en el Servicio; (iii) cualquier contenido obtenido del Servicio; y (iv) el acceso, uso o alteraci\u00f3n no autorizados de sus transmisiones o contenido, ya sea basado en garant\u00eda, contrato, agravio (incluida la negligencia) o cualquier otra teor\u00eda legal, hayamos sido informados o no de la posibilidad de tal da\u00f1o, e incluso si se determina que un remedio aqu\u00ed establecido ha fallado en su prop\u00f3sito esencial.\r\nEn cualquier circunstancia, la responsabilidad total de Farmable AS se limita al pago realizado por usted durante los \u00faltimos 12 meses anteriores al incidente causante de cualquier reclamaci\u00f3n. \r\n<\/p>\r\n\r\n    <h3>Descargo de responsabilidad<\/h3>\r\n\r\n    <p>El uso que usted haga del Servicio es por su cuenta y riesgo. El Servicio se proporciona \"TAL CUAL\" y \"SEG\u00daN DISPONIBILIDAD\". El Servicio se proporciona sin garant\u00edas de ning\u00fan tipo, ya sean expresas o impl\u00edcitas, incluidas, entre otras, las garant\u00edas impl\u00edcitas de comerciabilidad, idoneidad para un fin determinado, no infracci\u00f3n o curso de ejecuci\u00f3n.\r\n<\/p>\r\n\r\n    <p>En el Servicio se puede proporcionar informaci\u00f3n que no es producida por Farmable, como listas\/informaci\u00f3n sobre productos qu\u00edmicos (p. ej., bibliotecas de pesticidas\/fertilizantes). Farmable solo es responsable del Servicio y de la funcionalidad del mismo y no es, bajo ninguna circunstancia, responsable de la informaci\u00f3n proporcionada en el Servicio. Debe consultar la informaci\u00f3n del productor de productos qu\u00edmicos, fuentes p\u00fablicas, etc., antes de confiar en cualquier informaci\u00f3n proporcionada en los Servicios. \r\n<\/p>\r\n\r\n<p>Farmable AS, sus subsidiarias, filiales y sus licenciantes no garantizan que a) el Servicio funcionar\u00e1 de forma ininterrumpida, segura o disponible en cualquier momento o lugar concreto; b) cualquier error o defecto ser\u00e1 corregido; c) el Servicio est\u00e1 libre de virus u otros componentes da\u00f1inos; o d) los resultados del uso del Servicio cumplir\u00e1n con sus requisitos.\r\n<\/p>\r\n\r\n    <h3>Fuerza mayor<\/h3>\r\n\r\n    <p>Farmable AS est\u00e1 exenta de sanci\u00f3n por el incumplimiento de una obligaci\u00f3n en virtud de los T\u00e9rminos y del acuerdo celebrado como parte de los T\u00e9rminos si el incumplimiento se basa en una circunstancia fuera del control de Farmable AS y la circunstancia impide o dificulta significativamente el correcto cumplimiento de los T\u00e9rminos por parte de Farmable AS (\u201cCaso de fuerza mayor\u201d). Se considerar\u00e1 un caso de fuerza mayor los rayos, la interrupci\u00f3n o la escasez del suministro el\u00e9ctrico, los conflictos laborales, los incendios, la modificaci\u00f3n de leyes o disposiciones normativas, la intervenci\u00f3n gubernamental, las restricciones monetarias, la escasez de medios de transporte o la escasez general de bienes, los actos de guerra o terrorismo o circunstancias similares, y los errores o retrasos en la entrega o los servicios por parte de un subcontratista debido a las circunstancias especificadas. Si el incumplimiento de Farmable AS debido a un caso de fuerza mayor, como se describe anteriormente, se impide sustancialmente por un per\u00edodo superior a 90 d\u00edas, Farmable AS o usted tienen derecho, sin penalizaci\u00f3n, a cancelar la suscripci\u00f3n.<\/p>\r\n\r\n    <h3>Ley aplicable<\/h3>\r\n\r\n    <p>Estos T\u00e9rminos se regir\u00e1n e interpretar\u00e1n exclusivamente de acuerdo con las leyes de Noruega, con Oslo como jurisdicci\u00f3n legal\r\n competente.<\/p>\r\n\r\n    <h3>Cambios<\/h3>\r\n\r\n    <p>Nos reservamos el derecho, a nuestra entera discreci\u00f3n, de modificar o reemplazar estos T\u00e9rminos en cualquier momento. Si una revisi\u00f3n es material, intentaremos notificarlo con al menos 30 d\u00edas de antelaci\u00f3n antes de que los nuevos t\u00e9rminos entren en vigor. Lo que constituye un cambio material se determinar\u00e1 a nuestra entera discreci\u00f3n.<\/p>\r\n\r\n    <p>Al continuar accediendo o utilizando nuestro Servicio despu\u00e9s de que esas revisiones entren en vigor, usted acepta quedar vinculado por los t\u00e9rminos revisados. Si no est\u00e1 de acuerdo con los nuevos t\u00e9rminos, por favor, deje de utilizar el Servicio.\r\n<\/p>\r\n\r\n    <h3>Administradores (Rol de Propietario de la finca o Responsable de la finca)<\/h3>\r\n\r\n    <p>Los siguientes t\u00e9rminos se refieren \u00fanicamente a las cuentas que tienen el rol de Propietario de la finca o Responsable de la finca.<\/p>\r\n\r\n    <h4>Suscripciones<\/h4>\r\n\r\n\r\n    <p>Algunas partes del Servicio se facturan por suscripci\u00f3n (\"Suscripci\u00f3n(es)\"). Se le facturar\u00e1 por adelantado de forma recurrente y peri\u00f3dica (\"Ciclo de facturaci\u00f3n\"). Los ciclos de facturaci\u00f3n se establecen de forma mensual o anual, dependiendo del servicio adquirido. Al final de cada ciclo de facturaci\u00f3n, su suscripci\u00f3n se renovar\u00e1 autom\u00e1ticamente en las mismas condiciones, a menos que usted la cancele o que Farmable AS la cancele. Puede cancelar la renovaci\u00f3n de su suscripci\u00f3n a trav\u00e9s de la p\u00e1gina de gesti\u00f3n de su cuenta en l\u00ednea o poni\u00e9ndose en contacto con el equipo de atenci\u00f3n al cliente de Farmable AS. No se reembolsar\u00e1 el pago en caso de cancelaci\u00f3n o rescisi\u00f3n de estas condiciones, independientemente del motivo. \r\nSe requiere un m\u00e9todo de pago v\u00e1lido, incluida la tarjeta de cr\u00e9dito, para procesar el pago de su suscripci\u00f3n. Deber\u00e1 proporcionar a Farmable AS informaci\u00f3n de facturaci\u00f3n precisa y completa que incluya el nombre completo, la direcci\u00f3n de correo electr\u00f3nico, el n\u00famero de tel\u00e9fono y la informaci\u00f3n de un m\u00e9todo de pago v\u00e1lido. Al enviar dicha informaci\u00f3n de pago, usted autoriza autom\u00e1ticamente a Farmable AS a cobrar todas las cuotas de Suscripci\u00f3n incurridas a trav\u00e9s de su cuenta a cualquiera de dichos instrumentos de pago. Si la facturaci\u00f3n autom\u00e1tica no se produce por cualquier motivo, Farmable AS emitir\u00e1 una factura electr\u00f3nica indicando que debe proceder manualmente, dentro de una fecha l\u00edmite determinada, con el pago completo correspondiente al per\u00edodo de facturaci\u00f3n indicado en la factura.\r\n<\/p>\r\n\r\n    <h4>Prueba gratuita<\/h4>\r\n\r\n    <p>Farmable AS puede, a su entera discreci\u00f3n, ofrecer una Suscripci\u00f3n con una prueba gratuita por un per\u00edodo de tiempo limitado (\"Prueba gratuita\"). Es posible que se le pida que introduzca sus datos de facturaci\u00f3n para registrarse en la Prueba gratuita. Si introduce sus datos de facturaci\u00f3n al registrarse en la Prueba gratuita, Farmable AS no le cobrar\u00e1 hasta que la Prueba gratuita haya expirado. El \u00faltimo d\u00eda del per\u00edodo de Prueba gratuita, a menos que haya cancelado su Suscripci\u00f3n, se le cobrar\u00e1n autom\u00e1ticamente las cuotas de Suscripci\u00f3n aplicables para el tipo de Suscripci\u00f3n que haya seleccionado. En cualquier momento y sin previo aviso, Farmable AS se reserva el derecho de (i) modificar los t\u00e9rminos y condiciones de la oferta de Prueba gratuita, o (ii) cancelar la oferta de Prueba gratuita.\r\n<\/p>\r\n\r\n    <h4>Cambios de tarifa<\/h4>\r\n\r\n    <p>Farmable AS, a su entera discreci\u00f3n y en cualquier momento, puede modificar las tarifas de Suscripci\u00f3n para las Suscripciones. Cualquier cambio en la cuota de Suscripci\u00f3n entrar\u00e1 en vigor al final del Ciclo de facturaci\u00f3n vigente en ese momento. Farmable AS le proporcionar\u00e1 un aviso previo razonable de cualquier cambio en las tarifas de la Suscripci\u00f3n para darle la oportunidad de cancelar su Suscripci\u00f3n antes de que dicho cambio entre en vigor. El uso continuo del Servicio despu\u00e9s de que entre en vigor el cambio en la tarifa de Suscripci\u00f3n constituye su aceptaci\u00f3n para pagar el monto modificado de la tarifa de Suscripci\u00f3n.\r\n<\/p>\r\n\r\n    <h3>Cont\u00e1ctenos<\/h3>\r\n\r\n    <p>Si tiene alguna pregunta sobre esta Pol\u00edtica de privacidad, p\u00f3ngase en contacto con nosotros por correo electr\u00f3nico: <a href=\"mailto:he***@******le.tech\" data-original-string=\"sFw1VGe1fdS6EuTRscYlaA==a65f2Nksl0ly0+EljZQT+XtzAw8Sb6sXOQoTvM202KIWuI=\" title=\"This contact has been encoded by Anti-Spam by CleanTalk. Click to decode. To finish the decoding make sure that JavaScript is enabled in your browser.\" target=\"_blank\" rel=\"noopener\"><span class=\"orange\"><span \n                data-original-string='k1MCj67Vkj3lPIgd3rF6YQ==a65TCAxYNwW6qOZVIQJWUErvAemNS7NBPo8f6Zm2P08E2s='\n                class='apbct-email-encoder'\n                title='This contact has been encoded by Anti-Spam by CleanTalk. Click to decode. To finish the decoding make sure that JavaScript is enabled in your browser.'>he<span class=\"apbct-blur\">***<\/span>@<span class=\"apbct-blur\">******<\/span>le.tech<\/span><\/span><\/a><\/p>\r\n            \r\n            \r\n\t\t\t\t<\/div>\n\t\t\t\t<\/div>\n\t\t\t\t\t<\/div>\n\t\t<\/div>\n\t\t\t\t\t<\/div>\n\t\t<\/section>\n\t\t<div class=\"has_ae_slider elementor-element elementor-element-b252d89 e-flex e-con-boxed ae-bg-gallery-type-default e-con e-parent\" data-id=\"b252d89\" data-element_type=\"container\" data-e-type=\"container\">\n\t\t\t\t\t<div class=\"e-con-inner\">\n\t\t\t\t<div class=\"elementor-element elementor-element-0839984 elementor-widget elementor-widget-spacer\" data-id=\"0839984\" data-element_type=\"widget\" data-e-type=\"widget\" data-settings=\"{&quot;ekit_we_effect_on&quot;:&quot;none&quot;}\" data-widget_type=\"spacer.default\">\n\t\t\t\t<div class=\"elementor-widget-container\">\n\t\t\t\t\t\t\t<div class=\"elementor-spacer\">\n\t\t\t<div class=\"elementor-spacer-inner\"><\/div>\n\t\t<\/div>\n\t\t\t\t\t\t<\/div>\n\t\t\t\t<\/div>\n\t\t\t\t\t<\/div>\n\t\t\t\t<\/div>\n\t\t\t\t<\/div>\n\t\t","protected":false},"excerpt":{"rendered":"<p>T\u00e9rminos del servicio \u00daltima actualizaci\u00f3n: 7 de marzo de 2025 Estos T\u00e9rminos y condiciones (&#8220;T\u00e9rminos&#8221;, &#8220;T\u00e9rminos y condiciones&#8221;) rigen su relaci\u00f3n con el sitio web farmable.tech y la aplicaci\u00f3n m\u00f3vil y de escritorio de Farmable (el &#8220;Servicio&#8221;) operado por Farmable AS (&#8220;nosotros&#8221; o &#8220;nuestro&#8221;). Lea atentamente estos T\u00e9rminos y condiciones antes de utilizar nuestro sitio [&hellip;]<\/p>\n","protected":false},"author":5,"featured_media":0,"parent":0,"menu_order":0,"comment_status":"closed","ping_status":"closed","template":"","meta":{"footnotes":""},"class_list":["post-85617","page","type-page","status-publish","hentry"],"_links":{"self":[{"href":"https:\/\/farmable.tech\/mx\/wp-json\/wp\/v2\/pages\/85617","targetHints":{"allow":["GET"]}}],"collection":[{"href":"https:\/\/farmable.tech\/mx\/wp-json\/wp\/v2\/pages"}],"about":[{"href":"https:\/\/farmable.tech\/mx\/wp-json\/wp\/v2\/types\/page"}],"author":[{"embeddable":true,"href":"https:\/\/farmable.tech\/mx\/wp-json\/wp\/v2\/users\/5"}],"replies":[{"embeddable":true,"href":"https:\/\/farmable.tech\/mx\/wp-json\/wp\/v2\/comments?post=85617"}],"version-history":[{"count":3,"href":"https:\/\/farmable.tech\/mx\/wp-json\/wp\/v2\/pages\/85617\/revisions"}],"predecessor-version":[{"id":85644,"href":"https:\/\/farmable.tech\/mx\/wp-json\/wp\/v2\/pages\/85617\/revisions\/85644"}],"wp:attachment":[{"href":"https:\/\/farmable.tech\/mx\/wp-json\/wp\/v2\/media?parent=85617"}],"curies":[{"name":"wp","href":"https:\/\/api.w.org\/{rel}","templated":true}]}}